{"id":14600,"date":"2024-07-17T17:57:05","date_gmt":"2024-07-17T15:57:05","guid":{"rendered":"https:\/\/www.magnolioworld.com\/green-ch\/?post_type=product&#038;p=14600"},"modified":"2025-10-15T18:36:44","modified_gmt":"2025-10-15T16:36:44","slug":"doterra-abode-hand-wash-concentrate","status":"publish","type":"product","link":"https:\/\/www.magnolioworld.com\/green-ch\/doterra-abode-hand-wash-concentrate\/","title":{"rendered":"doTERRA Abode Hand Wash Concentrate"},"content":{"rendered":"<p><strong>doTERRA Abode Hand Wash Concentrate<\/strong> &#8211; Sanfter und luxuri\u00f6ser Handschaum angereichert mit der duftig blumigen Mischung Citrus Bloom<\/p>\n<p>Der firische Handwaschschaum ist eine sanfte, gesunde Alternative zu scharfen Seifenprodukten, die dazu neigen k\u00f6nnen, sensible Haut auszutrocknen und zu reizen. Dieser Handwasch-Schaum ist mit der fruchtig blumigen und exotischen Mischung Citrus Bloom angereichert. Sie macht deinen Alltag bei jeder Handw\u00e4sche zu einem luxuri\u00f6sen Erlebnis.<\/p>\n<p>Die im <strong>doTERRA Abode Hand Wash Concentrate <\/strong>enthaltenen \u00e4therischen \u00d6le, Tenside und Fruchtextrakte umh\u00fcllen mit dem luxuri\u00f6s-leichten Schaum die H\u00e4nde sanft und entfernen Schmutz und \u00fcbersch\u00fcssiges Fett, um ein gesundes und gepflegtes Hautbild zu erhalten.<\/p>\n<p>Das sehr ergiebige Konzentrat ist in einem praktischen, recycelbaren Beh\u00e4lter verpackt. Das beste Ergebnis erzielst du mit einem der speziell hoch aufsch\u00e4umenden doTERRA-Seifenspender. <\/p>\n<p>G\u00f6nne dir diese fruchtige und luxuri\u00f6se Reinigung deiner H\u00e4nde, ob zuhause oder in Praxis, Studio oder B\u00fcro.<\/p>\n<p><strong>Empfehlung<\/strong><br \/>\nEmpfohlene Verd\u00fcnnung: 1 Teil Konzentrat auf 3 Teile gereinigtes Wasser. Die beste Leistung wird bei Verwendung des passenden doTERRA Handseifenspenders erzielt. <br \/>\nStelle den Spender \u00fcberall dort griffbereit, wo du ihn ben\u00f6tigst. Ob in K\u00fcche, Bad, Praxis oder B\u00fcro hast du \u00fcberall frische und saubere H\u00e4nde.<br \/>\nAnwendung: 1-2 Pumpst\u00f6sse aus dem Seifenspender auf die H\u00e4nde geben. Diese mit warmem Wasser gut aufsch\u00e4umen und anschliessend gr\u00fcndlich absp\u00fclen.<\/p>\n<p><strong>Sichere Anwendung<br \/>\n<\/strong>Nur zur \u00e4usseren Anwendung. Kontakt mit den Augen und verletzter Haut vermeiden. Vor Sonneneinstrahlung sch\u00fctzen. K\u00fchl und trocken lagern.<\/p>\n","protected":false},"excerpt":{"rendered":"<h2 style=\"font-size: 28px;\">Das luxuri\u00f6se fruchtige Handseifenkonzentrat mit Citrus Bloom<\/h2>\n<p>doTERRA Abode Hand Wash Concentrate &#8211; Dieser Handwasch-Schaum ist mit der fruchtig blumigen und exotischen Mischung Citrus Bloom angereichert. Sie macht deinen Alltag bei jeder Handw\u00e4sche zu einem luxuri\u00f6sen Erlebnis und ist besonders ergiebig, Ideal f\u00fcr luxuri\u00f6se und kraftvolle Reinigung der H\u00e4nde, ob zuhause oder in Praxis, Studio oder B\u00fcro.<\/p>\n","protected":false},"featured_media":14727,"template":"","meta":{"_et_pb_use_builder":"","_et_pb_old_content":"","_et_gb_content_width":""},"product_cat":[15,53,1952],"product_tag":[606],"_links":{"self":[{"href":"https:\/\/www.magnolioworld.com\/green-ch\/wp-json\/wp\/v2\/product\/14600"}],"collection":[{"href":"https:\/\/www.magnolioworld.com\/green-ch\/wp-json\/wp\/v2\/product"}],"about":[{"href":"https:\/\/www.magnolioworld.com\/green-ch\/wp-json\/wp\/v2\/types\/product"}],"wp:featuredmedia":[{"embeddable":true,"href":"https:\/\/www.magnolioworld.com\/green-ch\/wp-json\/wp\/v2\/media\/14727"}],"wp:attachment":[{"href":"https:\/\/www.magnolioworld.com\/green-ch\/wp-json\/wp\/v2\/media?parent=14600"}],"wp:term":[{"taxonomy":"product_cat","embeddable":true,"href":"https:\/\/www.magnolioworld.com\/green-ch\/wp-json\/wp\/v2\/product_cat?post=14600"},{"taxonomy":"product_tag","embeddable":true,"href":"https:\/\/www.magnolioworld.com\/green-ch\/wp-json\/wp\/v2\/product_tag?post=14600"}],"curies":[{"name":"wp","href":"https:\/\/api.w.org\/{rel}","templated":true}]}}