{"id":14063,"date":"2024-05-08T16:21:47","date_gmt":"2024-05-08T14:21:47","guid":{"rendered":"https:\/\/www.magnolioworld.com\/green-ch\/?post_type=product&#038;p=14063"},"modified":"2024-11-06T19:24:11","modified_gmt":"2024-11-06T18:24:11","slug":"doterra-supermint-toothpaste","status":"publish","type":"product","link":"https:\/\/www.magnolioworld.com\/green-ch\/doterra-supermint-toothpaste\/","title":{"rendered":"doTERRA Supermint Toothpaste"},"content":{"rendered":"<p><strong>doTERRA Supermint Toothpaste<\/strong> &#8211; Strahlend weisse und gesunde Pflege der Z\u00e4hne mit der reinen Kraft der Natur.<\/p>\n<p>Die Zahnpasta ist eine nat\u00fcrliche und fluoridfreie Creme mit der du deine Z\u00e4hne reinigen, Plaque reduzieren und deine Z\u00e4hne mit sanften Poliermitteln aufhellen kannst. Ausserdem enth\u00e4lt sie innovative nat\u00fcrliche Substanzen zur Reminieralisierung der Z\u00e4hne und damit optimalem Schutz.<\/p>\n<p>Die doTERRA Supermint Toothpaste enth\u00e4lt neben der erfrischenden doTERRA Supermint.Mischung weitere wertvolle nat\u00fcrliche Inhaltsstoffe:<\/p>\n<ul>\n<li>Die Supermint-Mischung ist besondere kr\u00e4ftige Mischung aus den besten doTERRA-Minze\u00f6len, Peppermint, Japanese Mint, Bergamot-Mint und Spearmint. Sie sorgt f\u00fcr ein unnachahmliches Frischegef\u00fchl. Geniesse diesen einzigartigen Geschmack, der deinen Atem und deine Zahnb\u00fcrste den ganzen Tag \u00fcber frisch und sauber h\u00e4lt.<\/li>\n<li>Ausserdem enth\u00e4lt sie mit Hydroxylapatit, einer nat\u00fcrlichen Verbindung, die zur Remineralisierung des Zahnschmelzes beitragen kann und so das Gef\u00fchl von st\u00e4rkeren Z\u00e4hnen f\u00f6rdert.<\/li>\n<li>Hydratisierte Kiesels\u00e4ure und Calciiumcarbonat polieren die Z\u00e4hne auf sanfte Art und verbessern den Glanz.<\/li>\n<li>Xylit f\u00f6rdert die Sauberkeit von Z\u00e4hnen und Zahnfleisch.<\/li>\n<li>Nat\u00fcrlich ist die Zahnpasta vegan, ohne k\u00fcnstliche Farbstoffe oder Aromen und ohne Fluorid.<\/li>\n<\/ul>\n<p>F\u00fcr einen erfrischenden Atem zwischendurch sind die doTERRA Supermint Beadlets ideal.<\/p>\n<p><strong>Empfehlung<\/strong><br \/>\nNutze die Supermint Zahnpasta f\u00fcr optimal gepflegte Z\u00e4hne in deiner Zahnputzroutine morgens und abends oder nach Empfehlungen des Zahnarztes<br \/>\nAnwendung: Eine erbsengro\u00dfe Menge Zahnpasta auf die angefeuchtete Zahnb\u00fcrste auftragen. Sanft, aber gr\u00fcndlich b\u00fcrsten, am besten morgens und abends sowie nach jeder Mahlzeit. Oder anwenden wie von deinem Zahnarzt empfohlen. <\/p>\n<p><strong>Sichere Verwendung<br \/>\n<\/strong>Nur wie angegeben verwenden. Au\u00dferhalb der Reichweite von Kindern aufbewahren. Bei Kindern unter 2 Jahren zahn\u00e4rztlichen Rat einholen.<\/p>\n","protected":false},"excerpt":{"rendered":"<h2 style=\"font-size: 28px;\">Erfrischende Zahnpasta &#8211; NEU<\/h2>\n<p>doTERRA Supermint Toothpaste &#8211; Die Zahnpasta ist eine nat\u00fcrliche und fluoridfreie Creme mit der du deine Z\u00e4hne reinigen, Plaque reduzieren und deine Z\u00e4hne mit sanften Poliermitteln aufhellen kannst. Ausserdem enth\u00e4lt sie innovative nat\u00fcrliche Substanzen zur Reminieralisierung der Z\u00e4hne und damit optimalem Schutz. Die darin enthaltene doTERRA Supermint-Mischung schenkt nachhaltige Frische.<\/p>\n","protected":false},"featured_media":14070,"template":"","meta":{"_et_pb_use_builder":"","_et_pb_old_content":"","_et_gb_content_width":""},"product_cat":[15,1925,53,1952],"product_tag":[632,633],"_links":{"self":[{"href":"https:\/\/www.magnolioworld.com\/green-ch\/wp-json\/wp\/v2\/product\/14063"}],"collection":[{"href":"https:\/\/www.magnolioworld.com\/green-ch\/wp-json\/wp\/v2\/product"}],"about":[{"href":"https:\/\/www.magnolioworld.com\/green-ch\/wp-json\/wp\/v2\/types\/product"}],"wp:featuredmedia":[{"embeddable":true,"href":"https:\/\/www.magnolioworld.com\/green-ch\/wp-json\/wp\/v2\/media\/14070"}],"wp:attachment":[{"href":"https:\/\/www.magnolioworld.com\/green-ch\/wp-json\/wp\/v2\/media?parent=14063"}],"wp:term":[{"taxonomy":"product_cat","embeddable":true,"href":"https:\/\/www.magnolioworld.com\/green-ch\/wp-json\/wp\/v2\/product_cat?post=14063"},{"taxonomy":"product_tag","embeddable":true,"href":"https:\/\/www.magnolioworld.com\/green-ch\/wp-json\/wp\/v2\/product_tag?post=14063"}],"curies":[{"name":"wp","href":"https:\/\/api.w.org\/{rel}","templated":true}]}}