{"id":1392,"date":"2020-05-18T17:47:31","date_gmt":"2020-05-18T15:47:31","guid":{"rendered":"https:\/\/www.magnolio.shop\/?post_type=product&#038;p=1392"},"modified":"2025-05-06T11:02:12","modified_gmt":"2025-05-06T09:02:12","slug":"doterra-athletes-kit","status":"publish","type":"product","link":"https:\/\/www.magnolioworld.com\/green-ch\/doterra-athletes-kit\/","title":{"rendered":"doTERRA Athletes Kit"},"content":{"rendered":"<p>Das <strong>doTERRA Athletes Kit<\/strong>\u00a0 &#8211; Das Must Have f\u00fcr Sportler<\/p>\n<p>DIeses Kit wurde speziell f\u00fcr Sportler entwickelt und eignet sich perfekt zur Unterst\u00fctzung eines gesunden Lebensstils, vom Freizeitsportler bis in den Leistungssport.<\/p>\n<p>Das Kit enth\u00e4lt wichtige Produkte f\u00fcr Menschen mit einem sportlichen Lebensstil: <\/p>\n<p>5 ml Atemwegsmischung doTERRA Air<br \/>\n5 ml Sch\u00fctzende Mischung doTERRA On Guard<br \/>\n5 ml beruhigendes Lavendel\u00f6l<br \/>\n5 ml reinigendes und kl\u00e4rendesTeebaum\u00f6l (Melaleuca) <br \/>\n5 ml erfrischendes Pfefferminz\u00f6l (Peppermint) sowie eine<br \/>\n120 ml-Tube lindernde Mischung doTERRA Deep Blue Rub in einem kompakten, wiederverwendbaren Reissverschlussbeutel.<\/p>\n<p>Mit der lindernden Mischung doTERRA Deep Blue Rub kannst du deine Muskulatur auf den Sport vorbereiten, w\u00e4hrend der Bewegung unterst\u00fctzen und m\u00fcde Knochen und Gelenke wieder fit bekommen. Gegen M\u00fcdigkeit, bei mangelnder Motivation oder zu viel Hitze hilft die erfrischende Pfefferminze. Bei kleinen Hautblessuren und zur Entspannung nach dem Sport ist Lavendel ideal. Teebaum reinigt und kl\u00e4rt. Die sch\u00fctzende Mischung doTERRA On Guard unterst\u00fctzt ein starkes Immunsystem. Mit der Atemwegsmischung doTERRA Air kannst du jederzeit befreit durchatmen.<\/p>\n<div class=\"flex flex-grow flex-col gap-3 max-w-full\">\n<div class=\"min-h-[20px] flex flex-col items-start gap-3 whitespace-pre-wrap break-words overflow-x-auto\">\n<div class=\"markdown prose w-full break-words dark:prose-invert dark\">\n<p>So hast du mit dem <strong>doTERRA Athletes Kit<\/strong> alles, um sportliche Aktivit\u00e4t in Leichtigkeit, optimaler Beweglichkeit und Motivation zu erleben.<\/p>\n<p><strong>Empfehlung<\/strong><br \/>\nBeachte die Empfehlungen bei den einzelnen Produkten.<\/p>\n<p><strong>Sichere Anwendung<br \/>\n<\/strong>Beachte die Hinweise bei den einzelnen Produkten.<\/p>\n<\/div>\n<\/div>\n<\/div>\n","protected":false},"excerpt":{"rendered":"<h2 style=\"font-size: 28px;\">Athleten Paket &#8211; das Must Have f\u00fcr Sportler<\/h2>\n<p>Das doTERRA Athletes Kit wurde speziell f\u00fcr Sportler entwickelt und eignet sich perfekt zur Unterst\u00fctzung eines gesunden Lebensstils, vom Freizeitsportler bis in den Leistungssport. F\u00fcr Bewegung in Motivation und Leichtigkeit und Freude.<\/p>\n","protected":false},"featured_media":10060,"template":"","meta":{"_et_pb_use_builder":"","_et_pb_old_content":"","_et_gb_content_width":""},"product_cat":[15,1921,36,39,54,1942,1952,1961,1962,1963,1964],"product_tag":[],"_links":{"self":[{"href":"https:\/\/www.magnolioworld.com\/green-ch\/wp-json\/wp\/v2\/product\/1392"}],"collection":[{"href":"https:\/\/www.magnolioworld.com\/green-ch\/wp-json\/wp\/v2\/product"}],"about":[{"href":"https:\/\/www.magnolioworld.com\/green-ch\/wp-json\/wp\/v2\/types\/product"}],"wp:featuredmedia":[{"embeddable":true,"href":"https:\/\/www.magnolioworld.com\/green-ch\/wp-json\/wp\/v2\/media\/10060"}],"wp:attachment":[{"href":"https:\/\/www.magnolioworld.com\/green-ch\/wp-json\/wp\/v2\/media?parent=1392"}],"wp:term":[{"taxonomy":"product_cat","embeddable":true,"href":"https:\/\/www.magnolioworld.com\/green-ch\/wp-json\/wp\/v2\/product_cat?post=1392"},{"taxonomy":"product_tag","embeddable":true,"href":"https:\/\/www.magnolioworld.com\/green-ch\/wp-json\/wp\/v2\/product_tag?post=1392"}],"curies":[{"name":"wp","href":"https:\/\/api.w.org\/{rel}","templated":true}]}}