{"id":13316,"date":"2024-02-13T12:08:02","date_gmt":"2024-02-13T11:08:02","guid":{"rendered":"https:\/\/www.magnolioworld.com\/green-ch\/?post_type=product&#038;p=13316"},"modified":"2025-11-17T15:40:19","modified_gmt":"2025-11-17T14:40:19","slug":"blauer-lotus-roll-on-doterra-blue-lotus-touch","status":"publish","type":"product","link":"https:\/\/www.magnolioworld.com\/green-ch\/blauer-lotus-roll-on-doterra-blue-lotus-touch\/","title":{"rendered":"Blauer Lotus Roll-On &#8211; doTERRA Blue Lotus Touch"},"content":{"rendered":"<p><strong>doTERRA Blue Lotus Touch<\/strong> &#8211; Eine wertvolle und besonders mystische Rarit\u00e4t<\/p>\n<p>Der Blaue Lotus ist in \u00c4gypten eine heilige Pflanze. Sie steht wie der Skarab\u00e4us f\u00fcr Auferstehung und Regeneration. Nachts schliesst sie sich und taucht unter, um bei Tagesanbruch wieder emporzukommen und sich zu \u00f6ffnen. Die Pflanze ist mit ihren blauen Bl\u00e4ttern und der gelben Mitte eine besonders einzigartige Sch\u00f6nheit der Natur. Aufgrund dieser Sch\u00f6nheit hat man die Lotusbl\u00fcte in der alt\u00e4gyptischen Kunst sehr h\u00e4ufig dargestellt. Das betraf die Baukunst, z. B. grafische Bord\u00fcren, S\u00e4ulen, aber auch die Malerei und die Goldschmiedekunst. Es gab Objekte in Form eines Lotus, z. B. Kelche in Form einer Lotusbl\u00fcte.<\/p>\n<p>Das \u00e4therische \u00d6l aus der den zarten Bl\u00fcten der Pflanze Nymphaea caerulea wird wie Jasmin nicht durch Dampfdestillation gewonnen, sondern durch Extraktion. Durch dieses besonders schonende Verfahren wird der unnachahmliche s\u00fcsse und mystische Duft erhalten.<\/p>\n<p>Die Blauen Lotusbl\u00fcten sind f\u00fcr ihre F\u00e4higkeit bekannt, luzides Tr\u00e4umen und Halluzinationen erzeugen zu k\u00f6nnen. <strong>doTERRA Blue Lotus Touch<\/strong> birgt jedoch keinerlei halluzinogene Nebenwirkungen oder Gefahren in sich und kann unbesorgt verwendet werden. <\/p>\n<p>Aufgrund seines aussergew\u00f6hnlichen und verf\u00fchrerischen Duftes kann der Blaue Lotus wunderbar als ganz individuelles und die eigene Pers\u00f6nlichkeit betonendes Parf\u00fcm eingesetzt werden. Dazu den Touch sanft \u00fcber die Pulspunkte oder hinter den Ohren auftragen.<\/p>\n<p>Blue Lotus kann wegen seiner hautregenerierenden und feuchtigkeitsspendenden Eigenschaften f\u00fcr die t\u00e4gliche Hautpflegeroutine eingesetzt werden. Der in Blue Lotus enthaltende chemische Hauptbestandteil Squalen ist f\u00fcr seine F\u00e4higkeit, die Haut mit Feuchtigkeit zu versorgen und zu hydratisieren bekannt. Zus\u00e4tzlich sorgt das fraktionierte Kokosnuss\u00f6l in Blue Lotus Touch f\u00fcr noch mehr feuchtigkeitsspendende und hydratisierende Eigenschaften.<\/p>\n<p>Als \u00d6l der Auferstehung, Regeneration und Erneuerung ist der Blaue Lotus wunderbar in der spirituellen Praxis zur Begleitung bei Meditation und Yoga geeignet. Ausserdem verschafft es bei Massagen eine ganz besonders beruhigende und sinnlich ausgleichende Wirkung. Gibt ein Gef\u00fchl der Entspannung und Regeneration und ist damit ideal bei allen Prozessen der Transformation und der Erneuerung.<\/p>\n<p><strong>doTERRA Blue Lotus Touch<\/strong> ist ein besonderes sinnlich verf\u00fchrerisches Geschenk &#8211; auch, um sich selbst zu verw\u00f6hnen.<\/p>\n<p>Als gebrauchsfertiger Stift mit fraktionierten Kokos\u00f6l gemischt, entfacht der <strong>doTERRA Blue Lotus Touch<\/strong> eine wohltuende Wirkung auf der Haut.<\/p>\n<p><strong>Empfehlung<\/strong><br \/>\nAromatisch: Zur Hebung der Stimmung und f\u00fcr Ruhe und Entspannung <strong>doTERRA Blue Lotus Touch<\/strong> \u00fcber die Pulspunkte bzw. die Handfl\u00e4chen inhalieren.<br \/>\nTopisch: Zur optimalen Regeneration und Versorgung der Haut mit Feuchtigkeit in die t\u00e4gliche Hautpflegeroutine einbinden.<br \/>\nAls exotisches sinnliches Parf\u00fcm auf die Pulspunkte bzw. am Hals auftragen.<\/p>\n<p><strong>Sichere Verwendung<\/strong><br \/>\nAu\u00dferhalb der Reichweite von Kindern aufbewahren. Wenn Du schwanger bist oder in \u00e4rztlicher Behandlung stehst, konsultiere bitte Deinen Arzt. Kontakt mit Augen, Innenohren, Gesicht, empfindlichen Stellen und Schleimh\u00e4uten vermeiden.<br \/>\nHautreizungen sind m\u00f6glich. Nur \u00e4usserlich anzuwenden.<\/p>\n","protected":false},"excerpt":{"rendered":"<h2 style=\"font-size: 28px;\">Das \u00d6l der Auferstehung und Regeneration &#8211; Eine Rarit\u00e4t<\/h2>\n<p>doTERRA Blue Lotus Touch &#8211; Der Blaue Lotus ist in \u00c4gypten eine heilige Pflanze. Sie steht wie der Skarab\u00e4us f\u00fcr Auferstehung und Regeneration und das daraus gewonnene \u00e4therische \u00d6l ist etwas sehr seltenes und besonderes. Sie hat einen aussergew\u00f6hnlich verf\u00fchrerischen Duft. Ideal f\u00fcr eine verw\u00f6hnende Hautpflege oder als besondere sinnliche Unterst\u00fctzung bei Meditation und Yoga. Gibt ein Gef\u00fchl der Entspannung und Regeneration. Ideal bei allen Prozessen der Transformation und der Erneuerung. Ein exotisches sinnliches Wohlf\u00fchl-Erlebnis &#8211; auch ideal als Parf\u00fcm geeignet.<\/p>\n","protected":false},"featured_media":13358,"template":"","meta":{"_et_pb_use_builder":"","_et_pb_old_content":"","_et_gb_content_width":""},"product_cat":[15,50,42,1939,1941,1968],"product_tag":[231,232],"_links":{"self":[{"href":"https:\/\/www.magnolioworld.com\/green-ch\/wp-json\/wp\/v2\/product\/13316"}],"collection":[{"href":"https:\/\/www.magnolioworld.com\/green-ch\/wp-json\/wp\/v2\/product"}],"about":[{"href":"https:\/\/www.magnolioworld.com\/green-ch\/wp-json\/wp\/v2\/types\/product"}],"wp:featuredmedia":[{"embeddable":true,"href":"https:\/\/www.magnolioworld.com\/green-ch\/wp-json\/wp\/v2\/media\/13358"}],"wp:attachment":[{"href":"https:\/\/www.magnolioworld.com\/green-ch\/wp-json\/wp\/v2\/media?parent=13316"}],"wp:term":[{"taxonomy":"product_cat","embeddable":true,"href":"https:\/\/www.magnolioworld.com\/green-ch\/wp-json\/wp\/v2\/product_cat?post=13316"},{"taxonomy":"product_tag","embeddable":true,"href":"https:\/\/www.magnolioworld.com\/green-ch\/wp-json\/wp\/v2\/product_tag?post=13316"}],"curies":[{"name":"wp","href":"https:\/\/api.w.org\/{rel}","templated":true}]}}