{"id":12860,"date":"2024-01-16T16:50:49","date_gmt":"2024-01-16T15:50:49","guid":{"rendered":"https:\/\/www.magnolioworld.com\/green-ch\/?post_type=product&#038;p=12860"},"modified":"2024-05-18T01:02:00","modified_gmt":"2024-05-17T23:02:00","slug":"doterra-plant-protein-chocolate","status":"publish","type":"product","link":"https:\/\/www.magnolioworld.com\/green-ch\/doterra-plant-protein-chocolate\/","title":{"rendered":"doTERRA Plant Protein Chocolate"},"content":{"rendered":"<p><strong>doTERRA Plant Protein Chocolate <\/strong>&#8211; Proteinpower auf hochwertiger Pflanzenbasis mit Schoko-Geschmack<\/p>\n<p>Speziell f\u00fcr Europa wurde dieses hochwertige Proteinprodukt auf rein pflanzlicher Basis hergestellt, um den K\u00f6rper mit lebenswichtigen Proteinen und damit Aminos\u00e4uren zu versorgen. Denn Proteine bestehen aus langen Ketten von 20 verschiedenen Aminos\u00e4uren. Unser K\u00f6rper ben\u00f6tigt Proteine f\u00fcr wichtige K\u00f6rperfunktionen, wie den Aufbau und die Reparatur von Muskeln und Knochen. Ausserdem sind sie wichtig zur Zellregeneration und Zellerneuerung.\u00a0<\/p>\n<p><strong>doTERRA Plant Protein Chocolate <\/strong>ist auf rein pflanzlicher Basis aus hochwertigen Pflanzenproteinen, wie Erbsen, brauner Reis, Kichererbsen und Kartoffeln hergestellt. Das Pflanzenprotein deckt den Tagesbedarf an allen 9 essentiellem Aminos\u00e4uren (EAAs) und 3 verzweigtkettigen Aminos\u00e4uren (BGAAs) auf ganz nat\u00fcrliche Weise. Es enth\u00e4lt 17 von 20 Aminos\u00e4uren.<\/p>\n<p>Unerl\u00e4sslich f\u00fcr optimalen Knochenaufbau und Muskelwachstum bzw. Erhalt der Muskelmasse. Ob beim Training oder einfach zur Erhaltung und Steigerung der Lebensqualit\u00e4t. Ideal auch zum Ausgleich des Zyklus, zur Unterst\u00fctzung der Muskeln und Knochen in den Wechseljahren oder der Entwicklung der Knochen bei Kindern. Studien zeigen auch, dass eine optimale Proteinzufuhr und die Wahl der richtigen Proteinquellen einen wesentlich Einfluss auf die kognitiven F\u00e4higkeiten im Alter haben k\u00f6nnen. Also ein wichtiges Anti-Aging Produkt.<br \/>\nOptimal zur Erg\u00e4nzung der Ern\u00e4hrung bei Vegetariern oder Veganern.<\/p>\n<p><strong>Anwendungsempfehlung<br \/>\n<\/strong>2 geh\u00e4ufte Essl\u00f6ffel (ca. 32 g) doTERRA Plant Protein Chocolate mit 250 ml Wasser, Milch oder einem Getr\u00e4nk deiner Wahl mischen oder verr\u00fchren, bis es glatt und cremig wird. Um den Geschmack zu intensivieren und den N\u00e4hrwert zu verbessern, Obst und Gem\u00fcse zugeben. Gerne auch einen Tropfen deines Lieblings\u00f6ls zuf\u00fcgen. <strong><br \/>\n<\/strong>Kann auch zusammen mit MetaPWR Advantage genommen werden.<strong><br \/>\n<\/strong>Eine Portion enth\u00e4lt 22 g veganes Protein.<strong><\/p>\n<p>Sichere Verwendung<\/strong><br \/>\nAu\u00dferhalb der Reichweite von Kindern aufbewahren. Achte darauf, die empfohlene t\u00e4gliche Dosis nicht zu \u00fcberschreiten. Bitte beachte, dass Nahrungserg\u00e4nzungen eine vollwertige und ausgeglichene Ern\u00e4hrung sowie einen gesunden Lebensstil nicht ersetzen k\u00f6nnen. Schwangere und Stillende sowie Menschen mit bekannten gesundheitlichen Schwierigkeiten vor der Einnahme \u00e4rztlichen Rat einholen. Aufbewahrung an einem k\u00fchlen, trockenen Ort. Dabei bitte das Mindesthaltbarkeitsdatum beachten.<\/p>\n","protected":false},"excerpt":{"rendered":"<h2>Protein-Power Schoko<\/h2>\n<p><strong>doTERRA Plant Protein Chocolate <\/strong>&#8211; Zur Unterst\u00fctzung einer optimalen Versorgung mit hochwertigen Pflanzenproteinen, wie Erbsen, brauner Reis, Kichererbsen, Kartoffeln. Das Pflanzenprotein deckt den Tagesbedarf an allen 9 essentiellen Aminos\u00e4uren auf ganz nat\u00fcrliche Weise. Unerl\u00e4sslich f\u00fcr optimalen Knochenaufbau und Muskelwachstum, ob beim Training oder einfach zur Erhaltung und Steigerung der Lebensqualit\u00e4t. Ideal auch zum Ausgleich des Zyklus, in den Wechseljahren oder der Entwicklung der Knochen bei Kindern. Optimal zur Erg\u00e4nzung der Ern\u00e4hrung bei Vegetariern oder Veganern. Verf\u00fcgbar in den Sorten Vanille und Schokolade.<\/p>\n","protected":false},"featured_media":12864,"template":"","meta":{"_et_pb_use_builder":"","_et_pb_old_content":"","_et_gb_content_width":""},"product_cat":[15,52,36,39,42,1945,1946,2093,2002,1952,1953,1963,1964,1970,1968],"product_tag":[581],"_links":{"self":[{"href":"https:\/\/www.magnolioworld.com\/green-ch\/wp-json\/wp\/v2\/product\/12860"}],"collection":[{"href":"https:\/\/www.magnolioworld.com\/green-ch\/wp-json\/wp\/v2\/product"}],"about":[{"href":"https:\/\/www.magnolioworld.com\/green-ch\/wp-json\/wp\/v2\/types\/product"}],"wp:featuredmedia":[{"embeddable":true,"href":"https:\/\/www.magnolioworld.com\/green-ch\/wp-json\/wp\/v2\/media\/12864"}],"wp:attachment":[{"href":"https:\/\/www.magnolioworld.com\/green-ch\/wp-json\/wp\/v2\/media?parent=12860"}],"wp:term":[{"taxonomy":"product_cat","embeddable":true,"href":"https:\/\/www.magnolioworld.com\/green-ch\/wp-json\/wp\/v2\/product_cat?post=12860"},{"taxonomy":"product_tag","embeddable":true,"href":"https:\/\/www.magnolioworld.com\/green-ch\/wp-json\/wp\/v2\/product_tag?post=12860"}],"curies":[{"name":"wp","href":"https:\/\/api.w.org\/{rel}","templated":true}]}}