{"id":12672,"date":"2023-12-18T17:22:41","date_gmt":"2023-12-18T16:22:41","guid":{"rendered":"https:\/\/www.magnolioworld.com\/green-ch\/?post_type=product&#038;p=12672"},"modified":"2024-06-23T11:39:13","modified_gmt":"2024-06-23T09:39:13","slug":"doterra-roam-diffuser","status":"publish","type":"product","link":"https:\/\/www.magnolioworld.com\/green-ch\/doterra-roam-diffuser\/","title":{"rendered":"doTERRA Roam Diffuser"},"content":{"rendered":"<p><strong>doTERRA Roam Diffuser<\/strong> &#8211; Der formsch\u00f6ne Vernebler f\u00fcr die stylische Verwendung der \u00d6le in deinem Zuhause oder kabellos auch Outdoor.<\/p>\n<p>Dieser Diffuser verwandelt deine Umgebung durch den eingebauten Akku \u00fcberall auch ohne Kabelanschluss in eine harmonische Umgebung.<\/p>\n<p>Der <strong>Roam Diffuser<\/strong> hat ein stylisches Geh\u00e4use das aus poliertem und geschliffenen Naturstein ist und so jedem Modell ein einzigartiges individuelles Aussehen gibt.<\/p>\n<p>Durch den eingebauten und leistungsstarken Akku kommt der tragbare d\u014dTERRA Roam Diffuser ohne Kabel aus und passt perfekt in jeden Raum in deinem Zuhause oder ins B\u00fcro. Die passende Ladestation ist dabei. Hier die Laufzeiten:<\/p>\n<ul>\n<li>Bei Stromversorgung \u00fcber das Netzteil bis zu 5 Stunden kontinuierliche oder 10 Stunden intermittierende Ausgabe<\/li>\n<li>Im Batteriebetrieb bis zu 4 Stunden kontinuierliche oder 8 Stunden intermittierende Ausgabe<\/li>\n<\/ul>\n<p>Er ist f\u00fcr R\u00e4ume bis zu 25 m\u00b2 geeignet und hat eine Wasserf\u00fcllmenge von 100 ml.<\/p>\n<p>Ideal zusammen mit einem wertvollen \u00e4therischen \u00d6l als besondere Geschenkidee.<\/p>\n<p><strong>Empfehlung<\/strong><br \/>\nBeachte die Anwendungsempfehlungen in der Produktbeschreibung<\/p>\n<p><strong>Sichere Anwendung<\/strong><br \/>\nBeachte die Sicherheitshinweise in der Produktbeschreibung<\/p>\n","protected":false},"excerpt":{"rendered":"<h2 style=\"font-size: 28px;\">Der edle Vernebler aus Naturstein<\/h2>\n<p>doTERRA Roam Diffuser &#8211; Der edle und wertige Vernebler f\u00fcr die Verwendung der \u00d6le in deinem Zuhause oder in der Firma und Praxis. Aber durch den Akku auch ohne Kabel an jedem beliebigen Ort zu verwenden.<\/p>\n","protected":false},"featured_media":12674,"template":"","meta":{"_et_pb_use_builder":"","_et_pb_old_content":"","_et_gb_content_width":""},"product_cat":[15,57],"product_tag":[],"_links":{"self":[{"href":"https:\/\/www.magnolioworld.com\/green-ch\/wp-json\/wp\/v2\/product\/12672"}],"collection":[{"href":"https:\/\/www.magnolioworld.com\/green-ch\/wp-json\/wp\/v2\/product"}],"about":[{"href":"https:\/\/www.magnolioworld.com\/green-ch\/wp-json\/wp\/v2\/types\/product"}],"wp:featuredmedia":[{"embeddable":true,"href":"https:\/\/www.magnolioworld.com\/green-ch\/wp-json\/wp\/v2\/media\/12674"}],"wp:attachment":[{"href":"https:\/\/www.magnolioworld.com\/green-ch\/wp-json\/wp\/v2\/media?parent=12672"}],"wp:term":[{"taxonomy":"product_cat","embeddable":true,"href":"https:\/\/www.magnolioworld.com\/green-ch\/wp-json\/wp\/v2\/product_cat?post=12672"},{"taxonomy":"product_tag","embeddable":true,"href":"https:\/\/www.magnolioworld.com\/green-ch\/wp-json\/wp\/v2\/product_tag?post=12672"}],"curies":[{"name":"wp","href":"https:\/\/api.w.org\/{rel}","templated":true}]}}