{"id":12329,"date":"2023-11-29T13:50:25","date_gmt":"2023-11-29T12:50:25","guid":{"rendered":"https:\/\/www.magnolioworld.com\/green-ch\/?post_type=product&#038;p=12329"},"modified":"2025-05-06T10:49:30","modified_gmt":"2025-05-06T08:49:30","slug":"doterra-wellness-support-kit","status":"publish","type":"product","link":"https:\/\/www.magnolioworld.com\/green-ch\/doterra-wellness-support-kit\/","title":{"rendered":"doTERRA Wellness Support Kit"},"content":{"rendered":"<p><strong>doTERRA Wellness Support Kit<\/strong> &#8211; Die Wellnessoase f\u00fcr optimales Wohlbefinden<\/p>\n<p>Das Kit wurde speziell f\u00fcr alle entwickelt, die entspannt und voller Wohlbefinden den Alltag geniessen wollen und f\u00fcr alle kleinen Unp\u00e4sslichkeiten stets das Passende auf der Basis der reinen Natur dabei haben wollen. Sei es eine starke Unterst\u00fctzung des Immunsystems oder optimale F\u00f6rderung der Atemwege und der Verdauung. Aber auch zur Unterst\u00fctzung bei emotionalen Themen k\u00f6nnen die \u00d6le wertvolle Dienste leisten.<\/p>\n<p><span style=\"text-decoration: underline;\">Die im doTERRA Wellness Support Kit enthaltenen Produkte:<\/span><\/p>\n<p>&#8211; doTERRA Air (Atemwegsmischung)<br \/>\n&#8211; doTERRA Copaiba (Das \u00d6l der Enth\u00fcllung und Transformation)<br \/>\n&#8211; doTERRA On Guard (Sch\u00fctzende Mischung)<br \/>\n&#8211; doTERRA On Guard Softgels (Sch\u00fctzende Mischung in Softgels)<br \/>\n&#8211; doTERRA Oregano (Kraftvoller Immunschutz und das \u00d6l der Demut)<br \/>\n&#8211; doTERRA PB Assist (Probiotische Mischung)<\/p>\n<p>G\u00f6nne dir den perfekten Rundum-Schutz f\u00fcr Wellness und Wohlbefinden im Alltag, um das Leben mit Leichtigkeit, Erfolg und Freude unbeschwert geniessen zu k\u00f6nnen.<\/p>\n<p><strong>Empfehlung<\/strong><br \/>\nBeachte die Empfehlungen bei den einzelnen Produkten.<\/p>\n<p><strong>Sichere Anwendung<br \/>\n<\/strong>Beachte die Hinweise bei den einzelnen Produkten.<\/p>\n","protected":false},"excerpt":{"rendered":"<h2>Das Rundum Wellness-Paket f\u00fcr optimales Wohlbefinden<\/h2>\n<p><strong>doTERRA Wellness Support Kit<\/strong> &#8211; Die Wellnessoase f\u00fcr optimales Wohlbefinden<\/p>\n<p>Das Kit wurde speziell f\u00fcr alle entwickelt, die entspannt und voller Wohlbefinden den Alltag geniessen wollen und f\u00fcr alle kleinen Unp\u00e4sslichkeiten stets das Passende auf der Basis der reinen Natur dabei haben wollen. Sei es eine kraftvolle Unterst\u00fctzung des Immunsystems oder optimale F\u00f6rderung der Atemwege und der Verdauung. Aber auch zur Unterst\u00fctzung bei emotionalen Themen k\u00f6nnen die \u00d6le wertvolle Dienste leisten.<\/p>\n","protected":false},"featured_media":12344,"template":"","meta":{"_et_pb_use_builder":"","_et_pb_old_content":"","_et_gb_content_width":""},"product_cat":[15,1921,2093,1948,1949,1950,2002,1951,1952,1953],"product_tag":[],"_links":{"self":[{"href":"https:\/\/www.magnolioworld.com\/green-ch\/wp-json\/wp\/v2\/product\/12329"}],"collection":[{"href":"https:\/\/www.magnolioworld.com\/green-ch\/wp-json\/wp\/v2\/product"}],"about":[{"href":"https:\/\/www.magnolioworld.com\/green-ch\/wp-json\/wp\/v2\/types\/product"}],"wp:featuredmedia":[{"embeddable":true,"href":"https:\/\/www.magnolioworld.com\/green-ch\/wp-json\/wp\/v2\/media\/12344"}],"wp:attachment":[{"href":"https:\/\/www.magnolioworld.com\/green-ch\/wp-json\/wp\/v2\/media?parent=12329"}],"wp:term":[{"taxonomy":"product_cat","embeddable":true,"href":"https:\/\/www.magnolioworld.com\/green-ch\/wp-json\/wp\/v2\/product_cat?post=12329"},{"taxonomy":"product_tag","embeddable":true,"href":"https:\/\/www.magnolioworld.com\/green-ch\/wp-json\/wp\/v2\/product_tag?post=12329"}],"curies":[{"name":"wp","href":"https:\/\/api.w.org\/{rel}","templated":true}]}}