{"id":12328,"date":"2023-11-29T13:42:32","date_gmt":"2023-11-29T12:42:32","guid":{"rendered":"https:\/\/www.magnolioworld.com\/green-ch\/?post_type=product&#038;p=12328"},"modified":"2025-05-06T10:50:15","modified_gmt":"2025-05-06T08:50:15","slug":"doterra-relief-and-revive-kit","status":"publish","type":"product","link":"https:\/\/www.magnolioworld.com\/green-ch\/doterra-relief-and-revive-kit\/","title":{"rendered":"doTERRA Relief and Revive Kit"},"content":{"rendered":"<p><strong>doTERRA Relief and Revive Kit <\/strong>&#8211; Der Rundum Schutz bei allen Unp\u00e4sslichkeiten von Muskeln und Gelenken<\/p>\n<div class=\"spotlight__head-copy\">\n<p>Niemand ist vor gelegentlichen Unp\u00e4sslichkeiten und Beschwerden von von Muskeln und Gelenken gesch\u00fctzt, und das Leben kann voller kleiner Unannehmlichkeiten stecken! Damit dich diese Beschwerden nicht behindern, bietet das Relief &amp; Revive Kit alle Werkzeuge, die du f\u00fcr dein Wohlbefinden brauchst und deinen K\u00f6rper optimal entspannen.<\/p>\n<\/div>\n<p><span style=\"text-decoration: underline;\">Die im doTERRA Relief and Revive Kit enthaltenen Produkte:<\/span><\/p>\n<p>&#8211; doTERRA Aromatouch<br \/>\n&#8211; doTERRA Copaiba <br \/>\n&#8211; doTERRA Deep Blue <br \/>\n&#8211; doTERRA Deep Blue Polyphenol Complex<br \/>\n&#8211; doTERRA Wintergreen <\/p>\n<p>G\u00f6nne dir den perfekten Rundum-Schutz bei allen Unp\u00e4sslichkeiten von Muskeln und Gelenken. Ideal auch zur Unterst\u00fctzung bei allen sportlichen Aktivit\u00e4ten. Einfach das Leben geniessen und sich aktiv wohlf\u00fchlen.<\/p>\n<p><strong>Empfehlung<\/strong><br \/>\nBeachte die Empfehlungen bei den einzelnen Produkten.<\/p>\n<p><strong>Sichere Anwendung<br \/>\n<\/strong>Beachte die Hinweise bei den einzelnen Produkten.<\/p>\n","protected":false},"excerpt":{"rendered":"<h2>Der Rundum-Schutz f\u00fcr alle Aktiven<\/h2>\n<p style=\"font-size: 28px; color: #e20000; font-weight: bold;\">36 % sparen<\/p>\n<p><strong>doTERRA Relief and Revive Kit <\/strong>&#8211; Der Rundum Schutz bei allen Unp\u00e4sslichkeiten von Muskeln und Gelenken. Einfach das Leben geniessen und sich aktiv wohlf\u00fchlen.<\/p>\n","protected":false},"featured_media":12343,"template":"","meta":{"_et_pb_use_builder":"","_et_pb_old_content":"","_et_gb_content_width":""},"product_cat":[15,1921,39],"product_tag":[],"_links":{"self":[{"href":"https:\/\/www.magnolioworld.com\/green-ch\/wp-json\/wp\/v2\/product\/12328"}],"collection":[{"href":"https:\/\/www.magnolioworld.com\/green-ch\/wp-json\/wp\/v2\/product"}],"about":[{"href":"https:\/\/www.magnolioworld.com\/green-ch\/wp-json\/wp\/v2\/types\/product"}],"wp:featuredmedia":[{"embeddable":true,"href":"https:\/\/www.magnolioworld.com\/green-ch\/wp-json\/wp\/v2\/media\/12343"}],"wp:attachment":[{"href":"https:\/\/www.magnolioworld.com\/green-ch\/wp-json\/wp\/v2\/media?parent=12328"}],"wp:term":[{"taxonomy":"product_cat","embeddable":true,"href":"https:\/\/www.magnolioworld.com\/green-ch\/wp-json\/wp\/v2\/product_cat?post=12328"},{"taxonomy":"product_tag","embeddable":true,"href":"https:\/\/www.magnolioworld.com\/green-ch\/wp-json\/wp\/v2\/product_tag?post=12328"}],"curies":[{"name":"wp","href":"https:\/\/api.w.org\/{rel}","templated":true}]}}