{"id":12325,"date":"2023-11-29T13:14:05","date_gmt":"2023-11-29T12:14:05","guid":{"rendered":"https:\/\/www.magnolioworld.com\/green-ch\/?post_type=product&#038;p=12325"},"modified":"2025-05-06T10:51:18","modified_gmt":"2025-05-06T08:51:18","slug":"doterra-spa-basics-kit","status":"publish","type":"product","link":"https:\/\/www.magnolioworld.com\/green-ch\/doterra-spa-basics-kit\/","title":{"rendered":"doTERRA SPA Basics Kit"},"content":{"rendered":"<p><strong>doTERRA SPA Basics Kit<\/strong>\u00a0 &#8211; Das Starter-Verw\u00f6hnset f\u00fcr die nat\u00fcrliche K\u00f6rperpflege<\/p>\n<div class=\"spotlight__head-copy u--mb-20 u--mt-20\">\n<p>Verw\u00f6hnen kann so einfach sein: Einfach das Beste aus nat\u00fcrlichen Pflanzenstoffen und wertvollen \u00e4therischen \u00d6len.<\/p>\n<p>Mit dem <strong>doTERRA SPA Basics Kit<\/strong> ist das ganz einfach. Geniesse die sanfte Reinigung und den anregenden Duft des Erfrischenden Duschgels. Schenke anschliessend deinem K\u00f6rper Feuchtigkeit und Pflege mit der leichten und seidigen Hand- &amp; Body Lotion.<\/p>\n<\/div>\n<p>\n<span style=\"text-decoration: underline;\">Im SPA Basics Kit enthaltene Produkte:<\/span><\/p>\n<p>&#8211; doTERRA Body Wash<br \/>\n&#8211; doTERRA Hand &amp; Body Lotion<\/p>\n<p>G\u00f6nne dir die perfekten K\u00f6rperpflege erfrischend am Morgen und entspannend zum Abend nach einem langen Tag.<\/p>\n<p>Ideal auch als wertvolles Geschenk. Hier im sparsamen Set.<\/p>\n<p>Wer mehr Produkte der Spa-Serie verwenden will, kann das mit den kosteng\u00fcnstigen Sets SPA Luxury Kit und Total SPA Kit.<\/p>\n<p><strong>Empfehlung<\/strong><br \/>\nBeachte die Empfehlungen bei den einzelnen Produkten.<\/p>\n<p><strong>Sichere Anwendung<br \/>\n<\/strong>Beachte die Hinweise bei den einzelnen Produkten.<\/p>\n","protected":false},"excerpt":{"rendered":"<h2>Das Starter &#8211; Verw\u00f6hn-Set f\u00fcr den K\u00f6rper<\/h2>\n<p>doTERRA SPA Basics Kit\u00a0 &#8211; Das Starter-Verw\u00f6hn-Set f\u00fcr die nat\u00fcrliche K\u00f6rperpflege mit der reinen Kraft der Natur.<\/p>\n","protected":false},"featured_media":12339,"template":"","meta":{"_et_pb_use_builder":"","_et_pb_old_content":"","_et_gb_content_width":""},"product_cat":[15,1921],"product_tag":[],"_links":{"self":[{"href":"https:\/\/www.magnolioworld.com\/green-ch\/wp-json\/wp\/v2\/product\/12325"}],"collection":[{"href":"https:\/\/www.magnolioworld.com\/green-ch\/wp-json\/wp\/v2\/product"}],"about":[{"href":"https:\/\/www.magnolioworld.com\/green-ch\/wp-json\/wp\/v2\/types\/product"}],"wp:featuredmedia":[{"embeddable":true,"href":"https:\/\/www.magnolioworld.com\/green-ch\/wp-json\/wp\/v2\/media\/12339"}],"wp:attachment":[{"href":"https:\/\/www.magnolioworld.com\/green-ch\/wp-json\/wp\/v2\/media?parent=12325"}],"wp:term":[{"taxonomy":"product_cat","embeddable":true,"href":"https:\/\/www.magnolioworld.com\/green-ch\/wp-json\/wp\/v2\/product_cat?post=12325"},{"taxonomy":"product_tag","embeddable":true,"href":"https:\/\/www.magnolioworld.com\/green-ch\/wp-json\/wp\/v2\/product_tag?post=12325"}],"curies":[{"name":"wp","href":"https:\/\/api.w.org\/{rel}","templated":true}]}}