{"id":12316,"date":"2023-11-29T11:37:35","date_gmt":"2023-11-29T10:37:35","guid":{"rendered":"https:\/\/www.magnolioworld.com\/green-ch\/?post_type=product&#038;p=12316"},"modified":"2024-05-17T21:26:04","modified_gmt":"2024-05-17T19:26:04","slug":"doterra-microplex-vmz-vegan","status":"publish","type":"product","link":"https:\/\/www.magnolioworld.com\/green-ch\/doterra-microplex-vmz-vegan\/","title":{"rendered":"doTERRA Microplex VMz Vegan"},"content":{"rendered":"<p><strong>doTERRA Microplex VMz vegan<\/strong> &#8211; Der vegane N\u00e4hrstoffkomplex &#8211; Die optimale N\u00e4hrstoffversorgung aus bioverf\u00fcgbaren Vitaminen und Mineralstoffen<\/p>\n<p>Dieser N\u00e4hrstoff-Komplex ist eine Formel aus bioverf\u00fcgbaren Vitaminen und Mineralstoffen, die in unserer modernen Ern\u00e4hrung einen Mangel aufweisen. Die Formel enth\u00e4lt eine ausgewogene Mischung aus essenziellen Antioxidantien der Vitamine A, C und E sowie einen Energiekomplex aus B-Vitaminen, die in einer patentierten Glykoproteinmatrix enthalten sind. Microplex VMz vegan enth\u00e4lt auch chelatisierte Mineralien wie Kalzium, Magnesium und Zink f\u00fcr eine optimale Knochen- und Stoffwechselgesundheit. Microplex VMz enth\u00e4lt die doTERRA-Mischung aus Peppermint, Ginger und Caraway Seeds, um den Magen bei Magenbeschwerden zu beruhigen sowie weitere Vitamin- und Mineralprodukte. doTERRA Microplex VMz vegan wird in Natriumlaurylsulfat-freien veganen Gem\u00fcsekapseln gef\u00fcllt.<\/p>\n<p>Zwar ist klar, dass die Ern\u00e4hrung in vielen Industriel\u00e4ndern eine ausreichende und sogar \u00fcberm\u00e4\u00dfige Menge an Kalorien enth\u00e4lt, doch es gibt immer mehr Hinweise daf\u00fcr, dass wir auch dann weniger wichtige N\u00e4hrstoffe f\u00fcr eine optimale Gesundheit erhalten, wenn wir mehr essen. \u00dcberm\u00e4\u00dfig verarbeitete, kalorienreiche und n\u00e4hrstoffarme Lebensmittel k\u00f6nnen uns fett machen, weil unserem K\u00f6rper nicht ausreichend Vitamine, Mineralien und andere essenzielle N\u00e4hrstoffe geliefert wird. <\/p>\n<p>doTERRA Microplex VMz Vegan beinhaltet eine umfassende Reihe von Vitaminen und Mineralstoffen, die in einem N\u00e4hrstoff-Komplex enthalten sind und f\u00fcr ein normales Wachstum, eine normale Funktion und die Aufrechterhaltung der Zellen unerl\u00e4sslich sind. Microplex VMz bietet eine ausgewogene Mischung der essenziellen antioxidativen Vitamine A, C und E; ein Energiekomplex von B-Vitaminen; und 800 IE Vitamin D. Es enth\u00e4lt auch wichtige chelatisierte Mineralien f\u00fcr den Stoffwechsel und die essenziellen Knochenn\u00e4hrstoffe Kalzium, Magnesium und Zink.<\/p>\n<p><strong>Empfehlung<\/strong><br \/>\nErwachsene nehmen 4 Kapseln doTERRA Microplex VMz Vegan pro Tag zu den Mahlzeiten ein<\/p>\n<p><strong>Sichere Verwendung<\/strong><br \/>\nAu\u00dferhalb der Reichweite von Kindern aufbewahren. Achte darauf, die empfohlene t\u00e4gliche Dosis nicht zu \u00fcberschreiten. Bitte beachte, dass Nahrungserg\u00e4nzungen eine vollwertige und ausgeglichene Ern\u00e4hrung sowie einen gesunden Lebensstil nicht ersetzen k\u00f6nnen. Schwangere und Stillende sowie Menschen mit bekannten gesundheitlichen Schwierigkeiten vor der Einnahme \u00e4rztlichen Rat einholen. Aufbewahrung an einem k\u00fchlen, trockenen Ort. Dabei bitte das Mindesthaltbarkeitsdatum (siehe Flaschenboden) beachten.<\/p>\n","protected":false},"excerpt":{"rendered":"<h2 style=\"font-size: 28px;\">N\u00e4hrstoffkomplex vegan<\/h2>\n<p>doTERRA Microplex VMz vegan &#8211; Die optimale N\u00e4hrstoffversorgung aus bioverf\u00fcgbaren Vitaminen und Mineralstoffen. Hier in veganer Form.<\/p>\n","protected":false},"featured_media":12333,"template":"","meta":{"_et_pb_use_builder":"","_et_pb_old_content":"","_et_gb_content_width":""},"product_cat":[15,52,44,36,1945,2002,2003,1972],"product_tag":[585],"_links":{"self":[{"href":"https:\/\/www.magnolioworld.com\/green-ch\/wp-json\/wp\/v2\/product\/12316"}],"collection":[{"href":"https:\/\/www.magnolioworld.com\/green-ch\/wp-json\/wp\/v2\/product"}],"about":[{"href":"https:\/\/www.magnolioworld.com\/green-ch\/wp-json\/wp\/v2\/types\/product"}],"wp:featuredmedia":[{"embeddable":true,"href":"https:\/\/www.magnolioworld.com\/green-ch\/wp-json\/wp\/v2\/media\/12333"}],"wp:attachment":[{"href":"https:\/\/www.magnolioworld.com\/green-ch\/wp-json\/wp\/v2\/media?parent=12316"}],"wp:term":[{"taxonomy":"product_cat","embeddable":true,"href":"https:\/\/www.magnolioworld.com\/green-ch\/wp-json\/wp\/v2\/product_cat?post=12316"},{"taxonomy":"product_tag","embeddable":true,"href":"https:\/\/www.magnolioworld.com\/green-ch\/wp-json\/wp\/v2\/product_tag?post=12316"}],"curies":[{"name":"wp","href":"https:\/\/api.w.org\/{rel}","templated":true}]}}