{"id":10048,"date":"2023-07-18T12:35:27","date_gmt":"2023-07-18T10:35:27","guid":{"rendered":"https:\/\/www.magnolio.ch\/?post_type=product&#038;p=10048"},"modified":"2025-05-06T10:52:53","modified_gmt":"2025-05-06T08:52:53","slug":"doterra-aromatouch-kit","status":"publish","type":"product","link":"https:\/\/www.magnolioworld.com\/green-ch\/doterra-aromatouch-kit\/","title":{"rendered":"doTERRA AromaTouch Kit"},"content":{"rendered":"<p>Das\u00a0<strong>doTERRA AromaTouch Kit<\/strong> &#8211; Der Einstieg in die Welt der doTERRA Aromatouch-Technik.<\/p>\n<p>Mit diesem Kit erh\u00e4ltst du alle notwendigen \u00d6le, um die entspannende Aromatouch-Technik durchzuf\u00fchren. Entweder als wohltuende Spa-Anwendung zu Hause oder im professionellen Spa- und Massagebereich.<br \/>\nNeben 8 (5 ml) entspannenden, regenerierenden und erfrischenden \u00d6len bekommst du noch Kokos\u00f6l als pflegendes Tr\u00e4ger\u00f6l f\u00fcr die Massage.<\/p>\n<p>Mit dieser speziell von doTERRA entwickelten Aromatouch-Technik kannst du wunderbar chronischen Stress lindern und eine optimale seelische und k\u00f6rperliche Balance herbeif\u00fchren.<\/p>\n<p><span style=\"text-decoration: underline;\">Die Anwendung erfolgt dabei in 4 aufeinanderfolgenden Stufen:<\/span><\/p>\n<p>1. Stressausgleich: Mit der erdenden \u00d6lmischung doTERRA Balance und Lavendel\u00f6l.<br \/>\n2. Immunsystem st\u00e4rken: Mit Teebaum\u00f6l und der sch\u00fctzenden Mischung doTERRA On Guard.<br \/>\n3. Entz\u00fcndliche Prozesse ausbalancieren: Mit der Massagemischung Aromatouch und der lindernden Mischung Deep Blue.<br \/>\n4. Hom\u00f6ostase (K\u00f6rperliches und seelisches Gleichgewicht) und Erfrischung: Mit den \u00d6len Wild Orange und Pfefferminze.<\/p>\n<p>Mit nur ein paar Tropfen dieser von Natur aus komplexen, duftenden Mischungen im doTERRA AromaTouch Kit kannst du tiefgreifende emotionale und k\u00f6rperliche Reaktionen hervorrufen. Du kannst dich von Belastungen zu befreien, Trost und Ermutigung finden, dich inspirieren oder wieder mit Leidenschaft tr\u00e4umen.<\/p>\n<div class=\"flex flex-grow flex-col gap-3 max-w-full\">\n<div class=\"min-h-[20px] flex flex-col items-start gap-3 whitespace-pre-wrap break-words overflow-x-auto\">\n<div class=\"markdown prose w-full break-words dark:prose-invert dark\">\n<p>doTERRA AromaTouch Kit &#8211; Der ideale Start in die faszinierende Welt der Aromatouch-Technik oder f\u00fcr professionelle Spa-Anwendungen. <br \/>\nF\u00fcr den optimalen Einsatz der Aromatouch-Technik f\u00fcr Beginner ist das Aromatouch Training Kit mit Zertifizierungskurs vom Aromatouch-Erfinder Dr. Hill geeignet. Es enth\u00e4lt 15 ml der \u00d6le und \u00d6lmischungen.<\/p>\n<p>Neu ist auch das Aromatouch Refill Kit f\u00fcr das Nachf\u00fcllen deines Aromatouch-Produktes.<\/p>\n<p>Ideal auch als wertvolles Geschenk.<\/p>\n<p><strong>Empfehlung<\/strong><br \/>\nBeachte die Empfehlungen bei den einzelnen Produkten.<\/p>\n<p><strong>Sichere Anwendung<br \/>\n<\/strong>Beachte die Hinweise bei den einzelnen Produkten.<\/p>\n<\/div>\n<\/div>\n<\/div>\n","protected":false},"excerpt":{"rendered":"<h2 style=\"font-size: 28px;\">Das Kit f\u00fcr die Aromatouch Technik<\/h2>\n<p>doTERRA AromaTouch Kit &#8211; Mit diesem Kit erh\u00e4ltst du alle notwendigen \u00d6le, um die entspannende Aromatouch Technik durchzuf\u00fchren. Entweder als wohltuende Spa-Anwendung zu Hause oder im professionellen Spa- und Massagebereich. Neben 8 (5 ml) entspannenden, regenerierenden und erfrischenden \u00d6len erh\u00e4ltst du noch Fraktioniertes Kokos\u00f6l als pflegendes Tr\u00e4ger\u00f6l f\u00fcr die Massage. Die Aromatouch Technik ist wunderbar geeignet, um den K\u00f6rper in seelische und k\u00f6rperliche Balance zu bringen.<\/p>\n","protected":false},"featured_media":10055,"template":"","meta":{"_et_pb_use_builder":"","_et_pb_old_content":"","_et_gb_content_width":""},"product_cat":[15,1921,36,38,39,40,41,43,45,1948,1950,1951,1952,1958,1959,1960,1961,1962,2097,1965,1972,1984,1985],"product_tag":[400],"_links":{"self":[{"href":"https:\/\/www.magnolioworld.com\/green-ch\/wp-json\/wp\/v2\/product\/10048"}],"collection":[{"href":"https:\/\/www.magnolioworld.com\/green-ch\/wp-json\/wp\/v2\/product"}],"about":[{"href":"https:\/\/www.magnolioworld.com\/green-ch\/wp-json\/wp\/v2\/types\/product"}],"wp:featuredmedia":[{"embeddable":true,"href":"https:\/\/www.magnolioworld.com\/green-ch\/wp-json\/wp\/v2\/media\/10055"}],"wp:attachment":[{"href":"https:\/\/www.magnolioworld.com\/green-ch\/wp-json\/wp\/v2\/media?parent=10048"}],"wp:term":[{"taxonomy":"product_cat","embeddable":true,"href":"https:\/\/www.magnolioworld.com\/green-ch\/wp-json\/wp\/v2\/product_cat?post=10048"},{"taxonomy":"product_tag","embeddable":true,"href":"https:\/\/www.magnolioworld.com\/green-ch\/wp-json\/wp\/v2\/product_tag?post=10048"}],"curies":[{"name":"wp","href":"https:\/\/api.w.org\/{rel}","templated":true}]}}