{"id":3406,"date":"2021-10-18T11:20:43","date_gmt":"2021-10-18T09:20:43","guid":{"rendered":"https:\/\/ch.magnolio.shop\/?page_id=3406"},"modified":"2024-11-03T13:28:10","modified_gmt":"2024-11-03T12:28:10","slug":"anwendung","status":"publish","type":"page","link":"https:\/\/www.magnolioworld.com\/green-ch\/anwendung\/","title":{"rendered":"Men\u00fc | Anwendung"},"content":{"rendered":"<p>[et_pb_section fb_built=&#8221;1&#8243; _builder_version=&#8221;4.16&#8243; custom_padding=&#8221;39px||0px|||&#8221; locked=&#8221;off&#8221; global_colors_info=&#8221;{}&#8221;][et_pb_row _builder_version=&#8221;4.16&#8243; _module_preset=&#8221;default&#8221; custom_margin=&#8221;||0px||false|false&#8221; custom_margin_tablet=&#8221;&#8221; custom_margin_phone=&#8221;&#8221; custom_margin_last_edited=&#8221;on|phone&#8221; custom_padding=&#8221;0px||0px||false|false&#8221; locked=&#8221;off&#8221; global_colors_info=&#8221;{}&#8221;][et_pb_column type=&#8221;4_4&#8243; _builder_version=&#8221;4.16&#8243; global_colors_info=&#8221;{}&#8221;][et_pb_text _builder_version=&#8221;4.22.2&#8243; header_text_align=&#8221;center&#8221; custom_margin=&#8221;||-2px|||&#8221; header_font_size_tablet=&#8221;&#8221; header_font_size_phone=&#8221;34px&#8221; header_font_size_last_edited=&#8221;on|phone&#8221; global_colors_info=&#8221;{}&#8221;]<\/p>\n<h1>Anwendung \u00e4therische \u00d6le<\/h1>\n<p>[\/et_pb_text][et_pb_text disabled_on=&#8221;off|off|off&#8221; _builder_version=&#8221;4.22.2&#8243; text_orientation=&#8221;center&#8221; custom_margin=&#8221;6px||19px|||&#8221; global_colors_info=&#8221;{}&#8221;]<\/p>\n<p>Durch die h\u00f6chstm\u00f6gliche Qualit\u00e4t bieten die \u00d6le nicht nur gr\u00f6\u00dfte Sicherheit und einen hohen Wirkungsgrad, sondern auch die Anwendungsm\u00f6glichkeiten steigen ins Grenzenlose. Durch den hohen CPTG Standard, sind nahezu alle \u00e4therischen \u00d6le sogar zur Einnahme geeignet.<\/p>\n<p>[\/et_pb_text][\/et_pb_column][\/et_pb_row][et_pb_row column_structure=&#8221;1_4,1_4,1_4,1_4&#8243; use_custom_gutter=&#8221;on&#8221; gutter_width=&#8221;2&#8243; _builder_version=&#8221;4.22.2&#8243; _module_preset=&#8221;default&#8221; custom_margin_tablet=&#8221;&#8221; custom_margin_phone=&#8221;&#8221; custom_margin_last_edited=&#8221;on|phone&#8221; custom_padding=&#8221;10px||0px||false|false&#8221; pac_drh_column_numbers_phone=&#8221;pac_drh_phone_col_one&#8221; global_colors_info=&#8221;{}&#8221;][et_pb_column type=&#8221;1_4&#8243; _builder_version=&#8221;4.16&#8243; _module_preset=&#8221;default&#8221; global_colors_info=&#8221;{}&#8221;][et_pb_text _builder_version=&#8221;4.24.0&#8243; _module_preset=&#8221;c07dab56-b5e5-4b5a-8d9a-843919e9c7a5&#8243; text_text_color=&#8221;#FFFFFF&#8221; text_font_size=&#8221;26px&#8221; background_color=&#8221;#5e5e5e&#8221; background_image=&#8221;https:\/\/www.magnolioworld.com\/green-ch\/wp-content\/uploads\/Depositphotos_55831725_xl-2015-900&#215;360.jpg&#8221; background_blend=&#8221;soft-light&#8221; text_orientation=&#8221;center&#8221; height=&#8221;110px&#8221; custom_padding=&#8221;29px||||false|false&#8221; link_option_url=&#8221;https:\/\/www.magnolioworld.com\/green-ch\/abnehmen-entschlacken\/&#8221; border_width_all=&#8221;10px&#8221; box_shadow_style=&#8221;preset1&#8243; box_shadow_blur=&#8221;10px&#8221; locked=&#8221;off&#8221; global_colors_info=&#8221;{}&#8221;]<\/p>\n<p>Abnehmen<\/p>\n<p>[\/et_pb_text][\/et_pb_column][et_pb_column type=&#8221;1_4&#8243; _builder_version=&#8221;4.16&#8243; _module_preset=&#8221;default&#8221; global_colors_info=&#8221;{}&#8221;][et_pb_text _builder_version=&#8221;4.24.0&#8243; _module_preset=&#8221;c07dab56-b5e5-4b5a-8d9a-843919e9c7a5&#8243; text_text_color=&#8221;#FFFFFF&#8221; text_font_size=&#8221;26px&#8221; background_color=&#8221;#5e5e5e&#8221; background_image=&#8221;https:\/\/www.magnolioworld.com\/green-ch\/wp-content\/uploads\/Depositphotos_53291161_xl-2015-900&#215;360.jpg&#8221; background_blend=&#8221;soft-light&#8221; text_orientation=&#8221;center&#8221; height=&#8221;110px&#8221; custom_padding=&#8221;29px||||false|false&#8221; link_option_url=&#8221;https:\/\/www.magnolioworld.com\/green-ch\/atemwege\/&#8221; hover_enabled=&#8221;0&#8243; border_width_all=&#8221;10px&#8221; box_shadow_style=&#8221;preset1&#8243; box_shadow_blur=&#8221;10px&#8221; locked=&#8221;off&#8221; global_colors_info=&#8221;{}&#8221; sticky_enabled=&#8221;0&#8243;]<\/p>\n<p>Atemwege<\/p>\n<p>[\/et_pb_text][\/et_pb_column][et_pb_column type=&#8221;1_4&#8243; _builder_version=&#8221;4.16&#8243; _module_preset=&#8221;default&#8221; global_colors_info=&#8221;{}&#8221;][et_pb_text _builder_version=&#8221;4.24.0&#8243; _module_preset=&#8221;c07dab56-b5e5-4b5a-8d9a-843919e9c7a5&#8243; text_text_color=&#8221;#FFFFFF&#8221; text_font_size=&#8221;26px&#8221; background_color=&#8221;#5e5e5e&#8221; background_image=&#8221;https:\/\/www.magnolioworld.com\/green-ch\/wp-content\/uploads\/Yoga-Frau_44628171_original-900&#215;360.jpg&#8221; background_blend=&#8221;soft-light&#8221; text_orientation=&#8221;center&#8221; height=&#8221;110px&#8221; custom_padding=&#8221;29px||||false|false&#8221; link_option_url=&#8221;https:\/\/www.magnolioworld.com\/green-ch\/beruhigung-entspannung\/&#8221; border_width_all=&#8221;10px&#8221; box_shadow_style=&#8221;preset1&#8243; box_shadow_blur=&#8221;10px&#8221; locked=&#8221;off&#8221; global_colors_info=&#8221;{}&#8221;]<\/p>\n<p>Beruhigung<\/p>\n<p>[\/et_pb_text][\/et_pb_column][et_pb_column type=&#8221;1_4&#8243; _builder_version=&#8221;4.16&#8243; _module_preset=&#8221;default&#8221; global_colors_info=&#8221;{}&#8221;][et_pb_text _builder_version=&#8221;4.24.0&#8243; _module_preset=&#8221;c07dab56-b5e5-4b5a-8d9a-843919e9c7a5&#8243; text_text_color=&#8221;#FFFFFF&#8221; text_font_size=&#8221;26px&#8221; background_color=&#8221;#5e5e5e&#8221; background_image=&#8221;https:\/\/www.magnolioworld.com\/green-ch\/wp-content\/uploads\/Jogger-Rentner_4843175_original-900&#215;600.jpg&#8221; background_position=&#8221;top_center&#8221; background_vertical_offset=&#8221;18%&#8221; background_blend=&#8221;soft-light&#8221; text_orientation=&#8221;center&#8221; height=&#8221;110px&#8221; custom_padding=&#8221;29px||||false|false&#8221; link_option_url=&#8221;https:\/\/www.magnolioworld.com\/green-ch\/bewegungsapparat\/&#8221; border_width_all=&#8221;10px&#8221; box_shadow_style=&#8221;preset1&#8243; box_shadow_blur=&#8221;10px&#8221; locked=&#8221;off&#8221; global_colors_info=&#8221;{}&#8221;]<\/p>\n<p>Bewegung<\/p>\n<p>[\/et_pb_text][\/et_pb_column][\/et_pb_row][et_pb_row column_structure=&#8221;1_4,1_4,1_4,1_4&#8243; use_custom_gutter=&#8221;on&#8221; gutter_width=&#8221;2&#8243; _builder_version=&#8221;4.22.2&#8243; _module_preset=&#8221;default&#8221; custom_padding=&#8221;20px||0px||false|false&#8221; pac_drh_column_numbers_phone=&#8221;pac_drh_phone_col_one&#8221; global_colors_info=&#8221;{}&#8221;][et_pb_column type=&#8221;1_4&#8243; _builder_version=&#8221;4.16&#8243; _module_preset=&#8221;default&#8221; global_colors_info=&#8221;{}&#8221;][et_pb_text _builder_version=&#8221;4.24.0&#8243; _module_preset=&#8221;c07dab56-b5e5-4b5a-8d9a-843919e9c7a5&#8243; text_text_color=&#8221;#FFFFFF&#8221; text_font_size=&#8221;26px&#8221; background_color=&#8221;#5e5e5e&#8221; background_image=&#8221;https:\/\/www.magnolioworld.com\/green-ch\/wp-content\/uploads\/18358545_10155322620489314_66758978763724163_o-900&#215;600.jpg&#8221; background_position=&#8221;top_center&#8221; background_vertical_offset=&#8221;28%&#8221; background_blend=&#8221;soft-light&#8221; text_orientation=&#8221;center&#8221; height=&#8221;110px&#8221; custom_padding=&#8221;29px||||false|false&#8221; link_option_url=&#8221;https:\/\/www.magnolioworld.com\/green-ch\/emotionen\/&#8221; border_width_all=&#8221;10px&#8221; box_shadow_style=&#8221;preset1&#8243; box_shadow_blur=&#8221;10px&#8221; locked=&#8221;off&#8221; global_colors_info=&#8221;{}&#8221;]<\/p>\n<p>Emotionen<\/p>\n<p>[\/et_pb_text][\/et_pb_column][et_pb_column type=&#8221;1_4&#8243; _builder_version=&#8221;4.16&#8243; _module_preset=&#8221;default&#8221; global_colors_info=&#8221;{}&#8221;][et_pb_text _builder_version=&#8221;4.24.0&#8243; _module_preset=&#8221;c07dab56-b5e5-4b5a-8d9a-843919e9c7a5&#8243; text_text_color=&#8221;#FFFFFF&#8221; text_font_size=&#8221;26px&#8221; background_color=&#8221;#5e5e5e&#8221; background_image=&#8221;https:\/\/www.magnolioworld.com\/green-ch\/wp-content\/uploads\/Depositphotos_39197341_xl-2015-900&#215;600.jpg&#8221; background_position=&#8221;top_center&#8221; background_vertical_offset=&#8221;44%&#8221; background_blend=&#8221;soft-light&#8221; text_orientation=&#8221;center&#8221; height=&#8221;110px&#8221; custom_padding=&#8221;29px||||false|false&#8221; link_option_url=&#8221;https:\/\/www.magnolioworld.com\/green-ch\/energie\/&#8221; border_width_all=&#8221;10px&#8221; box_shadow_style=&#8221;preset1&#8243; box_shadow_blur=&#8221;10px&#8221; locked=&#8221;off&#8221; global_colors_info=&#8221;{}&#8221;]<\/p>\n<p>Energie<\/p>\n<p>[\/et_pb_text][\/et_pb_column][et_pb_column type=&#8221;1_4&#8243; _builder_version=&#8221;4.16&#8243; _module_preset=&#8221;default&#8221; global_colors_info=&#8221;{}&#8221;][et_pb_text _builder_version=&#8221;4.24.0&#8243; _module_preset=&#8221;c07dab56-b5e5-4b5a-8d9a-843919e9c7a5&#8243; text_text_color=&#8221;#FFFFFF&#8221; text_font_size=&#8221;26px&#8221; background_color=&#8221;#5e5e5e&#8221; background_image=&#8221;https:\/\/www.magnolioworld.com\/green-ch\/wp-content\/uploads\/Depositphotos_75547451_xl-2015-900&#215;600.jpg&#8221; background_position=&#8221;top_center&#8221; background_vertical_offset=&#8221;52%&#8221; background_blend=&#8221;soft-light&#8221; text_orientation=&#8221;center&#8221; height=&#8221;110px&#8221; custom_padding=&#8221;29px||||false|false&#8221; link_option_url=&#8221;https:\/\/www.magnolioworld.com\/green-ch\/frauenthemen\/&#8221; border_width_all=&#8221;10px&#8221; box_shadow_style=&#8221;preset1&#8243; box_shadow_blur=&#8221;10px&#8221; locked=&#8221;off&#8221; global_colors_info=&#8221;{}&#8221;]<\/p>\n<p>Frauenthemen<\/p>\n<p>[\/et_pb_text][\/et_pb_column][et_pb_column type=&#8221;1_4&#8243; _builder_version=&#8221;4.16&#8243; _module_preset=&#8221;default&#8221; global_colors_info=&#8221;{}&#8221;][et_pb_text _builder_version=&#8221;4.24.0&#8243; _module_preset=&#8221;c07dab56-b5e5-4b5a-8d9a-843919e9c7a5&#8243; text_text_color=&#8221;#FFFFFF&#8221; text_font_size=&#8221;26px&#8221; background_color=&#8221;#5e5e5e&#8221; background_image=&#8221;https:\/\/www.magnolioworld.com\/green-ch\/wp-content\/uploads\/Depositphotos_151217672_xl-2015-900&#215;600.jpg&#8221; background_position=&#8221;top_center&#8221; background_vertical_offset=&#8221;27%&#8221; background_blend=&#8221;soft-light&#8221; text_orientation=&#8221;center&#8221; height=&#8221;110px&#8221; custom_padding=&#8221;29px||||false|false&#8221; link_option_url=&#8221;https:\/\/www.magnolioworld.com\/green-ch\/immunsystem\/&#8221; border_width_all=&#8221;10px&#8221; box_shadow_style=&#8221;preset1&#8243; box_shadow_blur=&#8221;10px&#8221; locked=&#8221;off&#8221; global_colors_info=&#8221;{}&#8221;]<\/p>\n<p>Immunsystem<\/p>\n<p>[\/et_pb_text][\/et_pb_column][\/et_pb_row][et_pb_row column_structure=&#8221;1_4,1_4,1_4,1_4&#8243; use_custom_gutter=&#8221;on&#8221; gutter_width=&#8221;2&#8243; _builder_version=&#8221;4.22.2&#8243; _module_preset=&#8221;default&#8221; custom_padding=&#8221;20px||0px||false|false&#8221; pac_drh_column_numbers_phone=&#8221;pac_drh_phone_col_one&#8221; global_colors_info=&#8221;{}&#8221;][et_pb_column type=&#8221;1_4&#8243; _builder_version=&#8221;4.16&#8243; _module_preset=&#8221;default&#8221; global_colors_info=&#8221;{}&#8221;][et_pb_text _builder_version=&#8221;4.24.0&#8243; _module_preset=&#8221;c07dab56-b5e5-4b5a-8d9a-843919e9c7a5&#8243; text_text_color=&#8221;#FFFFFF&#8221; text_font_size=&#8221;26px&#8221; background_color=&#8221;#5e5e5e&#8221; background_image=&#8221;https:\/\/www.magnolioworld.com\/green-ch\/wp-content\/uploads\/Konzentration-Kinder_63007089_original-900&#215;360.jpg&#8221; background_position=&#8221;bottom_center&#8221; background_vertical_offset=&#8221;0%&#8221; background_blend=&#8221;soft-light&#8221; text_orientation=&#8221;center&#8221; height=&#8221;110px&#8221; custom_padding=&#8221;29px||||false|false&#8221; link_option_url=&#8221;https:\/\/www.magnolioworld.com\/green-ch\/kinder-und-schule\/&#8221; border_width_all=&#8221;10px&#8221; box_shadow_style=&#8221;preset1&#8243; box_shadow_blur=&#8221;10px&#8221; locked=&#8221;off&#8221; global_colors_info=&#8221;{}&#8221;]<\/p>\n<p>Kinder &amp; Schule<\/p>\n<p>[\/et_pb_text][\/et_pb_column][et_pb_column type=&#8221;1_4&#8243; _builder_version=&#8221;4.16&#8243; _module_preset=&#8221;default&#8221; global_colors_info=&#8221;{}&#8221;][et_pb_text _builder_version=&#8221;4.24.0&#8243; _module_preset=&#8221;c07dab56-b5e5-4b5a-8d9a-843919e9c7a5&#8243; text_text_color=&#8221;#FFFFFF&#8221; text_font_size=&#8221;26px&#8221; background_color=&#8221;#5e5e5e&#8221; background_image=&#8221;https:\/\/www.magnolioworld.com\/green-ch\/wp-content\/uploads\/Depositphotos_24932859_xl-2015-900&#215;600.jpg&#8221; background_size=&#8221;custom&#8221; background_image_width=&#8221;449px&#8221; background_position=&#8221;top_right&#8221; background_horizontal_offset=&#8221;50%&#8221; background_vertical_offset=&#8221;21%&#8221; background_blend=&#8221;soft-light&#8221; text_orientation=&#8221;center&#8221; height=&#8221;110px&#8221; custom_padding=&#8221;29px||||false|false&#8221; link_option_url=&#8221;https:\/\/www.magnolioworld.com\/green-ch\/kopf-frei\/&#8221; border_width_all=&#8221;10px&#8221; box_shadow_style=&#8221;preset1&#8243; box_shadow_blur=&#8221;10px&#8221; locked=&#8221;off&#8221; global_colors_info=&#8221;{}&#8221;]<\/p>\n<p>Kopf frei<\/p>\n<p>[\/et_pb_text][\/et_pb_column][et_pb_column type=&#8221;1_4&#8243; _builder_version=&#8221;4.16&#8243; _module_preset=&#8221;default&#8221; global_colors_info=&#8221;{}&#8221;][et_pb_text _builder_version=&#8221;4.24.0&#8243; _module_preset=&#8221;c07dab56-b5e5-4b5a-8d9a-843919e9c7a5&#8243; text_text_color=&#8221;#FFFFFF&#8221; text_font_size=&#8221;26px&#8221; background_color=&#8221;#5e5e5e&#8221; background_image=&#8221;https:\/\/www.magnolioworld.com\/green-ch\/wp-content\/uploads\/Baby-Schlaf_55641323_original-900&#215;360.jpg&#8221; background_blend=&#8221;soft-light&#8221; text_orientation=&#8221;center&#8221; height=&#8221;110px&#8221; custom_padding=&#8221;29px||||false|false&#8221; link_option_url=&#8221;https:\/\/www.magnolioworld.com\/green-ch\/schlaf\/&#8221; border_width_all=&#8221;10px&#8221; box_shadow_style=&#8221;preset1&#8243; box_shadow_blur=&#8221;10px&#8221; locked=&#8221;off&#8221; global_colors_info=&#8221;{}&#8221;]<\/p>\n<p>Schlaf<\/p>\n<p>[\/et_pb_text][\/et_pb_column][et_pb_column type=&#8221;1_4&#8243; _builder_version=&#8221;4.16&#8243; _module_preset=&#8221;default&#8221; global_colors_info=&#8221;{}&#8221;][et_pb_text _builder_version=&#8221;4.24.0&#8243; _module_preset=&#8221;c07dab56-b5e5-4b5a-8d9a-843919e9c7a5&#8243; text_text_color=&#8221;#FFFFFF&#8221; text_font_size=&#8221;26px&#8221; background_color=&#8221;#5e5e5e&#8221; background_image=&#8221;https:\/\/www.magnolioworld.com\/green-ch\/wp-content\/uploads\/Depositphotos_10176840_xl-2015-900&#215;360.jpg&#8221; background_blend=&#8221;soft-light&#8221; text_orientation=&#8221;center&#8221; height=&#8221;110px&#8221; custom_padding=&#8221;29px||||false|false&#8221; link_option_url=&#8221;https:\/\/www.magnolioworld.com\/green-ch\/verdauung\/&#8221; border_width_all=&#8221;10px&#8221; box_shadow_style=&#8221;preset1&#8243; box_shadow_blur=&#8221;10px&#8221; locked=&#8221;off&#8221; global_colors_info=&#8221;{}&#8221;]<\/p>\n<p>Verdauung<\/p>\n<p>[\/et_pb_text][\/et_pb_column][\/et_pb_row][et_pb_row column_structure=&#8221;1_4,1_4,1_4,1_4&#8243; use_custom_gutter=&#8221;on&#8221; gutter_width=&#8221;2&#8243; _builder_version=&#8221;4.22.2&#8243; _module_preset=&#8221;default&#8221; custom_padding=&#8221;20px||50px||false|false&#8221; pac_drh_column_numbers_phone=&#8221;pac_drh_phone_col_one&#8221; global_colors_info=&#8221;{}&#8221;][et_pb_column type=&#8221;1_4&#8243; _builder_version=&#8221;4.16&#8243; _module_preset=&#8221;default&#8221; global_colors_info=&#8221;{}&#8221;][et_pb_text _builder_version=&#8221;4.24.0&#8243; _module_preset=&#8221;c07dab56-b5e5-4b5a-8d9a-843919e9c7a5&#8243; text_text_color=&#8221;#FFFFFF&#8221; text_font_size=&#8221;26px&#8221; background_color=&#8221;#5e5e5e&#8221; background_image=&#8221;https:\/\/www.magnolioworld.com\/green-ch\/wp-content\/uploads\/Frau-Baby_29783937_original-900&#215;600.jpg&#8221; background_position=&#8221;bottom_center&#8221; background_vertical_offset=&#8221;39%&#8221; background_blend=&#8221;soft-light&#8221; text_orientation=&#8221;center&#8221; height=&#8221;110px&#8221; custom_padding=&#8221;29px||||false|false&#8221; link_option_url=&#8221;https:\/\/www.magnolioworld.com\/green-ch\/allgemeines-wohlbefinden\/&#8221; border_width_all=&#8221;10px&#8221; box_shadow_style=&#8221;preset1&#8243; box_shadow_blur=&#8221;10px&#8221; locked=&#8221;off&#8221; global_colors_info=&#8221;{}&#8221;]<\/p>\n<p>Wohlbefinden<\/p>\n<p>[\/et_pb_text][\/et_pb_column][et_pb_column type=&#8221;1_4&#8243; _builder_version=&#8221;4.16&#8243; _module_preset=&#8221;default&#8221; global_colors_info=&#8221;{}&#8221;][\/et_pb_column][et_pb_column type=&#8221;1_4&#8243; _builder_version=&#8221;4.16&#8243; _module_preset=&#8221;default&#8221; global_colors_info=&#8221;{}&#8221;][\/et_pb_column][et_pb_column type=&#8221;1_4&#8243; _builder_version=&#8221;4.16&#8243; _module_preset=&#8221;default&#8221; global_colors_info=&#8221;{}&#8221;][\/et_pb_column][\/et_pb_row][\/et_pb_section]<\/p>\n","protected":false},"excerpt":{"rendered":"<p>Anwendung \u00e4therische \u00d6leDurch die h\u00f6chstm\u00f6gliche Qualit\u00e4t bieten die \u00d6le nicht nur gr\u00f6\u00dfte Sicherheit und einen hohen Wirkungsgrad, sondern auch die Anwendungsm\u00f6glichkeiten steigen ins Grenzenlose. Durch den hohen CPTG Standard, sind nahezu alle \u00e4therischen \u00d6le sogar zur Einnahme geeignet.AbnehmenAtemwegeBeruhigungBewegungEmotionenEnergieFrauenthemenImmunsystemKinder &amp; SchuleKopf freiSchlafVerdauungWohlbefinden<\/p>\n","protected":false},"author":1,"featured_media":0,"parent":0,"menu_order":0,"comment_status":"closed","ping_status":"closed","template":"","meta":{"_et_pb_use_builder":"on","_et_pb_old_content":"","_et_gb_content_width":"","footnotes":""},"categories":[2070],"_links":{"self":[{"href":"https:\/\/www.magnolioworld.com\/green-ch\/wp-json\/wp\/v2\/pages\/3406"}],"collection":[{"href":"https:\/\/www.magnolioworld.com\/green-ch\/wp-json\/wp\/v2\/pages"}],"about":[{"href":"https:\/\/www.magnolioworld.com\/green-ch\/wp-json\/wp\/v2\/types\/page"}],"author":[{"embeddable":true,"href":"https:\/\/www.magnolioworld.com\/green-ch\/wp-json\/wp\/v2\/users\/1"}],"replies":[{"embeddable":true,"href":"https:\/\/www.magnolioworld.com\/green-ch\/wp-json\/wp\/v2\/comments?post=3406"}],"version-history":[{"count":1,"href":"https:\/\/www.magnolioworld.com\/green-ch\/wp-json\/wp\/v2\/pages\/3406\/revisions"}],"predecessor-version":[{"id":15288,"href":"https:\/\/www.magnolioworld.com\/green-ch\/wp-json\/wp\/v2\/pages\/3406\/revisions\/15288"}],"wp:attachment":[{"href":"https:\/\/www.magnolioworld.com\/green-ch\/wp-json\/wp\/v2\/media?parent=3406"}],"wp:term":[{"taxonomy":"category","embeddable":true,"href":"https:\/\/www.magnolioworld.com\/green-ch\/wp-json\/wp\/v2\/categories?post=3406"}],"curies":[{"name":"wp","href":"https:\/\/api.w.org\/{rel}","templated":true}]}}