{"id":3276,"date":"2021-10-17T22:35:15","date_gmt":"2021-10-17T20:35:15","guid":{"rendered":"https:\/\/ch.magnolio.shop\/?page_id=3276"},"modified":"2024-03-07T19:11:45","modified_gmt":"2024-03-07T18:11:45","slug":"uebersicht-unserer-oelmischungen","status":"publish","type":"page","link":"https:\/\/www.magnolioworld.com\/green-ch\/uebersicht-unserer-oelmischungen\/","title":{"rendered":"Men\u00fc | Shop | \u00d6lmischungen"},"content":{"rendered":"<p>[et_pb_section fb_built=&#8221;1&#8243; _builder_version=&#8221;4.16&#8243; _module_preset=&#8221;default&#8221; custom_margin=&#8221;||||false|false&#8221; custom_margin_tablet=&#8221;&#8221; custom_margin_phone=&#8221;||||false|false&#8221; custom_margin_last_edited=&#8221;on|phone&#8221; custom_padding=&#8221;30px||0px||false|false&#8221; global_colors_info=&#8221;{}&#8221;][et_pb_row column_structure=&#8221;2_3,1_3&#8243; _builder_version=&#8221;4.16&#8243; _module_preset=&#8221;default&#8221; custom_margin=&#8221;24px|auto||auto||&#8221; custom_margin_tablet=&#8221;&#8221; custom_margin_phone=&#8221;12px|auto||auto|false|false&#8221; custom_margin_last_edited=&#8221;on|phone&#8221; custom_padding=&#8221;0px||35px||false|false&#8221; global_colors_info=&#8221;{}&#8221;][et_pb_column type=&#8221;2_3&#8243; _builder_version=&#8221;4.16&#8243; _module_preset=&#8221;default&#8221; global_colors_info=&#8221;{}&#8221;][et_pb_text _builder_version=&#8221;4.17.6&#8243; _module_preset=&#8221;default&#8221; custom_margin=&#8221;||7px|||&#8221; header_font_size_tablet=&#8221;&#8221; header_font_size_phone=&#8221;34px&#8221; header_font_size_last_edited=&#8221;on|phone&#8221; global_colors_info=&#8221;{}&#8221;]<\/p>\n<h1>\u00dcbersicht unserer \u00d6lmischungen<\/h1>\n<p>[\/et_pb_text][et_pb_text _builder_version=&#8221;4.16&#8243; _module_preset=&#8221;default&#8221; global_colors_info=&#8221;{}&#8221;]<\/p>\n<p>Die doTERRA \u00d6lmischungen sind die perfekte Kombination aus verschieden \u00e4therischen \u00d6len. Diese k\u00f6nnen deinen K\u00f6rper, Geist und Seele effektiv unterst\u00fctzen. Alle \u00e4therischen \u00d6le sind mit der h\u00f6chstm\u00f6glichen CPTG Qualit\u00e4t enthalten.<\/p>\n<p>[\/et_pb_text][\/et_pb_column][et_pb_column type=&#8221;1_3&#8243; _builder_version=&#8221;4.16&#8243; _module_preset=&#8221;default&#8221; global_colors_info=&#8221;{}&#8221;][et_pb_image src=&#8221;https:\/\/www.magnolioworld.com\/green-ch\/wp-content\/uploads\/20&#215;20.png&#8221; alt=&#8221;\u00c4therische \u00d6lmischungen&#8221; title_text=&#8221;\u00c4therische \u00d6lmischungen&#8221; force_fullwidth=&#8221;on&#8221; _builder_version=&#8221;4.16&#8243; background_image=&#8221;https:\/\/www.magnolioworld.com\/green-ch\/wp-content\/uploads\/doterra-oele-balance-flowers-wood-table-klein.jpg&#8221; height=&#8221;200px&#8221; border_width_all=&#8221;10px&#8221; border_color_all=&#8221;#ffffff&#8221; box_shadow_style=&#8221;preset1&#8243; box_shadow_blur=&#8221;10px&#8221; box_shadow_color=&#8221;#9b9b9b&#8221; locked=&#8221;off&#8221; global_colors_info=&#8221;{}&#8221;][\/et_pb_image][\/et_pb_column][\/et_pb_row][et_pb_row disabled_on=&#8221;on|on|on&#8221; _builder_version=&#8221;4.17.6&#8243; _module_preset=&#8221;default&#8221; background_color=&#8221;#e8e8e8&#8243; custom_margin=&#8221;|auto|0px|auto|false|false&#8221; custom_margin_tablet=&#8221;&#8221; custom_margin_phone=&#8221;|auto|0px|auto|false|false&#8221; custom_margin_last_edited=&#8221;on|phone&#8221; custom_padding=&#8221;12px||0px||false|false&#8221; disabled=&#8221;on&#8221; global_colors_info=&#8221;{}&#8221;][et_pb_column type=&#8221;4_4&#8243; _builder_version=&#8221;4.16&#8243; _module_preset=&#8221;default&#8221; global_colors_info=&#8221;{}&#8221;][et_pb_text _builder_version=&#8221;4.16&#8243; _module_preset=&#8221;default&#8221; text_font_size=&#8221;24px&#8221; text_orientation=&#8221;center&#8221; custom_margin=&#8221;||7px|||&#8221; global_colors_info=&#8221;{}&#8221;]<\/p>\n<p>\u00dcbersicht<\/p>\n<p>[\/et_pb_text][et_pb_text _builder_version=&#8221;4.16&#8243; _module_preset=&#8221;default&#8221; text_orientation=&#8221;center&#8221; custom_padding=&#8221;||15px|||&#8221; global_colors_info=&#8221;{}&#8221;]<\/p>\n<p>Tipp: Nutze den Pfeil unten rechts, um wieder nach oben zu gelangen.<\/p>\n<p>[\/et_pb_text][\/et_pb_column][\/et_pb_row][et_pb_row column_structure=&#8221;1_2,1_2&#8243; use_custom_gutter=&#8221;on&#8221; gutter_width=&#8221;2&#8243; disabled_on=&#8221;on|on|on&#8221; _builder_version=&#8221;4.17.6&#8243; _module_preset=&#8221;default&#8221; background_color=&#8221;#e8e8e8&#8243; custom_margin=&#8221;|auto|0px|auto|false|false&#8221; custom_margin_tablet=&#8221;|auto|0px|auto|false|false&#8221; custom_margin_phone=&#8221;|auto|0px|auto|false|false&#8221; custom_margin_last_edited=&#8221;on|phone&#8221; custom_padding=&#8221;20px|20px|27px|20px|false|false&#8221; pac_drh_column_numbers_phone=&#8221;pac_drh_phone_col_one&#8221; disabled=&#8221;on&#8221; global_colors_info=&#8221;{}&#8221;][et_pb_column type=&#8221;1_2&#8243; _builder_version=&#8221;4.17.3&#8243; _module_preset=&#8221;default&#8221; global_colors_info=&#8221;{}&#8221;][et_pb_text _builder_version=&#8221;4.17.4&#8243; _module_preset=&#8221;default&#8221; text_orientation=&#8221;center&#8221; custom_margin=&#8221;||0px|||&#8221; global_colors_info=&#8221;{}&#8221;]<\/p>\n<p>Sortierung nach deutschen Namen<\/p>\n<p>[\/et_pb_text][et_pb_text _builder_version=&#8221;4.17.4&#8243; _module_preset=&#8221;default&#8221; text_orientation=&#8221;center&#8221; custom_margin=&#8221;||10px||false|false&#8221; global_colors_info=&#8221;{}&#8221;]<\/p>\n<p><a href=\"\/atemwegsmischung-doterra-air\/\">Atemwegsmischung<\/a><br \/><a href=\"\/atemwegsmischung-bonbons-doterra-air-drops\/\">Atemwegsmischung Bonbons<\/a><br \/><a href=\"\/atemwegsmischung-roll-on-doterra-air-touch\/\">Atemwegsmischung Roll-On<\/a><br \/><a href=\"\/ausgleichende-mischung-doterra-balance\/\">Ausgleichende Mischung<\/a><br \/><a href=\"\/belebende-mischung-doterra-cheer\/\">Belebende Mischung Mischung<\/a><br \/><a href=\"\/belebende-mischung-roll-on-doterra-cheer-touch\/\">Belebende Mischung Roll-On<\/a><br \/><a href=\"\/beruhigende-mischung-doterra-adaptiv\/\">Beruhigende Mischung<\/a><br \/><a href=\"\/beruhigende-mischung-roll-on-doterra-adapativ-touch\/\">Beruhigende Mischung Roll-On<\/a><br \/><a href=\"\/emotionale-oele-doterra-essential-aromatics-kit\/\">Emotionale \u00d6le Paket<\/a><br \/><a href=\"\/emotionale-oele-roll-on-doterra-essential-aromatics-touch-kit\/\">Emotionale \u00d6le Roll-On Paket<\/a><br \/><a href=\"\/energetisierende-mischung-doterra-elevation\/\">Energetisierende Mischung<\/a><br \/><a href=\"\/entgiftende-mischung-doterra-zendocrine\/\">Entgiftende Mischung<\/a><br \/><a href=\"\/erdende-mischung-doterra-arise\/\">Erdende Mischung<\/a><br \/><a href=\"\/erdende-mischung-fuer-kinder-doterra-steady-touch\/\">Erdende Mischung f\u00fcr Kinder<\/a><br \/><a href=\"\/erfrischende-mischung-doterra-citrus-bliss\/\">Erfrischende Mischung<\/a><br \/><a href=\"\/erholsame-mischung-doterra-serenity\/\">Erholsame Mischung<\/a><br \/><a href=\"\/erholsame-mischung-fuer-kinder-doterra-calmer-touch\/\">Erholsame Mischung f\u00fcr Kinder<\/a><br \/><a href=\"\/ermutigende-mischung-doterra-motivate\/\">Ermutigende Mischung<\/a><br \/><a href=\"\/ermutigende-mischung-roll-on-doterra-motivate-touch\/\">Ermutigende Mischung Roll-On<\/a><br \/><a href=\"\/ermutigende-oelmischung-fuer-kinder-doterra-brave\/\">Ermutigende Mischung f\u00fcr Kinder<\/a><br \/><a href=\"\/erneuernde-mischung-doterra-forgive\/\">Erneuernde Mischung<\/a><br \/><a href=\"\/erneuernde-mischung-roll-on-doterra-forgive-touch\/\">Erneuernde Mischung Roll-On<\/a><br \/><a href=\"\/fokusmischung-doterra-intune\/\">Fokusmischung<\/a><br \/><a href=\"\/fokusmischung-fuer-kinder-roll-on-doterra-thinker-touch\/\">Fokusmischung f\u00fcr Kinder Roll-On<\/a><br \/><a href=\"\/frauenmischung-doterra-whisper-touch\/\">Frauenmischung Roll-On<\/a><br \/><a href=\"\/friedvolle-mischung-doterra-peace\/\">Friedvolle Mischung<\/a><br \/><a href=\"\/friedvolle-mischung-roll-on-doterra-peace-touch\/\">Friedvolle Mischung Roll-On<\/a><br \/><a href=\"\/hoffnungsvolle-mischung-doterra-hope\/\">Hoffnungsvolle Mischung<\/a><br \/><a href=\"\/insektenschutz-mischung-doterra-terrashield\/\">Insektenschutz Mischung<\/a><br \/><a href=\"\/insektenschutz-mischung-spray-doterra-terrashield-spray\/\">Insektenschutz Mischung Spr\u00fchflasche<\/a><br \/><a href=\"\/inspirierende-mischung-doterra-passion\/\">Inspirierende Mischung<\/a><br \/><a href=\"\/inspirierende-mischung-roll-on-doterra-passion-touch\/\">Inspirierende Mischung Roll-On<\/a><br \/><a href=\"\/lindernde-mischung-doterra-deep-blue\/\">Lindernde Mischung<\/a><br \/><a href=\"\/lindernde-mischung-roll-on-doterra-deep-blue-touch\/\">Lindernde Mischung Roll-On<\/a><br \/><a href=\"\/lindernde-mischung-roll-on-pur-doterra-deep-blue-roll-on\/\">Lindernde Mischung Roll-On Pur<\/a><br \/><a href=\"\/lindernde-oelmischung-fuer-kinder-doterra-rescuer\/\">Lindernde Mischung f\u00fcr Kinder<\/a><br \/><a href=\"\/massagemischung-doterra-aromatouch\/\">Massagemischung<\/a><br \/><a href=\"\/monatliche-mischung-fuer-frauen-doterra-clary-calm\/\">Monatliche Mischung f\u00fcr Frauen<\/a><br \/><a href=\"\/oele-fuer-kinder-doterra-kids-collection\/\">\u00d6le f\u00fcr Kinder Paket<\/a><br \/><a href=\"\/regenerationsmischung-doterra-yarrow-pom-oil\/\">Regenerationsmischung<\/a><br \/><a href=\"\/regenerationsmischung-doterra-yarrow-pom-serum\/\">Regenerationsmischung Serum<\/a><br \/><a href=\"\/reinigende-mischung-doterra-purify\/\">Reinigende Mischung<\/a><br \/><a href=\"\/schuetzende-mischung-doterra-on-guard\/\">Sch\u00fctzende Mischung<\/a><br \/><a href=\"\/schuetzende-mischung-roll-on-doterra-on-guard-touch\/\">Sch\u00fctzende Mischung Roll-On<\/a><br \/><a href=\"\/doterra-on-guard-beadlets-schuetzende-mischung-kuegelchen\/\">Sch\u00fctzende Mischung K\u00fcgelchen<\/a><br \/><a href=\"\/schuetzende-mischung-handreinigungsspray-doterra-on-guard-mist\/\">Sch\u00fctzende Mischung Spr\u00fchflasche<\/a><br \/><a href=\"\/schuetzende-mischung-fuer-kinder-doterra-stronger-touch\/\">Sch\u00fctzende Mischung f\u00fcr Kinder<\/a><br \/><a href=\"\/spannungsloesende-mischung-doterra-pasttense\/\">Spannungsl\u00f6sende Mischung<\/a><br \/><a href=\"\/stabilisierende-mischung-doterra-anchor\/\">Stabilisierende Mischung<\/a><br \/><a href=\"\/stoffwechselmischung-doterra-smart-sassy\/\">Stoffwechselmischung<\/a><br \/><a href=\"\/troestende-mischung-doterra-console\/\">Tr\u00f6stende Mischung<\/a><br \/><a href=\"\/troestende-mischung-roll-on-doterra-console-touch\/\">Tr\u00f6stende Mischung Roll-On<\/a><br \/><a href=\"\/verdauungsmischung-doterra-zengest\/\">Verdauungsmischung<\/a><br \/><a href=\"\/verdauungsmischung-roll-on-doterra-zengest-touch\/\">Verdauungsmischung Roll-On<\/a><br \/><a href=\"\/verdauungsmischung-fuer-kinder-doterra-tamer-touch\/\">Verdauungsmischung f\u00fcr Kinder<\/a><br \/><a href=\"\/verjuengende-mischung-roll-on-doterra-salubelle-touch\/\">Verj\u00fcngende Mischung Roll-On<\/a><br \/><a href=\"\/yoga-paket-doterra-yoga-kit\/\">Yoga Paket<\/a><br \/><a href=\"\/zentrierende-mischung-doterra-align\/\">Zentrierende Mischung<\/a><\/p>\n<p>[\/et_pb_text][\/et_pb_column][et_pb_column type=&#8221;1_2&#8243; _builder_version=&#8221;4.17.3&#8243; _module_preset=&#8221;default&#8221; global_colors_info=&#8221;{}&#8221;][et_pb_text _builder_version=&#8221;4.17.4&#8243; _module_preset=&#8221;default&#8221; text_orientation=&#8221;center&#8221; custom_margin=&#8221;||0px|||&#8221; global_colors_info=&#8221;{}&#8221;]<\/p>\n<p>Sortierung nach englischen Namen<\/p>\n<p>[\/et_pb_text][et_pb_text _builder_version=&#8221;4.17.4&#8243; _module_preset=&#8221;default&#8221; text_orientation=&#8221;center&#8221; custom_margin=&#8221;||10px||false|false&#8221; global_colors_info=&#8221;{}&#8221;]<a href=\"\/beruhigende-mischung-doterra-adaptiv\/\">Adaptiv<\/a><br \/>\n<a href=\"\/beruhigende-mischung-roll-on-doterra-adapativ-touch\/\">Adapativ Touch<\/a><br \/>\n<a href=\"\/atemwegsmischung-doterra-air\/\">Air<\/a><br \/>\n<a href=\"\/atemwegsmischung-bonbons-doterra-air-drops\/\">Air Drops<\/a><br \/>\n<a href=\"\/atemwegsmischung-roll-on-doterra-air-touch\/\">Air Touch<\/a><br \/>\n<a href=\"\/zentrierende-mischung-doterra-align\/\">Align<\/a><br \/>\n<a href=\"\/stabilisierende-mischung-doterra-anchor\/\">Anchor<\/a><br \/>\n<a href=\"\/erdende-mischung-doterra-arise\/\">Arise<\/a><br \/>\n<a href=\"\/massagemischung-doterra-aromatouch\/\">Aromatouch<\/a><br \/>\n<a href=\"\/ausgleichende-mischung-doterra-balance\/\">Balance<\/a><br \/>\n<a href=\"\/ermutigende-oelmischung-fuer-kinder-doterra-brave\/\">Brave Touch<\/a><br \/>\n<a href=\"\/erholsame-mischung-fuer-kinder-doterra-calmer-touch\/\">Calmer Touch<\/a><br \/>\n<a href=\"\/belebende-mischung-doterra-cheer\/\">Cheer<\/a><br \/>\n<a href=\"\/belebende-mischung-roll-on-doterra-cheer-touch\/\">Cheer Touch<\/a><br \/>\n<a href=\"\/erfrischende-mischung-doterra-citrus-bliss\/\">Citrus Bliss<\/a><br \/>\n<a href=\"\/monatliche-mischung-fuer-frauen-doterra-clary-calm\/\">Clary Calm<\/a><br \/>\n<a href=\"\/troestende-mischung-doterra-console\/\">Console<\/a><br \/>\n<a href=\"\/troestende-mischung-roll-on-doterra-console-touch\/\">Console Touch<\/a><br \/>\n<a href=\"\/lindernde-mischung-doterra-deep-blue\/\">Deep Blue<\/a><br \/>\n<a href=\"\/lindernde-mischung-roll-on-doterra-deep-blue-touch\/\">Deep Blue Touch<\/a><br \/>\n<a href=\"\/lindernde-mischung-roll-on-pur-doterra-deep-blue-roll-on\/\">Deep Blue Roll-On<\/a><br \/>\n<a href=\"\/energetisierende-mischung-doterra-elevation\/\">Elevation<\/a><br \/>\n<a href=\"\/emotionale-oele-doterra-essential-aromatics-kit\/\">Essential Aromatics Kit<\/a><br \/>\n<a href=\"\/emotionale-oele-roll-on-doterra-essential-aromatics-touch-kit\/\">Essential Aromatics Touch Kit<\/a><br \/>\n<a href=\"\/erneuernde-mischung-doterra-forgive\/\">Forgive<\/a><br \/>\n<a href=\"\/erneuernde-mischung-roll-on-doterra-forgive-touch\/\">Forgive Touch<\/a><br \/>\n<a href=\"\/hoffnungsvolle-mischung-doterra-hope\/\">Hope<\/a><br \/>\n<a href=\"\/fokusmischung-doterra-intune\/\">InTune<\/a><br \/>\n<a href=\"\/oele-fuer-kinder-doterra-kids-collection\/\">Kids Collection<\/a><br \/>\n<a href=\"\/ermutigende-mischung-doterra-motivate\/\">Motivate<\/a><br \/>\n<a href=\"\/ermutigende-mischung-roll-on-doterra-motivate-touch\/\">Motivate Touch<\/a><br \/>\n<a href=\"\/schuetzende-mischung-doterra-on-guard\/\">OnGuard<\/a><br \/>\n<a href=\"\/schuetzende-mischung-roll-on-doterra-on-guard-touch\/\">OnGuard Touch<\/a><br \/>\n<a href=\"\/doterra-on-guard-beadlets-schuetzende-mischung-kuegelchen\/\">OnGuard Beadlets<\/a><br \/>\n<a href=\"\/schuetzende-mischung-handreinigungsspray-doterra-on-guard-mist\/\">OnGuard Spray<\/a><br \/>\n<a href=\"\/inspirierende-mischung-doterra-passion\/\">Passion<\/a><br \/>\n<a href=\"\/inspirierende-mischung-roll-on-doterra-passion-touch\/\">Passion Touch<\/a><br \/>\n<a href=\"\/spannungsloesende-mischung-doterra-pasttense\/\">PastTense<\/a><br \/>\n<a href=\"\/friedvolle-mischung-doterra-peace\/\">Peace<\/a><br \/>\n<a href=\"\/friedvolle-mischung-roll-on-doterra-peace-touch\/\">Peace Touch<\/a><br \/>\n<a href=\"\/reinigende-mischung-doterra-purify\/\">Purify<\/a><br \/>\n<a href=\"\/lindernde-oelmischung-fuer-kinder-doterra-rescuer\/\">Rescuer Touch<\/a><br \/>\n<a href=\"\/verjuengende-mischung-roll-on-doterra-salubelle-touch\/\">Salubelle Touch<\/a><br \/>\n<a href=\"\/erholsame-mischung-doterra-serenity\/\">Serenity<\/a><br \/>\n<a href=\"\/stoffwechselmischung-doterra-smart-sassy\/\">Smart &amp; Sassy<\/a><br \/>\n<a href=\"\/erdende-mischung-fuer-kinder-doterra-steady-touch\/\">Steady Touch<\/a><br \/>\n<a href=\"\/schuetzende-mischung-fuer-kinder-doterra-stronger-touch\/\">Stronger Touch<\/a><br \/>\n<a href=\"\/verdauungsmischung-fuer-kinder-doterra-tamer-touch\/\">Tamer Touch<\/a><br \/>\n<a href=\"\/insektenschutz-mischung-doterra-terrashield\/\">Terrashield<\/a><br \/>\n<a href=\"\/insektenschutz-mischung-spray-doterra-terrashield-spray\/\">Terrashield Spray<\/a><br \/>\n<a href=\"\/fokusmischung-fuer-kinder-roll-on-doterra-thinker-touch\/\">Thinker Touch<\/a><br \/>\n<a href=\"\/frauenmischung-doterra-whisper-touch\/\">Whisper Touch<\/a><br \/>\n<a href=\"\/regenerationsmischung-doterra-yarrow-pom-oil\/\">Yarrow Pom Oil<\/a><br \/>\n<a href=\"\/regenerationsmischung-doterra-yarrow-pom-serum\/\">Yarrow Pom Serum<\/a><br \/>\n<a href=\"\/yoga-paket-doterra-yoga-collection\/\">Yoga Collection<\/a><br \/>\n<a href=\"\/verdauungsmischung-doterra-zengest\/\">ZenGest<\/a><br \/>\n<a href=\"\/verdauungsmischung-roll-on-doterra-zengest-touch\/\">ZenGest Touch<\/a><br \/>\n<a href=\"\/entgiftende-mischung-doterra-zendocrine\/\">Zendocrine<\/a>[\/et_pb_text][\/et_pb_column][\/et_pb_row][et_pb_row column_structure=&#8221;1_2,1_2&#8243; use_custom_gutter=&#8221;on&#8221; gutter_width=&#8221;2&#8243; disabled_on=&#8221;on|on|on&#8221; _builder_version=&#8221;4.17.4&#8243; _module_preset=&#8221;default&#8221; background_color=&#8221;#e8e8e8&#8243; custom_margin=&#8221;|auto|0px|auto|false|false&#8221; custom_margin_tablet=&#8221;|auto|0px|auto|false|false&#8221; custom_margin_phone=&#8221;|auto|0px|auto|false|false&#8221; custom_margin_last_edited=&#8221;on|phone&#8221; custom_padding=&#8221;20px|20px|0px|20px|false|false&#8221; pac_drh_column_numbers_phone=&#8221;pac_drh_phone_col_one&#8221; disabled=&#8221;on&#8221; global_colors_info=&#8221;{}&#8221;][et_pb_column type=&#8221;1_2&#8243; _builder_version=&#8221;4.17.3&#8243; _module_preset=&#8221;default&#8221; global_colors_info=&#8221;{}&#8221;][et_pb_text _builder_version=&#8221;4.17.4&#8243; _module_preset=&#8221;default&#8221; text_orientation=&#8221;center&#8221; custom_margin=&#8221;||0px|||&#8221; global_colors_info=&#8221;{}&#8221;]<\/p>\n<p>Sortierung nach deutschen Namen<\/p>\n<p>[\/et_pb_text][\/et_pb_column][et_pb_column type=&#8221;1_2&#8243; _builder_version=&#8221;4.17.3&#8243; _module_preset=&#8221;default&#8221; global_colors_info=&#8221;{}&#8221;][et_pb_text _builder_version=&#8221;4.17.4&#8243; _module_preset=&#8221;default&#8221; text_orientation=&#8221;center&#8221; custom_margin=&#8221;||0px|||&#8221; global_colors_info=&#8221;{}&#8221;]<\/p>\n<p>Sortierung nach englischen Namen<\/p>\n<p>[\/et_pb_text][et_pb_text _builder_version=&#8221;4.17.4&#8243; _module_preset=&#8221;default&#8221; text_orientation=&#8221;center&#8221; custom_margin=&#8221;||10px||false|false&#8221; global_colors_info=&#8221;{}&#8221;]<a href=\"\/doterra-adaptiv-beruhigende-mischung\/\">Beruhigende Mischung (Adaptiv (Beruhigende Mischung)<\/a><br \/>\n<a href=\"\/doterra-adaptiv-touch-beruhigende-mischung\/\">Adaptiv Roller<\/a><br \/>\n<a href=\"\/doterra-air-atemwegsoel\/\">Air (Atemwegs\u00f6l)<\/a><br \/>\n<a href=\"\/doterra-air-touch-atemwegsoel\/\">Air Roller (Atemwegs\u00f6l)<\/a><br \/>\n<a href=\"\/doterra-air-lutschpastillen-luftholen-air-breathe-respiratory-drops\/\">Air Bonbons (Atemwegs\u00f6l)<\/a><\/p>\n<p><a href=\"\/doterra-align-oel-der-zentrierung\/\">Align<\/a><br \/>\n<a href=\"\/doterra-anchor-oel-der-stabilisierung\/\">Anchor<\/a><br \/>\n<a href=\"\/doterra-arise-oel-der-erleuchtung\/\">Arise<\/a><br \/>\n<a href=\"\/doterra-aromatouch-massageoel\/\">Aromatouch<\/a><br \/>\n<a href=\"\/doterra-balance-oel-des-ausgleichs\/\">Balance<\/a><br \/>\n<a href=\"\/doterra-brave-oel-der-ermutigung\/\">Brave<\/a><br \/>\n<a href=\"\/doterra-calmer-oel-der-beruhigung\/\">Calmer<\/a><br \/>\n<a href=\"\/doterra-cheer-erbauende-oelmischung\/\">Cheer<\/a><br \/>\n<a href=\"\/doterra-cheer-touch-erbauende-oelmischung\/\">Cheer Roller<\/a><br \/>\n<a href=\"\/doterra-citrus-bliss-belebende-oelmischung\/\">Citrus Bliss<\/a><br \/>\n<a href=\"\/doterra-clary-calm-oel-monatliche-mischung-fuer-frauen\/\">Clary Calm<\/a><br \/>\n<a href=\"\/doterra-console-troestende-oelmischung\/\">Console<\/a><br \/>\n<a href=\"\/doterra-console-touch-troestende-oelmischung\/\">Console Roller<\/a><br \/>\n<a href=\"\/doterra-deep-blue-besaenftigende-oelmischung\/\">Deep Blue<\/a><\/p>\n<p><a href=\"\/doterra-deep-blue-besaenftigende-oelmischung\/\">Deep Blue Roller fehlt<\/a><br \/>\n<a href=\"\/doterra-deep-blue-besaenftigende-oelmischung\/\">Deep Blue Roller Pur fehlt<\/a><\/p>\n<p><a href=\"\/doterra-elevation-energetisierende-oelmischung\/\">Elevation<\/a><br \/>\n<a href=\"\/doterra-essential-aromatics-kit\/\">Essential Aromatics Kit<\/a><br \/>\n<a href=\"\/doterra-essential-aromatics-touch\/\">Essential Aromatics Roller Kit<\/a><br \/>\n<a href=\"\/doterra-forgive-oel-der-vergebung\/\">Forgive<\/a><br \/>\n<a href=\"\/doterra-forgive-touch-oel-der-vergebung\/\">Forgive Roller<\/a><br \/>\n<a href=\"\/doterra-harvest-spice-oel\/\">Harvest Spice<\/a><br \/>\n<a href=\"\/doterra-hope-touch-oel-der-hoffnung\/\">Hope<\/a><\/p>\n<p><a href=\"\/doterra-intune-touch-oel-der-fokussierung\/\">InTune<\/a><br \/>\n<a href=\"\/doterra-kids-collection-kinder-paket\/\">Kids Collection<\/a><br \/>\n<a href=\"\/doterra-koerpererneuerungs-serum-yarrow-pom-body-renewal-serum\/\">K\u00f6rp. Serum<\/a><br \/>\n<a href=\"\/doterra-motivate-oel-der-motivation\/\">Motivate<\/a><br \/>\n<a href=\"\/doterra-motivate-touch-oel-der-motivation\/\">Motivate Roller<\/a><br \/>\n<a href=\"\/doterra-onguard-schuetzende-oelmischung\/\">OnGuard<\/a><br \/>\n<a href=\"\/doterra-onguard-touch-schuetzende-oelmischung\/\">OnGuard Roller<\/a><br \/>\n<a href=\"\/doterra-onguard-beadlets-schuetzende-oelmischung\/\">OnGuard K\u00fcgelchen<\/a><br \/>\n<a href=\"#mischung-m-p\">OnGuard Bonbons fehlt<\/a><br \/>\n<a href=\"\/doterra-passion-oel-der-leidenschaft\/\">Passion<\/a><br \/>\n<a href=\"\/doterra-passion-touch-oel-der-leidenschaft\/\">Passion Roller<\/a><br \/>\n<a href=\"\/doterra-pasttense-oel-der-entspannung\/\">PastTense<\/a><br \/>\n<a href=\"\/doterra-peace-oel-des-inneren-friedens\/\">Peace<\/a><br \/>\n<a href=\"\/doterra-peace-touch-oel-des-inneren-friedens\/\">Peace Roller<\/a><br \/>\n<a href=\"\/doterra-purify-oel-der-reinigung\/\">Purify<\/a><\/p>\n<p><a href=\"\/doterra-resucer-oel-der-linderung\/\">Rescuer<\/a><br \/>\n<a href=\"\/doterra-salubelle-anti-aging-mischung\/\">Salubelle<\/a><br \/>\n<a href=\"\/doterra-schafgarbe-granatapfeloel-yarrow-pom-oel\/\">Schafgarbe<\/a><br \/>\n<a href=\"\/doterra-serenity-beruhigende-mischung\/\">Serenity<\/a><br \/>\n<a href=\"\/doterra-smart-und-sassy-stoffwechselmischung\/\">Smart &amp; Sassy<\/a><br \/>\n<a href=\"\/doterra-steady-erdende-mischung\/\">Steady<\/a><br \/>\n<a href=\"\/doterra-stronger-staerkende-mischung\/\">Stronger<\/a><br \/>\n<a href=\"\/doterra-tamer-oel-verdauungsmischung\/\">Tamer<\/a><br \/>\n<a href=\"\/doterra-terrashield-insektenabwehr\/\">Terrashield<\/a><br \/>\n<a href=\"\/doterra-terrashield-spray-insektenabwehr\/\">Terrashield Spray<\/a><br \/>\n<a href=\"\/doterra-thinker-oel-der-wachsamkeit\/\">Thinker<\/a><br \/>\n<a href=\"\/doterra-whisper-touch-oel-der-frauen\/\">Whisper<\/a><br \/>\n<a href=\"\/doterra-yoga-collection-kit\/\">Yoga Collection<\/a><br \/>\n<a href=\"\/doterra-zengest-oel-der-verdauung\/\">ZenGest<\/a><br \/>\n<a href=\"\/doterra-zengest-touch-verdauungsmischung\/\">ZenGest Roll-On<\/a><br \/>\n<a href=\"\/doterra-zendocrine-oel-der-entgiftung\/\">Zendocrine<\/a>[\/et_pb_text][\/et_pb_column][\/et_pb_row][et_pb_row module_id=&#8221;mischung-a-d&#8221; _builder_version=&#8221;4.16&#8243; _module_preset=&#8221;default&#8221; custom_margin=&#8221;40px|auto|0px|auto|false|false&#8221; custom_padding=&#8221;0px||0px||false|false&#8221; global_colors_info=&#8221;{}&#8221;][et_pb_column type=&#8221;4_4&#8243; _builder_version=&#8221;4.16&#8243; _module_preset=&#8221;default&#8221; global_colors_info=&#8221;{}&#8221;][et_pb_text _builder_version=&#8221;4.17.4&#8243; _module_preset=&#8221;default&#8221; custom_margin=&#8221;||7px|||&#8221; global_colors_info=&#8221;{}&#8221;]<\/p>\n<h2>Produkte A-Z<\/h2>\n<p>[\/et_pb_text][et_pb_shop type=&#8221;product_category&#8221; posts_number=&#8221;100&#8243; include_categories=&#8221;51&#8243; columns_number=&#8221;4&#8243; orderby=&#8221;menu_order&#8221; show_rating=&#8221;off&#8221; _builder_version=&#8221;4.17.4&#8243; title_font_size=&#8221;22px&#8221; price_font_size=&#8221;14px&#8221; min_height=&#8221;504px&#8221; custom_margin=&#8221;||0px||false|false&#8221; custom_padding=&#8221;0px||0px||false|false&#8221; title_font_size_last_edited=&#8221;off|desktop&#8221; pac_drh_column_numbers_phone=&#8221;pac_drh_ph_col_two&#8221; locked=&#8221;off&#8221; global_colors_info=&#8221;{}&#8221;][\/et_pb_shop][\/et_pb_column][\/et_pb_row][\/et_pb_section]<\/p>\n","protected":false},"excerpt":{"rendered":"<p>\u00dcbersicht unserer \u00d6lmischungenDie doTERRA \u00d6lmischungen sind die perfekte Kombination aus verschieden \u00e4therischen \u00d6len. Diese k\u00f6nnen deinen K\u00f6rper, Geist und Seele effektiv unterst\u00fctzen. Alle \u00e4therischen \u00d6le sind mit der h\u00f6chstm\u00f6glichen CPTG Qualit\u00e4t enthalten.\u00dcbersichtTipp: Nutze den Pfeil unten rechts, um wieder nach oben zu gelangen.Sortierung nach deutschen NamenAtemwegsmischungAtemwegsmischung BonbonsAtemwegsmischung Roll-OnAusgleichende MischungBelebende Mischung MischungBelebende Mischung Roll-OnBeruhigende MischungBeruhigende Mischung [&hellip;]<\/p>\n","protected":false},"author":1,"featured_media":0,"parent":0,"menu_order":0,"comment_status":"closed","ping_status":"closed","template":"","meta":{"_et_pb_use_builder":"on","_et_pb_old_content":"","_et_gb_content_width":"","footnotes":""},"categories":[2071],"_links":{"self":[{"href":"https:\/\/www.magnolioworld.com\/green-ch\/wp-json\/wp\/v2\/pages\/3276"}],"collection":[{"href":"https:\/\/www.magnolioworld.com\/green-ch\/wp-json\/wp\/v2\/pages"}],"about":[{"href":"https:\/\/www.magnolioworld.com\/green-ch\/wp-json\/wp\/v2\/types\/page"}],"author":[{"embeddable":true,"href":"https:\/\/www.magnolioworld.com\/green-ch\/wp-json\/wp\/v2\/users\/1"}],"replies":[{"embeddable":true,"href":"https:\/\/www.magnolioworld.com\/green-ch\/wp-json\/wp\/v2\/comments?post=3276"}],"version-history":[{"count":1,"href":"https:\/\/www.magnolioworld.com\/green-ch\/wp-json\/wp\/v2\/pages\/3276\/revisions"}],"predecessor-version":[{"id":13587,"href":"https:\/\/www.magnolioworld.com\/green-ch\/wp-json\/wp\/v2\/pages\/3276\/revisions\/13587"}],"wp:attachment":[{"href":"https:\/\/www.magnolioworld.com\/green-ch\/wp-json\/wp\/v2\/media?parent=3276"}],"wp:term":[{"taxonomy":"category","embeddable":true,"href":"https:\/\/www.magnolioworld.com\/green-ch\/wp-json\/wp\/v2\/categories?post=3276"}],"curies":[{"name":"wp","href":"https:\/\/api.w.org\/{rel}","templated":true}]}}