{"id":3267,"date":"2021-10-17T22:00:23","date_gmt":"2021-10-17T20:00:23","guid":{"rendered":"https:\/\/ch.magnolio.shop\/?page_id=3267"},"modified":"2024-03-07T18:58:31","modified_gmt":"2024-03-07T17:58:31","slug":"verdauung","status":"publish","type":"page","link":"https:\/\/www.magnolioworld.com\/green-ch\/verdauung\/","title":{"rendered":"Men\u00fc | Anwendung | Verdauung"},"content":{"rendered":"<p>[et_pb_section fb_built=&#8221;1&#8243; _builder_version=&#8221;4.16&#8243; _module_preset=&#8221;default&#8221; custom_margin=&#8221;||||false|false&#8221; custom_margin_tablet=&#8221;&#8221; custom_margin_phone=&#8221;||||false|false&#8221; custom_margin_last_edited=&#8221;on|phone&#8221; custom_padding=&#8221;30px||30px||false|false&#8221; global_colors_info=&#8221;{}&#8221;][et_pb_row column_structure=&#8221;2_3,1_3&#8243; _builder_version=&#8221;4.16&#8243; _module_preset=&#8221;default&#8221; custom_margin=&#8221;24px|auto||auto||&#8221; custom_margin_tablet=&#8221;&#8221; custom_margin_phone=&#8221;12px|auto||auto|false|false&#8221; custom_margin_last_edited=&#8221;on|phone&#8221; custom_padding=&#8221;0px||35px||false|false&#8221; global_colors_info=&#8221;{}&#8221;][et_pb_column type=&#8221;2_3&#8243; _builder_version=&#8221;4.16&#8243; _module_preset=&#8221;default&#8221; global_colors_info=&#8221;{}&#8221;][et_pb_text _builder_version=&#8221;4.16&#8243; _module_preset=&#8221;default&#8221; custom_margin=&#8221;||7px|||&#8221; header_font_size_tablet=&#8221;&#8221; header_font_size_phone=&#8221;34px&#8221; header_font_size_last_edited=&#8221;on|phone&#8221; global_colors_info=&#8221;{}&#8221;]<\/p>\n<h1>Verdauung unterst\u00fctzen mit \u00e4therischen \u00d6len<\/h1>\n<p>[\/et_pb_text][et_pb_text _builder_version=&#8221;4.16&#8243; _module_preset=&#8221;default&#8221; global_colors_info=&#8221;{}&#8221;]<\/p>\n<p>Wie sch\u00f6n w\u00e4re es doch mit Leichtigkeit und Wohlbehagen aus der K\u00f6rpermitte zu erfahren? Die K\u00f6rpermitte und die Verdauung sind wichtige Schaltzentralen im K\u00f6rper.<\/p>\n<p>Hier wird nicht nur Essen verdaut. Auch das t\u00e4gliche Leben will gut verdaut werden. Leider ist es in der Praxis oft so, dass wir gerade in diesem Bereich eine Schw\u00e4che haben, die sich in vielf\u00e4ltigen Befindlichkeiten rund um den Verdauungsbereich zeigt. Sei es, dass wir zu viel oder falsch essen oder uns nicht gen\u00fcgend Zeit f\u00fcr die Nahrungsaufnahme und Zubereitung nehmen. Unsere Verdauung wird mit Fast Food, Genussmittel oder Nahrungsunvertr\u00e4glichkeiten \u00fcberlastet. Auch im Urlaub kann uns eine Nahrungsumstellung zu schaffen machen. Es kann aber auch sein, dass uns etwas seelisch auf den Magen schl\u00e4gt. Nicht umsonst gibt es die Redewendung vor etwas Schiss haben.<\/p>\n<p>F\u00fcr die vielf\u00e4ltigen Befindlichkeiten stehen die \u00e4therischen \u00d6le von doTERRA zur Verf\u00fcgung.<\/p>\n<p>[\/et_pb_text][\/et_pb_column][et_pb_column type=&#8221;1_3&#8243; _builder_version=&#8221;4.16&#8243; _module_preset=&#8221;default&#8221; global_colors_info=&#8221;{}&#8221;][et_pb_image src=&#8221;https:\/\/www.magnolioworld.com\/green-ch\/wp-content\/uploads\/20&#215;20.png&#8221; alt=&#8221;Verdauung unterst\u00fctzen mit \u00e4therischen \u00d6len&#8221; title_text=&#8221;Verdauung unterst\u00fctzen mit \u00e4therischen \u00d6len&#8221; force_fullwidth=&#8221;on&#8221; _builder_version=&#8221;4.16&#8243; background_image=&#8221;https:\/\/www.magnolioworld.com\/green-ch\/wp-content\/uploads\/Depositphotos_10176840_xl-2015.jpg&#8221; height=&#8221;200px&#8221; border_width_all=&#8221;10px&#8221; border_color_all=&#8221;#ffffff&#8221; box_shadow_style=&#8221;preset1&#8243; box_shadow_blur=&#8221;10px&#8221; box_shadow_color=&#8221;#9b9b9b&#8221; locked=&#8221;off&#8221; global_colors_info=&#8221;{}&#8221;][\/et_pb_image][\/et_pb_column][\/et_pb_row][et_pb_row _builder_version=&#8221;4.16&#8243; _module_preset=&#8221;default&#8221; background_color=&#8221;#e8e8e8&#8243; custom_margin=&#8221;|auto|24px|auto||&#8221; custom_margin_tablet=&#8221;&#8221; custom_margin_phone=&#8221;|auto|26px|auto|false|false&#8221; custom_margin_last_edited=&#8221;on|phone&#8221; custom_padding=&#8221;20px||20px||false|false&#8221; locked=&#8221;off&#8221; global_colors_info=&#8221;{}&#8221;][et_pb_column type=&#8221;4_4&#8243; _builder_version=&#8221;4.16&#8243; _module_preset=&#8221;default&#8221; global_colors_info=&#8221;{}&#8221;][et_pb_text _builder_version=&#8221;4.16&#8243; _module_preset=&#8221;default&#8221; text_font_size=&#8221;24px&#8221; text_orientation=&#8221;center&#8221; custom_margin=&#8221;||7px|||&#8221; global_colors_info=&#8221;{}&#8221;]<\/p>\n<p>\u00dcbersicht<\/p>\n<p>[\/et_pb_text][et_pb_text _builder_version=&#8221;4.16&#8243; _module_preset=&#8221;default&#8221; text_orientation=&#8221;center&#8221; custom_margin=&#8221;||10px||false|false&#8221; global_colors_info=&#8221;{}&#8221;]<\/p>\n<p><a href=\"#verdauung-aktuell\">Aktuelle St\u00f6rung<\/a> || <a href=\"#verdauung-dauerhaft\">Dauerhafte St\u00f6rung<\/a> || <a href=\"#verdauung-schutz\">Vorbeugender Schutz<\/a><\/p>\n<p>[\/et_pb_text][et_pb_text _builder_version=&#8221;4.16&#8243; _module_preset=&#8221;default&#8221; text_orientation=&#8221;center&#8221; global_colors_info=&#8221;{}&#8221;]<\/p>\n<p>Tipp: Nutze den Pfeil unten rechts, um wieder nach oben zu gelangen.<\/p>\n<p>[\/et_pb_text][\/et_pb_column][\/et_pb_row][et_pb_row module_id=&#8221;verdauung-aktuell&#8221; _builder_version=&#8221;4.16&#8243; _module_preset=&#8221;default&#8221; custom_margin=&#8221;40px|auto||auto|false|false&#8221; custom_padding=&#8221;0px||0px||false|false&#8221; global_colors_info=&#8221;{}&#8221;][et_pb_column type=&#8221;4_4&#8243; _builder_version=&#8221;4.16&#8243; _module_preset=&#8221;default&#8221; global_colors_info=&#8221;{}&#8221;][et_pb_text _builder_version=&#8221;4.16&#8243; _module_preset=&#8221;default&#8221; custom_margin=&#8221;||7px|||&#8221; global_colors_info=&#8221;{}&#8221;]<\/p>\n<h2>Aktuelle Befindlichkeitsst\u00f6rungen<\/h2>\n<p>[\/et_pb_text][et_pb_text _builder_version=&#8221;4.19.4&#8243; _module_preset=&#8221;default&#8221; global_colors_info=&#8221;{}&#8221;]<\/p>\n<p>Bei aktuellen Befindlichkeitsst\u00f6rungen im Bereich der Verdauung kann die \u00e4therische \u00d6lemischung doTERRA ZenGest wertvolle Hilfe leisten. Sie wirkt auf das ganze System, d.h. sie arbeitet unterst\u00fctzend und ausgleichend immer da, wo im Verdauungsbereich Bedarf ist.<\/p>\n<p>Auch gelegentliche Magenverstimmungen k\u00f6nnen mit doTERRA ZenGest gelindert werden. Diese Verdauungsmischung mit den \u00e4therischen \u00d6len Ingwer\u00f6l, Pfefferminze\u00f6l, K\u00fcmmel\u00f6l, Anis\u00f6l (Anise-\u00d6l), Koriander\u00f6l (Coriander-\u00d6l), Estragon-\u00d6l und Fenchel\u00f6l (Fennel-\u00d6l) verhilft Dir rasch zu Linderung und Wohlergehen. Auch bei Reise\u00fcbelkeitt ist doTERRA ZenGest zu empfehlen. Ideal f\u00fcr unterwegs sind die DigestZen Softgels, die die \u00d6lemischung ZenGest enthalten.<\/p>\n<p>Bei Magenverstimmungen hat sich auch das kl\u00e4rende und entspannende Pfefferminz\u00f6l (Peppermint-\u00d6l) wunderbar bew\u00e4hrt.<\/p>\n<p>Entspannend auf die Verdauung wirken auch die \u00e4therischen \u00d6le Fenchel\u00f6l (Fennel\u00f6l) und Ingwer\u00f6l (Ginger-\u00d6l). Ingwer\u00f6l kann insbesondere auch gut bei Reisebefindlichkeiten eingesetzt werden.<\/p>\n<p><u>TIPP:<\/u> Bei Magenverstimmungen 1-2 Tropfen Pfefferminz\u00f6l mit einem Glas Wasser trinken. Bei sonstigen Verdauungsproblem doTERRA ZenGest und Fenchel\u00f6l zusammen mit dem fraktionierten Kokosnuss\u00f6l in kreisenden Bewegungen (Uhrzeigersinn) auf den Bauch auftragen.<\/p>\n<p>Nach einem \u00fcppigen Essen kann ZenGest auch als Digestiv (1-2 Tropfen) in einem Glas Wasser oder vorbeugend auch schon davor eingenommen werden. Ideal f\u00fcr unterwegs sind auch die ZenGest Softgels.<\/p>\n<p>[\/et_pb_text][et_pb_shop type=&#8221;product_category&#8221; include_categories=&#8221;1987&#8243; columns_number=&#8221;4&#8243; orderby=&#8221;menu_order&#8221; _builder_version=&#8221;4.16&#8243; title_font_size=&#8221;22px&#8221; price_font_size=&#8221;14px&#8221; min_height=&#8221;504px&#8221; custom_margin=&#8221;||||false|false&#8221; custom_padding=&#8221;25px||0px||false|false&#8221; title_font_size_last_edited=&#8221;off|desktop&#8221; pac_drh_column_numbers_phone=&#8221;pac_drh_ph_col_two&#8221; locked=&#8221;off&#8221; global_colors_info=&#8221;{}&#8221;][\/et_pb_shop][\/et_pb_column][\/et_pb_row][et_pb_row module_id=&#8221;verdauung-dauerhaft&#8221; _builder_version=&#8221;4.16&#8243; _module_preset=&#8221;default&#8221; custom_padding=&#8221;0px||0px||false|false&#8221; global_colors_info=&#8221;{}&#8221;][et_pb_column type=&#8221;4_4&#8243; _builder_version=&#8221;4.16&#8243; _module_preset=&#8221;default&#8221; global_colors_info=&#8221;{}&#8221;][et_pb_text _builder_version=&#8221;4.16&#8243; _module_preset=&#8221;default&#8221; custom_margin=&#8221;||7px|||&#8221; global_colors_info=&#8221;{}&#8221;]<\/p>\n<h2>Dauerhafte Befindlichkeitsst\u00f6rungen<\/h2>\n<p>[\/et_pb_text][et_pb_text _builder_version=&#8221;4.16&#8243; _module_preset=&#8221;default&#8221; global_colors_info=&#8221;{}&#8221;]<\/p>\n<p>Hast Du schon l\u00e4nger Verdauungsprobleme, dann w\u00e4re es sinnvoll, die \u00d6le ZenGest, Fenchel\u00f6l, Ingwer und Pfefferminze\u00f6l regelm\u00e4\u00dfig innerlich und \u00e4u\u00dferlich zu verwenden.<\/p>\n<p>Eine gute Unterst\u00fctzung bei der Verdauung sind die ZenGest Softgels, die regelm\u00e4\u00dfig morgens und abends eingenommen werden.<\/p>\n<p>Au\u00dferdem k\u00f6nnen die Kautabletten doTERRA DigestTab die Verdauung unterst\u00fctzen und durch das darin enthaltene Kalziumcarbonat die S\u00e4ure im Magen reduzieren helfen.<\/p>\n<p><u>TIPP:<\/u> Die \u00d6le mit fraktioniertem Kokos\u00f6l in kreisf\u00f6rmigen Bewegungen auf den Bauch auftragen. ZenGest Softgels nach Packungsbeilage einnehmen. Die doTERRA DigestTab bei Bedarf zwischen den Mahlzeiten nehmen.<\/p>\n<p>[\/et_pb_text][et_pb_shop type=&#8221;product_category&#8221; include_categories=&#8221;1988&#8243; columns_number=&#8221;4&#8243; orderby=&#8221;menu_order&#8221; _builder_version=&#8221;4.16&#8243; title_font_size=&#8221;22px&#8221; price_font_size=&#8221;14px&#8221; min_height=&#8221;504px&#8221; custom_margin=&#8221;||||false|false&#8221; custom_padding=&#8221;25px||0px||false|false&#8221; title_font_size_last_edited=&#8221;off|desktop&#8221; pac_drh_column_numbers_phone=&#8221;pac_drh_ph_col_two&#8221; locked=&#8221;off&#8221; global_colors_info=&#8221;{}&#8221;][\/et_pb_shop][\/et_pb_column][\/et_pb_row][et_pb_row module_id=&#8221;verdauung-schutz&#8221; _builder_version=&#8221;4.16&#8243; _module_preset=&#8221;default&#8221; custom_margin_tablet=&#8221;&#8221; custom_margin_phone=&#8221;&#8221; custom_margin_last_edited=&#8221;on|phone&#8221; custom_padding=&#8221;0px||0px||false|false&#8221; global_colors_info=&#8221;{}&#8221;][et_pb_column type=&#8221;4_4&#8243; _builder_version=&#8221;4.16&#8243; _module_preset=&#8221;default&#8221; global_colors_info=&#8221;{}&#8221;][et_pb_text _builder_version=&#8221;4.16&#8243; _module_preset=&#8221;default&#8221; custom_margin=&#8221;||7px|||&#8221; header_font_size_phone=&#8221;42px&#8221; header_font_size_last_edited=&#8221;off|phone&#8221; header_2_font_size_tablet=&#8221;&#8221; header_2_font_size_phone=&#8221;34px&#8221; header_2_font_size_last_edited=&#8221;on|phone&#8221; global_colors_info=&#8221;{}&#8221;]<\/p>\n<h2>Vorbeugender Schutz<\/h2>\n<p>[\/et_pb_text][et_pb_text _builder_version=&#8221;4.16&#8243; _module_preset=&#8221;default&#8221; global_colors_info=&#8221;{}&#8221;]<\/p>\n<p>Gerade im Verdauungsbereich kann man einiges tun, um Befindlichkeiten gar nicht erst entstehen zu lassen. Wichtig dabei ist eine gesunde und intakte Darmflora aufrechtzuerhalten und diese von m\u00f6glichen Giftstoffen zu befreien.<\/p>\n<p><span style=\"text-decoration: underline;\">ZENGEST PB Assist\u2122+<\/span><br \/>Diese probiotische Abwehrformel ist eine Mischung aus pr\u00e4biotischer Faser und sechs probiotischen Mikroorganismen, die ein positives Gleichgewicht und das Wachstum von n\u00fctzlichen Bakterien f\u00f6rdert.<\/p>\n<p>F\u00fcr Kinder: Das probiotische Pulver doTERRA PB Assist Jr ist bestens zur Unterst\u00fctzung des Aufbaus einer gesunden Darmflora geeignet.<\/p>\n<p><span style=\"text-decoration: underline;\">ZENGEST GX Assist\u2122<\/span><br \/>Diese gastro-intestinale Reinigungsformel ist eine Kombination aus \u00e4therischen \u00d6len und Capryls\u00e4ure. Sie unterst\u00fctzt eine gesunden Verdauungstrakt.<\/p>\n<p>Ideal zur Entgiftung und f\u00fcr einen ausgeglichenen S\u00e4ure-Basen-Haushalt ist Zitronen\u00f6l f\u00fcr die t\u00e4gliche Anwendung geeignet.<\/p>\n<p>Versuche den Stress zu reduzieren, indem Du balancierende und entspannende \u00d6le, wie z.B. die \u00d6lemischung doTERRA Balance regelm\u00e4\u00dfig verwendest. (Siehe auch Anwendung: Beruhigung und Entspannung)<\/p>\n<p><u>TIPP:<\/u> Nimm doTERRA PB-Assist nach Packungsanweisung ein.<\/p>\n<p>Erg\u00e4nze das durch 1 Softgel doTERRA GX-Assist zum Abendessen. Trinke morgens ein Glas Wasser mit 1-2 Tropfen Zitronen\u00f6l.<\/p>\n<p>[\/et_pb_text][et_pb_shop type=&#8221;product_category&#8221; include_categories=&#8221;1989&#8243; columns_number=&#8221;4&#8243; orderby=&#8221;menu_order&#8221; _builder_version=&#8221;4.16&#8243; title_font_size=&#8221;22px&#8221; price_font_size=&#8221;14px&#8221; min_height=&#8221;504px&#8221; custom_margin=&#8221;||||false|false&#8221; custom_padding=&#8221;25px||0px||false|false&#8221; title_font_size_last_edited=&#8221;off|desktop&#8221; pac_drh_column_numbers_phone=&#8221;pac_drh_ph_col_two&#8221; locked=&#8221;off&#8221; global_colors_info=&#8221;{}&#8221;][\/et_pb_shop][\/et_pb_column][\/et_pb_row][\/et_pb_section]<\/p>\n","protected":false},"excerpt":{"rendered":"<p>Verdauung unterst\u00fctzen mit \u00e4therischen \u00d6lenWie sch\u00f6n w\u00e4re es doch mit Leichtigkeit und Wohlbehagen aus der K\u00f6rpermitte zu erfahren? Die K\u00f6rpermitte und die Verdauung sind wichtige Schaltzentralen im K\u00f6rper. Hier wird nicht nur Essen verdaut. Auch das t\u00e4gliche Leben will gut verdaut werden. Leider ist es in der Praxis oft so, dass wir gerade in diesem [&hellip;]<\/p>\n","protected":false},"author":1,"featured_media":0,"parent":0,"menu_order":0,"comment_status":"closed","ping_status":"closed","template":"","meta":{"_et_pb_use_builder":"on","_et_pb_old_content":"","_et_gb_content_width":"","footnotes":""},"categories":[2070],"_links":{"self":[{"href":"https:\/\/www.magnolioworld.com\/green-ch\/wp-json\/wp\/v2\/pages\/3267"}],"collection":[{"href":"https:\/\/www.magnolioworld.com\/green-ch\/wp-json\/wp\/v2\/pages"}],"about":[{"href":"https:\/\/www.magnolioworld.com\/green-ch\/wp-json\/wp\/v2\/types\/page"}],"author":[{"embeddable":true,"href":"https:\/\/www.magnolioworld.com\/green-ch\/wp-json\/wp\/v2\/users\/1"}],"replies":[{"embeddable":true,"href":"https:\/\/www.magnolioworld.com\/green-ch\/wp-json\/wp\/v2\/comments?post=3267"}],"version-history":[{"count":1,"href":"https:\/\/www.magnolioworld.com\/green-ch\/wp-json\/wp\/v2\/pages\/3267\/revisions"}],"predecessor-version":[{"id":13575,"href":"https:\/\/www.magnolioworld.com\/green-ch\/wp-json\/wp\/v2\/pages\/3267\/revisions\/13575"}],"wp:attachment":[{"href":"https:\/\/www.magnolioworld.com\/green-ch\/wp-json\/wp\/v2\/media?parent=3267"}],"wp:term":[{"taxonomy":"category","embeddable":true,"href":"https:\/\/www.magnolioworld.com\/green-ch\/wp-json\/wp\/v2\/categories?post=3267"}],"curies":[{"name":"wp","href":"https:\/\/api.w.org\/{rel}","templated":true}]}}