{"id":3246,"date":"2021-10-17T21:36:04","date_gmt":"2021-10-17T19:36:04","guid":{"rendered":"https:\/\/ch.magnolio.shop\/?page_id=3246"},"modified":"2024-04-04T19:24:01","modified_gmt":"2024-04-04T17:24:01","slug":"frauenthemen","status":"publish","type":"page","link":"https:\/\/www.magnolioworld.com\/green-ch\/frauenthemen\/","title":{"rendered":"Men\u00fc | Anwendung | Frauenthemen"},"content":{"rendered":"<p>[et_pb_section fb_built=&#8221;1&#8243; _builder_version=&#8221;4.16&#8243; _module_preset=&#8221;default&#8221; custom_margin=&#8221;||||false|false&#8221; custom_margin_tablet=&#8221;&#8221; custom_margin_phone=&#8221;||||false|false&#8221; custom_margin_last_edited=&#8221;on|phone&#8221; custom_padding=&#8221;30px||30px||false|false&#8221; global_colors_info=&#8221;{}&#8221;][et_pb_row column_structure=&#8221;2_3,1_3&#8243; _builder_version=&#8221;4.16&#8243; _module_preset=&#8221;default&#8221; custom_margin=&#8221;24px|auto||auto||&#8221; custom_margin_tablet=&#8221;&#8221; custom_margin_phone=&#8221;12px|auto||auto|false|false&#8221; custom_margin_last_edited=&#8221;on|phone&#8221; custom_padding=&#8221;0px||35px||false|false&#8221; global_colors_info=&#8221;{}&#8221;][et_pb_column type=&#8221;2_3&#8243; _builder_version=&#8221;4.16&#8243; _module_preset=&#8221;default&#8221; global_colors_info=&#8221;{}&#8221;][et_pb_text _builder_version=&#8221;4.16&#8243; _module_preset=&#8221;default&#8221; custom_margin=&#8221;||7px|||&#8221; header_font_size_tablet=&#8221;&#8221; header_font_size_phone=&#8221;34px&#8221; header_font_size_last_edited=&#8221;on|phone&#8221; global_colors_info=&#8221;{}&#8221;]<\/p>\n<h1>Frauenthemen unterst\u00fctzen mit \u00e4therischen \u00d6len<\/h1>\n<p>[\/et_pb_text][et_pb_text _builder_version=&#8221;4.16&#8243; _module_preset=&#8221;default&#8221; global_colors_info=&#8221;{}&#8221;]<\/p>\n<p>W\u00e4re es nicht wunderbar, durch das weibliche Leben mit all seinen Phasen beschwingt, leicht und unbeschwert gehen zu k\u00f6nnen? \u00c4therische \u00d6le und Nahrungserg\u00e4nzungen von doTERRA k\u00f6nnen dich auf diesem Weg sanft mit den Kr\u00e4ften der Natur unterst\u00fctzen. Ob unbeschwert durch den Wechsel, leicht durch den Zyklus oder gestrafft an den weiblichen Problemzonen \u2013 alles ist m\u00f6glich.<br \/><strong><\/strong><\/p>\n<p><strong>Spartipp<\/strong><br \/>Das kosteng\u00fcnstigere Women\u2019s Health Kit enth\u00e4lt alle Produkte, die optimal auf die weiblichen Themen zugeschnitten sind.<\/p>\n<p>[\/et_pb_text][\/et_pb_column][et_pb_column type=&#8221;1_3&#8243; _builder_version=&#8221;4.16&#8243; _module_preset=&#8221;default&#8221; global_colors_info=&#8221;{}&#8221;][et_pb_image src=&#8221;https:\/\/www.magnolioworld.com\/green-ch\/wp-content\/uploads\/20&#215;20.png&#8221; alt=&#8221;Frauenthemen unterst\u00fctzen mit \u00e4therischen \u00d6len&#8221; title_text=&#8221;Frauenthemen unterst\u00fctzen mit \u00e4therischen \u00d6len&#8221; force_fullwidth=&#8221;on&#8221; _builder_version=&#8221;4.16&#8243; background_image=&#8221;https:\/\/www.magnolioworld.com\/green-ch\/wp-content\/uploads\/Depositphotos_75547451_xl-2015.jpg&#8221; height=&#8221;200px&#8221; border_width_all=&#8221;10px&#8221; border_color_all=&#8221;#ffffff&#8221; box_shadow_style=&#8221;preset1&#8243; box_shadow_blur=&#8221;10px&#8221; box_shadow_color=&#8221;#9b9b9b&#8221; locked=&#8221;off&#8221; global_colors_info=&#8221;{}&#8221;][\/et_pb_image][\/et_pb_column][\/et_pb_row][et_pb_row _builder_version=&#8221;4.16&#8243; _module_preset=&#8221;default&#8221; background_color=&#8221;#e8e8e8&#8243; custom_margin=&#8221;|auto|24px|auto||&#8221; custom_margin_tablet=&#8221;&#8221; custom_margin_phone=&#8221;|auto|26px|auto|false|false&#8221; custom_margin_last_edited=&#8221;on|phone&#8221; custom_padding=&#8221;20px||20px||false|false&#8221; locked=&#8221;off&#8221; global_colors_info=&#8221;{}&#8221;][et_pb_column type=&#8221;4_4&#8243; _builder_version=&#8221;4.16&#8243; _module_preset=&#8221;default&#8221; global_colors_info=&#8221;{}&#8221;][et_pb_text _builder_version=&#8221;4.16&#8243; _module_preset=&#8221;default&#8221; text_font_size=&#8221;24px&#8221; text_orientation=&#8221;center&#8221; custom_margin=&#8221;||7px|||&#8221; global_colors_info=&#8221;{}&#8221;]<\/p>\n<p>\u00dcbersicht<\/p>\n<p>[\/et_pb_text][et_pb_text _builder_version=&#8221;4.16&#8243; _module_preset=&#8221;default&#8221; text_orientation=&#8221;center&#8221; custom_margin=&#8221;||10px||false|false&#8221; global_colors_info=&#8221;{}&#8221;]<\/p>\n<p><a href=\"#frauen-wechsel\">Durch den Wechsel<\/a> || <a href=\"#frauen-zyklus\">Durch den Zyklus<\/a> || <a href=\"#frauen-problem\">Problemzonen<\/a><\/p>\n<p>[\/et_pb_text][et_pb_text _builder_version=&#8221;4.16&#8243; _module_preset=&#8221;default&#8221; text_orientation=&#8221;center&#8221; global_colors_info=&#8221;{}&#8221;]<\/p>\n<p>Tipp: Nutze den Pfeil unten rechts, um wieder nach oben zu gelangen.<\/p>\n<p>[\/et_pb_text][\/et_pb_column][\/et_pb_row][et_pb_row module_id=&#8221;frauen-wechsel&#8221; _builder_version=&#8221;4.16&#8243; _module_preset=&#8221;default&#8221; custom_margin=&#8221;40px|auto||auto|false|false&#8221; custom_padding=&#8221;0px||0px||false|false&#8221; global_colors_info=&#8221;{}&#8221;][et_pb_column type=&#8221;4_4&#8243; _builder_version=&#8221;4.16&#8243; _module_preset=&#8221;default&#8221; global_colors_info=&#8221;{}&#8221;][et_pb_text _builder_version=&#8221;4.16&#8243; _module_preset=&#8221;default&#8221; custom_margin=&#8221;||7px|||&#8221; global_colors_info=&#8221;{}&#8221;]<\/p>\n<h2>Unbeschwert durch den Wechsel<\/h2>\n<p>[\/et_pb_text][et_pb_text _builder_version=&#8221;4.16&#8243; _module_preset=&#8221;default&#8221; global_colors_info=&#8221;{}&#8221;]<\/p>\n<p>Gerade im Wechsel geraten die Hormone durch die Umstellung des K\u00f6rpers aus der Balance. Das kann zu vielfachen Unp\u00e4sslichkeiten f\u00fchren: So kannst Du Probleme beim Ein- oder Durchschlafen bekommen, Hitzewallungen oder Schwei\u00dfausbr\u00fcche, Spannungen im Kopf oder Bauchbereich, Einschr\u00e4nkungen des Bewegungsapparates oder St\u00f6rungen in der Verdauung.<\/p>\n<p>H\u00e4ufig macht sich diese Umstellung auch im psychischen Bereich durch eine Achterbahn der Gef\u00fchle, schnelle Ersch\u00f6pfung, Leistungsabfall, aber auch st\u00e4rkere Nervosit\u00e4t und Reizbarkeit bemerkbar. Oftmals macht sich der Wechsel mit einer Gewichtszunahme und \u00c4nderung der Hautbeschaffenheit gerade an den Problemzonen bemerkbar.<\/p>\n<p>F\u00fcr all diese Symptome ist ein Kraut zur Unterst\u00fctzung gewachsen. \u00c4therische \u00d6le k\u00f6nnen das Gef\u00fchl der eigenen Weiblichkeit st\u00e4rken, stimmungsaufhellend wirken und k\u00f6rperliche Unp\u00e4sslichkeiten durch die Balance der Hormone lindern.<\/p>\n<p>Besonders ausgleichend auf die Hormone und die Gef\u00fchle wirken die \u00d6le Lavende\u00f6l (Lavender\u00f6l), Zypressen\u00f6l (Cypresss-\u00d6l), Ylang Ylang-\u00d6l und Geranien-\u00d6l (Geranium-\u00d6l). Insbesondere Bl\u00fcten\u00f6le wie Geranien\u00f6l, Lavendel\u00f6l und Ylang Ylang sind f\u00fcrs Herz und helfen in dieser nicht ganz einfachen Umstellungsphase, sich und seinen ver\u00e4ndernden K\u00f6rper anzunehmen. Gerade beim Thema Wechsel hat sich auch das \u00e4therische Muskatellersalbei-\u00d6l (Clary Sage \u00d6l) bew\u00e4hrt. Es ist eines der \u00e4therischen \u00d6le, welches im h\u00f6chsten Ma\u00dfe entspannend, beruhigend und ausgleichend wirkt. So erleichtert es die \u00dcbergangsbeschwerden optimal, lindert Hitzewallungen und Stimmungsschwankungen.<\/p>\n<p>Speziell f\u00fcr den Wechsel und w\u00e4hrend des Zyklus hat sich die \u00e4therische \u00d6lmischungen Clary Calm bew\u00e4hrt.<\/p>\n<p>Diese Mischung besteht aus Muskatellersalbei\u00f6l (Clary-Sage-\u00d6l), Lavendel\u00f6l (Lavender\u00f6l), Bergamotte\u00f6l (Bergamot-\u00d6l), R\u00f6misches Kamillen\u00f6l-\u00d6l (Roman Chamomille-\u00d6l), Zedernholz\u00f6l (Cedarwood-\u00d6l), Ylang Ylang-\u00d6l, Geranien\u00f6l (Geranium\u00f6l), Fenchel\u00f6l (Fennel-\u00d6l), Karottensamen, Palmarosa und Vitex.<\/p>\n<p>Gegen Hitzewallungen hat sich das k\u00fchlende und ausgleichende Pfefferminz\u00f6l bestens bew\u00e4hrt.<\/p>\n<p>Durch die Hormonver\u00e4nderung im K\u00f6rper ist es jetzt auch besonders wichtig auf die Knochengesundheit zu achten. Hierbei ist der Bone Nutrient Essential Complex eine wertvolle Unterst\u00fctzung.<\/p>\n<p>Er besteht aus einer Mischung von Vitaminen und Mineralstoffen, die f\u00fcr die Knochengesundheit vor allem in den Wechseljahren unerl\u00e4sslich sind. So enth\u00e4lt er bioverf\u00fcgbare Formen nat\u00fcrlicher N\u00e4hrstoffe, darunter die Vitamine C und D, sowie Calcium, Magnesium und andere Spurenelemente, die eine gesunde Knochendichte im Alter unterst\u00fctzen.<\/p>\n<p>Mit Ende Zwanzig erreichen Frauen Ihre maximale Knochenmasse und -dichte. Um diese ausreichend mit N\u00e4hrstoffen zu versorgen, ist eine Ern\u00e4hrung wichtig, die reich an essentiellen Knochenn\u00e4hrstoffen ist. Untersuchungen zur Nahrungsaufnahme zeigen jedoch, dass Frauen nur die H\u00e4lfte der empfohlenen Mengen an Kalzium und anderen Knochenn\u00e4hrstoffen zu sich nehmen. Dieser Mangel ist bei Teenagern besonders ausgepr\u00e4gt.<\/p>\n<p>Mit zunehmendem Alter wird die Knochenmasse und -dichte zu einem wichtigen Einflussfaktor auf die allgemeine Gesundheit und Lebensqualit\u00e4t. Die Wissenschaftler sind sich einig, dass eine ausreichende Kalzium- und Vitamin-D-Zufuhr im Laufe des Lebens das Risiko einer Verringerung der Knochendichte minimiert.<\/p>\n<p>Zu unseren \u00e4therischen \u00d6len und dem Bone Nutrient Complex bringt der doTERRA Phytoestrogen Lifetime Complex ebenfalls eine ideale Rundumversorgung f\u00fcr ein entspanntes und ausgeglichenes Leben im Wechsel.<\/p>\n<p>Mit dem Phytoestrogen Komplex erh\u00e4ltst du ein Mittel, um auch deinen Hormonspiegel in Balance zu bringen. Dadurch erh\u00e4lt dein K\u00f6rper eine emotionale Ausgeglichenheit und Entspannung.<\/p>\n<p>Fast jede K\u00f6rperfunktion einer Frau wird durch Hormone gesteuert. Ein ausgewogener Hormonspiegel beeinflusst die Gesundheit und das emotionale Wohlbefinden einer Frau, vom fr\u00fchen Teenageralter bis zum \u00dcbergang in die Wechseljahre. doTERRA Phytoestrogen Lifetime Complex ist eine Mischung aus standardisierten Pflanzenphytoestrogenen, die den Hormonhaushalt auf sanfte und nat\u00fcrliche Weise unterst\u00fctzen. Es enth\u00e4lt auch konzentrierte Leinsamen-Lignane zur F\u00f6rderung eines gesunden Stoffwechsels. Richtiges Essen, Training und ein ausgewogener Hormonhaushalt k\u00f6nnen dazu beitragen, unangenehme Probleme im Zusammenhang mit PMS und dem \u00dcbergang durch die Wechseljahre zu reduzieren. Es bietet eine zus\u00e4tzliche Unterst\u00fctzung zum Erhalt eines gesunden Knochen, Herz- und Brustgewebe.<\/p>\n<p>F\u00fcr einen gesunden Hormonkreislauf musst du dich richtig ern\u00e4hren, dich fit halten und mit Stress umgehen oder vermeiden. Dabei hilft die Auswahl nat\u00fcrlicher, erg\u00e4nzender Wellnessprodukte. Als Teil einer umfassenden Gesundheitsstrategie k\u00f6nnen auch diese das Wohlbefinden im Alter unterst\u00fctzen. Frauen haben spezielle gesundheitliche Bed\u00fcrfnisse, die einen bestimmten und gezielten Ern\u00e4hrungs- und Lebensstil erfordern. Wenn diese Anforderungen nicht in einem fr\u00fchen Alter angegangen werden, k\u00f6nnen sie zu unangenehmen und anhaltenden Problemen im Zusammenhang mit Hormonkreisl\u00e4ufen und dem Altern f\u00fchren.<\/p>\n<p>Fast jede Funktion im K\u00f6rper einer Frau wird durch Hormone gesteuert. \u00d6strogen und Progesteron sind besonders wichtige Hormone. Sie beeinflussen die Gesundheit und das emotionale Wohlbefinden einer Frau w\u00e4hrend ihres gesamten Lebens. Eine hohe \u00d6strogenproduktion bei jungen Frauen kann zu erheblichen Problemen im Zusammenhang mit der Menstruation f\u00fchren. W\u00e4hrend die Produktion von zu wenig \u00d6strogen im Alter der Frau viele Aspekte der reproduktiven Gesundheit der Frau beeintr\u00e4chtigen. Das Ausbalancieren eines gesunden \u00d6strogenspiegels ist wichtig und hilft dabei, die monatlichen Hormonschwankungen zu minimieren.<\/p>\n<p>H\u00e4ufig bringt der Wechsel auch Schlafst\u00f6rungen mit sich. Diese k\u00f6nnen wunderbar mit Lavendel und der entspannenden Mischung Serenity reduziert werden. Ein ruhiger, tiefer und erholsamer Schlaf ist wichtig f\u00fcr die t\u00e4gliche Ausgeglichenheit.<\/p>\n<p>TIPP: Inhaliere 1-2 Tropfen der \u00d6le Deiner Wahl mehrmals t\u00e4glich. Gebe bis zu 2 Tropfen der \u00d6le in den Diffusor.<br \/>Trage die gew\u00fcnschten \u00d6le zusammen mit Tr\u00e4ger\u00f6l auf die betroffenen K\u00f6perpartien, wie z.B. Beine, Unterleib und Brust auf. Clary Calm ist als Touch\u00a0 wunderbar auch f\u00fcr unterwegs zu verwenden.<\/p>\n<p>Du kannst es aber auch auf auf die Hormonzentrale des K\u00f6rpers &#8211; die Schilddr\u00fcse &#8211; auftragen<\/p>\n<p>Nimm den Bone Nutrient und den Phytooestrogen-Komplex t\u00e4glich nach Packungsanweisung.<\/p>\n<p>Gegen Hitzewallungen hilft ein Spray aus 25 Tropfen Pfefferminze\u00f6l und destilliertem Wasser in einer 50 ml Sprayflasche, die am bestem im K\u00fchlschrank aufbewahrt wird.<\/p>\n<p>[\/et_pb_text][et_pb_shop type=&#8221;product_category&#8221; include_categories=&#8221;1970&#8243; columns_number=&#8221;4&#8243; orderby=&#8221;menu_order&#8221; _builder_version=&#8221;4.16&#8243; title_font_size=&#8221;22px&#8221; price_font_size=&#8221;14px&#8221; min_height=&#8221;504px&#8221; custom_margin=&#8221;||||false|false&#8221; custom_padding=&#8221;25px||0px||false|false&#8221; title_font_size_last_edited=&#8221;off|desktop&#8221; pac_drh_column_numbers_phone=&#8221;pac_drh_ph_col_two&#8221; locked=&#8221;off&#8221; global_colors_info=&#8221;{}&#8221;][\/et_pb_shop][\/et_pb_column][\/et_pb_row][et_pb_row module_id=&#8221;frauen-zyklus&#8221; _builder_version=&#8221;4.16&#8243; _module_preset=&#8221;default&#8221; custom_padding=&#8221;0px||0px||false|false&#8221; global_colors_info=&#8221;{}&#8221;][et_pb_column type=&#8221;4_4&#8243; _builder_version=&#8221;4.16&#8243; _module_preset=&#8221;default&#8221; global_colors_info=&#8221;{}&#8221;][et_pb_text _builder_version=&#8221;4.16&#8243; _module_preset=&#8221;default&#8221; custom_margin=&#8221;||7px|||&#8221; global_colors_info=&#8221;{}&#8221;]<\/p>\n<h2>Leicht durch den Zyklus<\/h2>\n<p>[\/et_pb_text][et_pb_text _builder_version=&#8221;4.16&#8243; _module_preset=&#8221;default&#8221; global_colors_info=&#8221;{}&#8221;]<\/p>\n<p>Gerade der monatliche Zyklus gestaltet sich bei vielen Frauen als unangenehm. Du hast Spannungsgef\u00fchle im Bereich der Brust und des Unterleibs, starke oder ausbleibende Menstruation und h\u00e4ufig auch unangenehme Befindlichkeiten im Unterleib.<\/p>\n<p>Eine wertvolle Unterst\u00fctzung k\u00f6nnen hierbei die \u00e4therischen \u00d6le Muskatellersalbei-\u00d6l (Clary-Sage-\u00d6l), Geranien\u00f6l (Geranium-\u00d6l), Lavendel\u00f6l (Lavender\u00f6l), Pfefferminze-\u00d6l (Peppermint-\u00d6l) und Zypressen\u00f6l (Cypress-\u00d6l) schaffen. Nat\u00fcrlich darf auch hier die \u00e4therische \u00d6lmischung Clary Calm im praktischen Rollon nicht fehlen.<\/p>\n<p>Erg\u00e4nzend k\u00f6nnen f\u00fcr das seelische Wohlbefinden alle Bl\u00fcten\u00f6le, die ja auch Herz\u00f6le sind, eingesetzt werden. Ideal hierf\u00fcr sind Ylang Ylang-\u00d6l, Rosen\u00f6l (Rose\u00f6l), Magnolien\u00f6l (Magnolia-\u00d6l) und Jasmin-\u00d6l (Jasmine-\u00d6l).<\/p>\n<p>Hilfreich ist auch der doTERRA Phytoestrogen Lifetime Complex. Diesen nach Packungsbeilage einnehmen.<\/p>\n<p>TIPP: 1-2 Tropfen der gew\u00fcnschten \u00d6le in die Handfl\u00e4chen geben und inhalieren oder 4-5 Tropfen in den Diffusor geben.<br \/>Clary Clam Rollon bzw. andere \u00d6le zusammen mit fraktioniertem Kokos\u00f6l auf die betroffenen K\u00f6rperregionen und zus\u00e4tzlich auf die Schilddr\u00fcse auftragen.<\/p>\n<p>Zur K\u00fchlung und Erfrischung Pfefferminz\u00f6l auf Nacken und Schl\u00e4fen einmassieren.<\/p>\n<p>[\/et_pb_text][et_pb_shop type=&#8221;product_category&#8221; include_categories=&#8221;1968&#8243; columns_number=&#8221;4&#8243; orderby=&#8221;menu_order&#8221; _builder_version=&#8221;4.16&#8243; title_font_size=&#8221;22px&#8221; price_font_size=&#8221;14px&#8221; min_height=&#8221;504px&#8221; custom_margin=&#8221;||||false|false&#8221; custom_padding=&#8221;25px||0px||false|false&#8221; title_font_size_last_edited=&#8221;off|desktop&#8221; pac_drh_column_numbers_phone=&#8221;pac_drh_ph_col_two&#8221; locked=&#8221;off&#8221; global_colors_info=&#8221;{}&#8221;][\/et_pb_shop][\/et_pb_column][\/et_pb_row][et_pb_row module_id=&#8221;frauen-problem&#8221; _builder_version=&#8221;4.16&#8243; _module_preset=&#8221;default&#8221; custom_margin_tablet=&#8221;&#8221; custom_margin_phone=&#8221;&#8221; custom_margin_last_edited=&#8221;on|phone&#8221; custom_padding=&#8221;0px||0px||false|false&#8221; global_colors_info=&#8221;{}&#8221;][et_pb_column type=&#8221;4_4&#8243; _builder_version=&#8221;4.16&#8243; _module_preset=&#8221;default&#8221; global_colors_info=&#8221;{}&#8221;][et_pb_text _builder_version=&#8221;4.16&#8243; _module_preset=&#8221;default&#8221; custom_margin=&#8221;||7px|||&#8221; header_font_size_phone=&#8221;42px&#8221; header_font_size_last_edited=&#8221;off|phone&#8221; header_2_font_size_tablet=&#8221;&#8221; header_2_font_size_phone=&#8221;34px&#8221; header_2_font_size_last_edited=&#8221;on|phone&#8221; global_colors_info=&#8221;{}&#8221;]<\/p>\n<h2>Den Problemzonen keine Chance<u><\/u><\/h2>\n<p>[\/et_pb_text][et_pb_text _builder_version=&#8221;4.24.0&#8243; _module_preset=&#8221;default&#8221; hover_enabled=&#8221;0&#8243; global_colors_info=&#8221;{}&#8221; sticky_enabled=&#8221;0&#8243;]<\/p>\n<p>H\u00e4ufig geht der Wechsel einher mit Ver\u00e4nderungen des K\u00f6rpers, wie Gewichtszunahme, Wassereinlagerungen und damit die Verst\u00e4rkung der Problemzonen. Aber auch vorher k\u00f6nnen sich bereits unsch\u00f6ne Stellen am K\u00f6rper herausbilden.<\/p>\n<p>\u00c4therische \u00d6le, wie die metabolische Mischung MetaPWR sowie Grapefrucht\u00f6l (Grapefruit-\u00d6l) und Zitronen\u00f6l (Lemon-\u00d6l) k\u00f6nnen hierbei sanft helfen.<\/p>\n<p>Grapefrucht\u00f6l ist das \u00d6l der K\u00f6rperehrung. Es hilft emotional dabei, den sich \u00e4ndernden K\u00f6rper anzunehmen und ihn so zu akzeptieren.<\/p>\n<p>doTERRA MetaPWR enth\u00e4lt Pfefferminze\u00f6l (Peppermint-\u00d6l), das den Appetit z\u00fcgelt und die Verdauung f\u00f6rdert. Grapefruit-\u00d6l und Lemon-\u00d6l (Zitronen\u00f6l) reinigen und kl\u00e4ren den K\u00f6rper aufgrund ihres hohen Limonengehaltes. F\u00fcr einen gut funktionierenden Stoffwechsel und eine gesunde Verdauung zeichnen sich Ginger-\u00d6l (Ingwer\u00f6l) und Cinnamon-\u00d6l (Zimt\u00f6l) verantwortlich.<\/p>\n<p>TIPP: Nimm 5 Tropfen MetaPWR \u00fcber den Tag verteilt in 1 l Wasser zu Dir. Trinke morgens ein Glas Wasser mit 1-2 Tropfen Lemon\u00f6l. Bei Bedarf kann das im Wechsel mit Grapefrucht-\u00d6l \u00fcber den Tag 2-3 x wiederholt werden.<\/p>\n<p>Reibe 1-2 Tropfen Grapefrucht-\u00d6l und MetaPWR zusammen mit fraktioniertem Kokos\u00f6l auf die betroffenen K\u00f6rperregionen morgens und abends t\u00e4glich ein.<\/p>\n<p>[\/et_pb_text][et_pb_shop type=&#8221;product_category&#8221; include_categories=&#8221;1969&#8243; columns_number=&#8221;4&#8243; orderby=&#8221;menu_order&#8221; _builder_version=&#8221;4.16&#8243; title_font_size=&#8221;22px&#8221; price_font_size=&#8221;14px&#8221; min_height=&#8221;504px&#8221; custom_margin=&#8221;||||false|false&#8221; custom_padding=&#8221;25px||0px||false|false&#8221; title_font_size_last_edited=&#8221;off|desktop&#8221; pac_drh_column_numbers_phone=&#8221;pac_drh_ph_col_two&#8221; locked=&#8221;off&#8221; global_colors_info=&#8221;{}&#8221;][\/et_pb_shop][\/et_pb_column][\/et_pb_row][\/et_pb_section]<\/p>\n","protected":false},"excerpt":{"rendered":"<p>Frauenthemen unterst\u00fctzen mit \u00e4therischen \u00d6lenW\u00e4re es nicht wunderbar, durch das weibliche Leben mit all seinen Phasen beschwingt, leicht und unbeschwert gehen zu k\u00f6nnen? \u00c4therische \u00d6le und Nahrungserg\u00e4nzungen von doTERRA k\u00f6nnen dich auf diesem Weg sanft mit den Kr\u00e4ften der Natur unterst\u00fctzen. Ob unbeschwert durch den Wechsel, leicht durch den Zyklus oder gestrafft an den weiblichen [&hellip;]<\/p>\n","protected":false},"author":1,"featured_media":0,"parent":0,"menu_order":0,"comment_status":"closed","ping_status":"closed","template":"","meta":{"_et_pb_use_builder":"on","_et_pb_old_content":"","_et_gb_content_width":"","footnotes":""},"categories":[2070],"_links":{"self":[{"href":"https:\/\/www.magnolioworld.com\/green-ch\/wp-json\/wp\/v2\/pages\/3246"}],"collection":[{"href":"https:\/\/www.magnolioworld.com\/green-ch\/wp-json\/wp\/v2\/pages"}],"about":[{"href":"https:\/\/www.magnolioworld.com\/green-ch\/wp-json\/wp\/v2\/types\/page"}],"author":[{"embeddable":true,"href":"https:\/\/www.magnolioworld.com\/green-ch\/wp-json\/wp\/v2\/users\/1"}],"replies":[{"embeddable":true,"href":"https:\/\/www.magnolioworld.com\/green-ch\/wp-json\/wp\/v2\/comments?post=3246"}],"version-history":[{"count":1,"href":"https:\/\/www.magnolioworld.com\/green-ch\/wp-json\/wp\/v2\/pages\/3246\/revisions"}],"predecessor-version":[{"id":13826,"href":"https:\/\/www.magnolioworld.com\/green-ch\/wp-json\/wp\/v2\/pages\/3246\/revisions\/13826"}],"wp:attachment":[{"href":"https:\/\/www.magnolioworld.com\/green-ch\/wp-json\/wp\/v2\/media?parent=3246"}],"wp:term":[{"taxonomy":"category","embeddable":true,"href":"https:\/\/www.magnolioworld.com\/green-ch\/wp-json\/wp\/v2\/categories?post=3246"}],"curies":[{"name":"wp","href":"https:\/\/api.w.org\/{rel}","templated":true}]}}