{"id":3241,"date":"2021-10-17T20:58:00","date_gmt":"2021-10-17T18:58:00","guid":{"rendered":"https:\/\/ch.magnolio.shop\/?page_id=3241"},"modified":"2024-03-07T18:57:56","modified_gmt":"2024-03-07T17:57:56","slug":"energie","status":"publish","type":"page","link":"https:\/\/www.magnolioworld.com\/green-ch\/energie\/","title":{"rendered":"Men\u00fc | Anwendung | Energie"},"content":{"rendered":"<p>[et_pb_section fb_built=&#8221;1&#8243; _builder_version=&#8221;4.16&#8243; _module_preset=&#8221;default&#8221; custom_margin=&#8221;||||false|false&#8221; custom_margin_tablet=&#8221;&#8221; custom_margin_phone=&#8221;||||false|false&#8221; custom_margin_last_edited=&#8221;on|phone&#8221; custom_padding=&#8221;30px||30px||false|false&#8221; global_colors_info=&#8221;{}&#8221;][et_pb_row column_structure=&#8221;2_3,1_3&#8243; _builder_version=&#8221;4.16&#8243; _module_preset=&#8221;default&#8221; custom_margin=&#8221;24px|auto||auto||&#8221; custom_margin_tablet=&#8221;&#8221; custom_margin_phone=&#8221;12px|auto||auto|false|false&#8221; custom_margin_last_edited=&#8221;on|phone&#8221; custom_padding=&#8221;0px||35px||false|false&#8221; global_colors_info=&#8221;{}&#8221;][et_pb_column type=&#8221;2_3&#8243; _builder_version=&#8221;4.16&#8243; _module_preset=&#8221;default&#8221; global_colors_info=&#8221;{}&#8221;][et_pb_text _builder_version=&#8221;4.16&#8243; _module_preset=&#8221;default&#8221; custom_margin=&#8221;||7px|||&#8221; header_font_size_tablet=&#8221;&#8221; header_font_size_phone=&#8221;34px&#8221; header_font_size_last_edited=&#8221;on|phone&#8221; global_colors_info=&#8221;{}&#8221;]<\/p>\n<h1>Energie steigern mit \u00e4therischen \u00d6len<\/h1>\n<p>[\/et_pb_text][et_pb_text _builder_version=&#8221;4.16&#8243; _module_preset=&#8221;default&#8221; global_colors_info=&#8221;{}&#8221;]<\/p>\n<p>Wie sch\u00f6n w\u00e4re es doch, an einem langen, anstrengenden Tag oder zwischendurch neue Kraft und Energie zu tanken? Oder auch einfach, wenn es darauf ankommt, top fit und leistungsf\u00e4hig zu sein. doTERRA bietet dir basierend auf der Kraft der Natur wundervolle Unterst\u00fctzungsm\u00f6glichkeiten. Seien es \u00e4therische \u00d6le oder nat\u00fcrliche Nahrungserg\u00e4nzungen, die der K\u00f6rper optimal aufnehmen und verstoffwechseln kann.<\/p>\n<p>[\/et_pb_text][\/et_pb_column][et_pb_column type=&#8221;1_3&#8243; _builder_version=&#8221;4.16&#8243; _module_preset=&#8221;default&#8221; global_colors_info=&#8221;{}&#8221;][et_pb_image src=&#8221;https:\/\/www.magnolioworld.com\/green-ch\/wp-content\/uploads\/20&#215;20.png&#8221; alt=&#8221;Energie steigern mit \u00e4therischen \u00d6len&#8221; title_text=&#8221;Energie steigern mit \u00e4therischen \u00d6len&#8221; force_fullwidth=&#8221;on&#8221; _builder_version=&#8221;4.16&#8243; background_image=&#8221;https:\/\/www.magnolioworld.com\/green-ch\/wp-content\/uploads\/Depositphotos_39197341_xl-2015.jpg&#8221; height=&#8221;200px&#8221; border_width_all=&#8221;10px&#8221; border_color_all=&#8221;#ffffff&#8221; box_shadow_style=&#8221;preset1&#8243; box_shadow_blur=&#8221;10px&#8221; box_shadow_color=&#8221;#9b9b9b&#8221; locked=&#8221;off&#8221; global_colors_info=&#8221;{}&#8221;][\/et_pb_image][\/et_pb_column][\/et_pb_row][et_pb_row _builder_version=&#8221;4.16&#8243; _module_preset=&#8221;default&#8221; background_color=&#8221;#e8e8e8&#8243; custom_margin=&#8221;|auto|24px|auto||&#8221; custom_margin_tablet=&#8221;&#8221; custom_margin_phone=&#8221;|auto|26px|auto|false|false&#8221; custom_margin_last_edited=&#8221;on|phone&#8221; custom_padding=&#8221;20px||20px||false|false&#8221; locked=&#8221;off&#8221; global_colors_info=&#8221;{}&#8221;][et_pb_column type=&#8221;4_4&#8243; _builder_version=&#8221;4.16&#8243; _module_preset=&#8221;default&#8221; global_colors_info=&#8221;{}&#8221;][et_pb_text _builder_version=&#8221;4.16&#8243; _module_preset=&#8221;default&#8221; text_font_size=&#8221;24px&#8221; text_orientation=&#8221;center&#8221; custom_margin=&#8221;||7px|||&#8221; global_colors_info=&#8221;{}&#8221;]<\/p>\n<p>\u00dcbersicht<\/p>\n<p>[\/et_pb_text][et_pb_text _builder_version=&#8221;4.16&#8243; _module_preset=&#8221;default&#8221; text_orientation=&#8221;center&#8221; custom_margin=&#8221;||10px||false|false&#8221; global_colors_info=&#8221;{}&#8221;]<\/p>\n<p><a href=\"#energie-jedentag\">Energie f\u00fcr jeden Tag<\/a> || <a href=\"#energie-energetisierend\">Energetisierung<\/a> || <a href=\"#energie-energiebooster\">Energiebooster<\/a> || <a href=\"#energie-fuerdiekleinen\">Energie f\u00fcr die Kleinen<\/a><\/p>\n<p>[\/et_pb_text][et_pb_text _builder_version=&#8221;4.16&#8243; _module_preset=&#8221;default&#8221; text_orientation=&#8221;center&#8221; global_colors_info=&#8221;{}&#8221;]<\/p>\n<p>Tipp: Nutze den Pfeil unten rechts, um wieder nach oben zu gelangen.<\/p>\n<p>[\/et_pb_text][\/et_pb_column][\/et_pb_row][et_pb_row module_id=&#8221;energie-jedentag&#8221; _builder_version=&#8221;4.16&#8243; _module_preset=&#8221;default&#8221; custom_margin=&#8221;40px||||false|false&#8221; custom_padding=&#8221;0px||0px||false|false&#8221; global_colors_info=&#8221;{}&#8221;][et_pb_column type=&#8221;4_4&#8243; _builder_version=&#8221;4.16&#8243; _module_preset=&#8221;default&#8221; global_colors_info=&#8221;{}&#8221;][et_pb_text _builder_version=&#8221;4.16&#8243; _module_preset=&#8221;default&#8221; custom_margin=&#8221;||7px|||&#8221; global_colors_info=&#8221;{}&#8221;]<\/p>\n<h2>Energie f\u00fcr jeden Tag<u><\/u><\/h2>\n<p>[\/et_pb_text][et_pb_text _builder_version=&#8221;4.16&#8243; _module_preset=&#8221;default&#8221; global_colors_info=&#8221;{}&#8221;]<\/p>\n<p>Um jeden Tag mit neuer Energie und Lebenskraft zu starten und sich rundherum wohl zu f\u00fchlen, ist es wichtig, die Zellen mit der lebensnotwendiger Nahrung zu versorgen:<\/p>\n<p>Dazu gibt es von doTERRA die Produkte des Lifelong Vitality Packs. Dort sind alle drei Komponenten f\u00fcr die Zellgesundheit, der N\u00e4hrstoffkomplex (mit Mineralien und Vitaminen) und der \u00e4therische Omega-Komplex enthalten. Sie sind auf idealerweise aufeinander abgestimmt. Eine \u00dcberdosierung wird dadurch vermieden.<\/p>\n<p>Selbstverst\u00e4ndlich gibt es vom Omega-Komplex auch eine vegane Variante.<\/p>\n<p>Da alle Produkte aus nat\u00fcrlichen Substanzen bestehen, sind sie im Gegensatz zu synthetischen Nahrungserg\u00e4nzungen optimal f\u00fcr den K\u00f6rper verf\u00fcgbar.<\/p>\n<p>Tipp: Nehme die Produkte des Lifelong-Vitality Packs t\u00e4glich zur Unterst\u00fctzung deiner Gesundheit und deines Wohlbefindens ein.<\/p>\n<p>Die Produkte im Einzelnen:<\/p>\n<p><span style=\"text-decoration: underline;\">xEO Mega\u2122 &#8211; \u00c4therische \u00d6le und Omega-Komplex<\/span><br \/>Dieses Nahrungserg\u00e4nzungsmittel kombiniert \u00e4therische \u00d6le mit nat\u00fcrlichen Meeres\u00f6len und pflanzlichen Omega-3 \u00d6len. Au\u00dfer dem Carotinoiden enthalten, die die gesunde Funktion vieler wichtiger Organe des K\u00f6rpers f\u00f6rdern. Nehme 2 Softgels zum Fr\u00fchst\u00fcck und 2 Softgels zum Abendessen ein.<\/p>\n<p>F\u00fcr Kinder: Speziell auf die steigenden Anforderungen in Schule und Freizeit wurde der Omega-Komplex IQ Mega entwickelt.<\/p>\n<p><span style=\"text-decoration: underline;\">Microplex VMz\u2122 &#8211; N\u00e4hrstoffkomplex<\/span><br \/>Dieses Produkt enth\u00e4lt viele bioverf\u00fcgbare Vitamine und Mineralien. Nehme 2 Kapseln zum Fr\u00fchst\u00fcck und 2 Kapseln zum Abendessen ein.<\/p>\n<p>F\u00fcr Kindern stehen f\u00fcr optimale Vitaminversorgung die doTERRA AZZ Kautabletten mit Wassermelonen-Geschmack zur Verf\u00fcgung.<br \/><strong><br \/><\/strong><span style=\"text-decoration: underline;\">Alpha CRS\u2122+ &#8211; Zellvitalit\u00e4t<\/span><br \/>Dieser zellul\u00e4re Vitalit\u00e4tskomplex ist mit nat\u00fcrlichen pflanzlichen Extrakten angereichert, um die gesunde Zellfunktion gezielt zu unterst\u00fctzen. Nehme 2 Kapseln zum Fr\u00fchst\u00fcck und 2 Kapseln zum Abendessen ein.<\/p>\n<p>[\/et_pb_text][et_pb_shop type=&#8221;product_category&#8221; include_categories=&#8221;2003&#8243; columns_number=&#8221;4&#8243; orderby=&#8221;menu_order&#8221; _builder_version=&#8221;4.16&#8243; title_font_size=&#8221;22px&#8221; price_font_size=&#8221;14px&#8221; min_height=&#8221;504px&#8221; custom_margin=&#8221;||||false|false&#8221; custom_padding=&#8221;25px||0px||false|false&#8221; title_font_size_last_edited=&#8221;off|desktop&#8221; pac_drh_column_numbers_phone=&#8221;pac_drh_ph_col_two&#8221; locked=&#8221;off&#8221; global_colors_info=&#8221;{}&#8221;][\/et_pb_shop][\/et_pb_column][\/et_pb_row][et_pb_row module_id=&#8221;energie-energetisierend&#8221; _builder_version=&#8221;4.16&#8243; _module_preset=&#8221;default&#8221; custom_margin=&#8221;0px|auto||auto|false|false&#8221; custom_padding=&#8221;0px||0px||false|false&#8221; global_colors_info=&#8221;{}&#8221;][et_pb_column type=&#8221;4_4&#8243; _builder_version=&#8221;4.16&#8243; _module_preset=&#8221;default&#8221; global_colors_info=&#8221;{}&#8221;][et_pb_text _builder_version=&#8221;4.16&#8243; _module_preset=&#8221;default&#8221; custom_margin=&#8221;||7px|||&#8221; global_colors_info=&#8221;{}&#8221;]<\/p>\n<h2>Energetisierend und vitalisierend \u2013 der M\u00fcdigkeit keine Chance<u><\/u><\/h2>\n<p>[\/et_pb_text][et_pb_text _builder_version=&#8221;4.19.4&#8243; _module_preset=&#8221;default&#8221; global_colors_info=&#8221;{}&#8221;]<\/p>\n<p>Minze\u00f6le wirken erfrischend und revitalisierend, helfen bei der Kl\u00e4rung des Geistes, sowie der Steigerung der Aufmerksamkeit. Hier sind insbesondere die \u00e4therischen \u00d6le Pfefferminz\u00f6l, aber auch Gr\u00fcnes Minz\u00f6l besonders geeignet.<\/p>\n<p>Citrus\u00f6le wirken stimmungsaufhellend und erfrischend. Das Gr\u00fcne Mandarinen\u00f6l hat eine belebende und revitaliserende Wirkung und verzaubert den Alltag.<\/p>\n<p>Wenn dein Energiehaushalt nach unten geht, du unbedingt einen Kick an frischer Energie ben\u00f6tigst, dann ist die energetisierende Wirkung von doterra Elevation die beste Wahl. Die \u00e4therischen \u00d6le in Elevation f\u00f6rdern eine positive, aufhellende Stimmung und dein Selbstbewusstsein. Die erhebenden und euphorischen Blumend\u00fcfte von Lavandin, Lavendel\u00f6l (Lavender-\u00d6l), Melissen\u00f6l (Melissa-\u00d6l), Ylang Ylang-\u00d6l und Duftbl\u00fcten mit Tangerine, Amyris, Muskatellersalbei, Hawaiianischem Sandelbaum, Ho-Holz und Zitronenmyrte sind hier wohltuend vereint.<\/p>\n<p>Zus\u00e4tzliche Energie und Motivation kann auch die \u00e4therische \u00d6lmischung Motivate geben -\u2013 gerade in den Durchh\u00e4ngephasen des Tages.<br \/>So unterst\u00fctzt dich die \u00d6lmischung Motivate bei einem dringend notwendigen Reset, l\u00e4sst dich inne halten und mit neuer kreativer Kraft, Motivation und Energie deinen Weg fortsetzen.<\/p>\n<p>In Motivate sind folgende \u00e4therische \u00d6le enthalten: Pfefferminz\u00f6l (Peppermint-\u00d6l), Mandarinen\u00f6l (Clementine-\u00d6l), Koriander\u00f6l (Coriander\u00f6l), Basilikum\u00f6l (Basil\u00f6l), Yuzu\u00f6l, Melissen\u00f6l (Melissa-\u00d6l), Rosemarin\u00f6l (Rosemary-\u00d6l) Vanilla Extract.<\/p>\n<p>TIPP: Bei M\u00fcdigkeit 1-2 Tropfen der \u00d6le in den Diffusor geben oder Pfefferminze-\u00d6l bzw. Spearmint-\u00d6l zusammen mit fraktioniertem Kokos\u00f6l an die Schl\u00e4fen und in den Nacken reiben. Wunderbar auch bei langen Autofahrten.<\/p>\n<p>F\u00fcr unterwegs sind auch die gebrauchsfertigen Rollons von Peppermint und Motivate.<br \/>Stark erfrischend und vitalisierend wirken die Peppermint Beadlets. Gebe 1-2 dieser kleinen K\u00fcgelchen einfach auf die Zunge und zerdr\u00fccken sie im Gaumen. Sofort hast du einen frischen Atem und einen wachen Geist.<\/p>\n<p>[\/et_pb_text][et_pb_shop type=&#8221;product_category&#8221; include_categories=&#8221;1965&#8243; columns_number=&#8221;4&#8243; orderby=&#8221;menu_order&#8221; _builder_version=&#8221;4.16&#8243; title_font_size=&#8221;22px&#8221; price_font_size=&#8221;14px&#8221; min_height=&#8221;504px&#8221; custom_margin=&#8221;||||false|false&#8221; custom_padding=&#8221;25px||0px||false|false&#8221; title_font_size_last_edited=&#8221;off|desktop&#8221; pac_drh_column_numbers_phone=&#8221;pac_drh_ph_col_two&#8221; locked=&#8221;off&#8221; global_colors_info=&#8221;{}&#8221;][\/et_pb_shop][\/et_pb_column][\/et_pb_row][et_pb_row module_id=&#8221;energie-energiebooster&#8221; _builder_version=&#8221;4.16&#8243; _module_preset=&#8221;default&#8221; custom_padding=&#8221;0px||0px||false|false&#8221; global_colors_info=&#8221;{}&#8221;][et_pb_column type=&#8221;4_4&#8243; _builder_version=&#8221;4.16&#8243; _module_preset=&#8221;default&#8221; global_colors_info=&#8221;{}&#8221;][et_pb_text _builder_version=&#8221;4.16&#8243; _module_preset=&#8221;default&#8221; custom_margin=&#8221;||7px|||&#8221; global_colors_info=&#8221;{}&#8221;]<\/p>\n<h2>Energiebooster<\/h2>\n<p>[\/et_pb_text][et_pb_text _builder_version=&#8221;4.16&#8243; _module_preset=&#8221;default&#8221; global_colors_info=&#8221;{}&#8221;]<\/p>\n<p>Wenn du trotzdem in ein Loch f\u00e4llst und einen gr\u00f6\u00dferen Energiekick ben\u00f6tigst, dann ist der Energiebooster Mito2Max genau das Richtige. Er gibt ganz ohne Koffein und nur mit nat\u00fcrlichen Zutaten deinem K\u00f6rper wieder einen sp\u00fcrbaren Engergieschub. Ideal nach einer schlechten oder zu kurzen Nacht, einem Mittagsloch oder einem langen Tag.<\/p>\n<p>Einfach 1 Kapsel einnehmen und kurze Zeit sp\u00e4ter ist die neue Energie sp\u00fcrbar. Kann auch ein zuviel an Kaffee oder anderer Energiestimulanzen ersetzen.<\/p>\n<p>Mit doTERRA Mito2Max hast du das ideale Mittel, um deinen K\u00f6rper mit neuer Energie, Elan und Wohlbefinden f\u00fcr den ganzen Tag zu versehen oder Durchh\u00e4nger ohne Koffein nur mit der Kraft der Natur zu \u00fcberstehen.<\/p>\n<p>Der menschliche K\u00f6rper besteht aus Billionen von Zellen. Die Synergien zwischen diesen Zellen ist bei genauerer Betrachtung immer wieder bemerkenswert. Die Mitrochondrien stellen die \u201eEnergie\u201c f\u00fcr das Leben dieser Zellen zur Verf\u00fcgung. Mit zunehmendem Alter nimmt die Leistung der Mitrochondrien jedoch ab. In der Folge verf\u00fcgen wir \u00fcber weniger Energie und mehr giftige Zellabgase. Sportarten und Aktivit\u00e4ten, die wir in unserer Jugend genossen haben, sind nicht mehr so einfach durchzuf\u00fchren. Manch einer versucht, seine Energie durch Koffein und andere Stimulanzien, die einen schnellen Kick verleihen k\u00f6nnen, zu erh\u00f6hen. Doch oft hinterlassen uns diese Substanzen schlechter als zuvor.<\/p>\n<p>Mito2Max, die einzigartige Rezeptur von d\u014dTERRA, mit dem Hauptbestandteil Acetyl-L-Carnitin unterst\u00fctzt einen gesunden, aktiven Lebensstil. Es enth\u00e4lt zudem Oligonol\u00ae, eine einzigartige Antioxidantienmischung, die biologisch aktive Polyphenole aus Litschi-Fr\u00fcchten und gr\u00fcnem Tee kombiniert. Ein weiterer wichtiger Bestandteil von Mito2Max ist Ashwaganda-Wurzelextrakt. Ashwaganda wird aufgrund seiner vielf\u00e4ltigen Einsatzm\u00f6glichkeiten als \u201eKraut des Alters\u201c bezeichnet. Ashwaganda wird seit Generationen erforscht und kann die Stimmung positiv beeinflussen sowie das Nervensystem beruhigen.<\/p>\n<p>G\u00f6nne Dir diesen gesunden Energieschub f\u00fcr einen aktiven und erfolgreichen Tag.<\/p>\n<p>TIPP: Bei Bedarf eine Kapsel Mito2Max einnehmen und Du wirst schnell die neue Energie ohne aufputschende Wirkung feststellen.<\/p>\n<p>[\/et_pb_text][et_pb_shop type=&#8221;product_category&#8221; include_categories=&#8221;1966&#8243; columns_number=&#8221;4&#8243; orderby=&#8221;menu_order&#8221; _builder_version=&#8221;4.16&#8243; title_font_size=&#8221;22px&#8221; price_font_size=&#8221;14px&#8221; min_height=&#8221;504px&#8221; custom_margin=&#8221;||||false|false&#8221; custom_padding=&#8221;25px||0px||false|false&#8221; title_font_size_last_edited=&#8221;off|desktop&#8221; pac_drh_column_numbers_phone=&#8221;pac_drh_ph_col_two&#8221; locked=&#8221;off&#8221; global_colors_info=&#8221;{}&#8221;][\/et_pb_shop][\/et_pb_column][\/et_pb_row][et_pb_row module_id=&#8221;energie-fuerdiekleinen&#8221; _builder_version=&#8221;4.16&#8243; _module_preset=&#8221;default&#8221; custom_margin_tablet=&#8221;&#8221; custom_margin_phone=&#8221;&#8221; custom_margin_last_edited=&#8221;on|phone&#8221; custom_padding=&#8221;0px||0px||false|false&#8221; global_colors_info=&#8221;{}&#8221;][et_pb_column type=&#8221;4_4&#8243; _builder_version=&#8221;4.16&#8243; _module_preset=&#8221;default&#8221; global_colors_info=&#8221;{}&#8221;][et_pb_text _builder_version=&#8221;4.16&#8243; _module_preset=&#8221;default&#8221; custom_margin=&#8221;||7px|||&#8221; header_font_size_phone=&#8221;42px&#8221; header_font_size_last_edited=&#8221;off|phone&#8221; header_2_font_size_tablet=&#8221;&#8221; header_2_font_size_phone=&#8221;34px&#8221; header_2_font_size_last_edited=&#8221;on|phone&#8221; global_colors_info=&#8221;{}&#8221;]<\/p>\n<h2>Neue Energie f\u00fcr die gro\u00dfen Kleinen<\/h2>\n<p>[\/et_pb_text][et_pb_text _builder_version=&#8221;4.16&#8243; _module_preset=&#8221;default&#8221; global_colors_info=&#8221;{}&#8221;]<\/p>\n<p>Gerade Kinder sind in der heutigen Zeit vielf\u00e4ltigen Belastungen ausgesetzt. \u00c4therische \u00d6le k\u00f6nnen sie auf ganz nat\u00fcrliche Weise dabei unterst\u00fctzen, Kraft und neue Energie zu bekommen, fokussiert den Alltag und die Schule zu bew\u00e4ltigen.<\/p>\n<p>Hierbei k\u00f6nnen gerade die \u00e4therischen \u00d6le Wilde-Orangen-\u00d6l (Wild Orange \u00d6l) und Pfefferminze-\u00d6l (Peppermint-\u00d6l) wertvolle Unterst\u00fctzung geben. So kann speziell das Wilde Orangen-\u00d6l nach einem langen und anstrengenden Tag wundervolle Entspannung und neue Energie geben. Kinder und Jugendliche lieben es.<\/p>\n<p>Ideal f\u00fcr Energie und Fokus in der Schule und bei den Hausaufgaben sind auch die zentrierenden \u00d6le-Mischungen Intune, sowie die spezielle Fokusmischung f\u00fcr Kinder aus der Kids Collection Thinker.<\/p>\n<p>doTERRA Thinker unterst\u00fctzt die erh\u00f6hte Energie und Klarheit, damit Dein Kind aufmerksam und konzentriert durch den Tag kommt. Die \u00d6lmischung aus Haitianisches S\u00fc\u00dfgras\u00f6l (Vetiver-\u00d6l), Pfefferminze\u00f6l (Peppermint-\u00d6l), Mandarinen\u00f6l (Mandarine-\u00d6l) und Rosmarin\u00f6l (Rosemary-\u00d6l) in fraktioniertem Kokos\u00f6l l\u00e4sst deine Kinder augenblicklich wacher werden. Die anregenden Eigenschaften der Mandarine spielt dabei eine gro\u00dfe Rolle. Ideal ist, wenn du den doTERRA Thinker Touch in den Alltag des Kindes integrierst. Dies ist durch den gebrauchsfertigen Touch ganz einfach m\u00f6glich.<\/p>\n<p>TIPP: Als schnellen Muntermacher zwischendurch einfach 1-2 Tropfen Wilde Orange und Pfefferminze in die H\u00e4nde geben und tief inhalieren.<\/p>\n<p>Thinker und Intune auf die Pulspunkte auftragen und inhalieren.<\/p>\n<p>[\/et_pb_text][et_pb_shop type=&#8221;product_category&#8221; include_categories=&#8221;1967&#8243; columns_number=&#8221;4&#8243; orderby=&#8221;menu_order&#8221; _builder_version=&#8221;4.16&#8243; title_font_size=&#8221;22px&#8221; price_font_size=&#8221;14px&#8221; min_height=&#8221;504px&#8221; custom_margin=&#8221;||||false|false&#8221; custom_padding=&#8221;25px||0px||false|false&#8221; title_font_size_last_edited=&#8221;off|desktop&#8221; pac_drh_column_numbers_phone=&#8221;pac_drh_ph_col_two&#8221; locked=&#8221;off&#8221; global_colors_info=&#8221;{}&#8221;][\/et_pb_shop][\/et_pb_column][\/et_pb_row][\/et_pb_section]<\/p>\n","protected":false},"excerpt":{"rendered":"<p>Energie steigern mit \u00e4therischen \u00d6lenWie sch\u00f6n w\u00e4re es doch, an einem langen, anstrengenden Tag oder zwischendurch neue Kraft und Energie zu tanken? Oder auch einfach, wenn es darauf ankommt, top fit und leistungsf\u00e4hig zu sein. doTERRA bietet dir basierend auf der Kraft der Natur wundervolle Unterst\u00fctzungsm\u00f6glichkeiten. Seien es \u00e4therische \u00d6le oder nat\u00fcrliche Nahrungserg\u00e4nzungen, die der [&hellip;]<\/p>\n","protected":false},"author":1,"featured_media":0,"parent":0,"menu_order":0,"comment_status":"closed","ping_status":"closed","template":"","meta":{"_et_pb_use_builder":"on","_et_pb_old_content":"","_et_gb_content_width":"","footnotes":""},"categories":[2070],"_links":{"self":[{"href":"https:\/\/www.magnolioworld.com\/green-ch\/wp-json\/wp\/v2\/pages\/3241"}],"collection":[{"href":"https:\/\/www.magnolioworld.com\/green-ch\/wp-json\/wp\/v2\/pages"}],"about":[{"href":"https:\/\/www.magnolioworld.com\/green-ch\/wp-json\/wp\/v2\/types\/page"}],"author":[{"embeddable":true,"href":"https:\/\/www.magnolioworld.com\/green-ch\/wp-json\/wp\/v2\/users\/1"}],"replies":[{"embeddable":true,"href":"https:\/\/www.magnolioworld.com\/green-ch\/wp-json\/wp\/v2\/comments?post=3241"}],"version-history":[{"count":1,"href":"https:\/\/www.magnolioworld.com\/green-ch\/wp-json\/wp\/v2\/pages\/3241\/revisions"}],"predecessor-version":[{"id":13563,"href":"https:\/\/www.magnolioworld.com\/green-ch\/wp-json\/wp\/v2\/pages\/3241\/revisions\/13563"}],"wp:attachment":[{"href":"https:\/\/www.magnolioworld.com\/green-ch\/wp-json\/wp\/v2\/media?parent=3241"}],"wp:term":[{"taxonomy":"category","embeddable":true,"href":"https:\/\/www.magnolioworld.com\/green-ch\/wp-json\/wp\/v2\/categories?post=3241"}],"curies":[{"name":"wp","href":"https:\/\/api.w.org\/{rel}","templated":true}]}}