{"id":3233,"date":"2021-10-17T20:37:06","date_gmt":"2021-10-17T18:37:06","guid":{"rendered":"https:\/\/ch.magnolio.shop\/?page_id=3233"},"modified":"2024-03-07T18:57:45","modified_gmt":"2024-03-07T17:57:45","slug":"bewegungsapparat","status":"publish","type":"page","link":"https:\/\/www.magnolioworld.com\/green-ch\/bewegungsapparat\/","title":{"rendered":"Men\u00fc | Anwendung | Bewegungsapparat"},"content":{"rendered":"<p>[et_pb_section fb_built=&#8221;1&#8243; _builder_version=&#8221;4.16&#8243; _module_preset=&#8221;default&#8221; custom_margin=&#8221;||||false|false&#8221; custom_margin_tablet=&#8221;&#8221; custom_margin_phone=&#8221;||||false|false&#8221; custom_margin_last_edited=&#8221;on|phone&#8221; custom_padding=&#8221;30px||30px||false|false&#8221; global_colors_info=&#8221;{}&#8221;][et_pb_row column_structure=&#8221;2_3,1_3&#8243; _builder_version=&#8221;4.16&#8243; _module_preset=&#8221;default&#8221; custom_margin=&#8221;24px|auto||auto||&#8221; custom_margin_tablet=&#8221;&#8221; custom_margin_phone=&#8221;12px|auto||auto|false|false&#8221; custom_margin_last_edited=&#8221;on|phone&#8221; custom_padding=&#8221;0px||35px||false|false&#8221; global_colors_info=&#8221;{}&#8221;][et_pb_column type=&#8221;2_3&#8243; _builder_version=&#8221;4.16&#8243; _module_preset=&#8221;default&#8221; global_colors_info=&#8221;{}&#8221;][et_pb_text _builder_version=&#8221;4.16&#8243; _module_preset=&#8221;default&#8221; custom_margin=&#8221;||7px|||&#8221; header_font_size_tablet=&#8221;&#8221; header_font_size_phone=&#8221;34px&#8221; header_font_size_last_edited=&#8221;on|phone&#8221; global_colors_info=&#8221;{}&#8221;]<\/p>\n<h1>Bewegungsapparat unterst\u00fctzen mit \u00e4therischen \u00d6len<\/h1>\n<p>[\/et_pb_text][et_pb_text _builder_version=&#8221;4.16&#8243; _module_preset=&#8221;default&#8221; global_colors_info=&#8221;{}&#8221;]<\/p>\n<p>Wer m\u00f6chte sich nicht leicht und ohne Einschr\u00e4nkung der Beweglichkeit fortbewegen? Bei unserem Bewegungsapparat ist es z.B. wie beim Fahrrad: Gut geschmiert und ge\u00f6lt, f\u00e4hrt es am Leichtesten. So k\u00f6nnen wir tats\u00e4chlich mit \u00e4therischen \u00d6len unsere Gelenkte, Muskeln, Sehnen und B\u00e4nder dabei unterst\u00fctzen, gut geschmiert mit Leichtigkeit zu funktionieren.<br \/><strong><\/strong><\/p>\n<p><strong>SPARTIPP:<br \/><\/strong>Das kosteng\u00fcnstige Athlete\u2019s Kit enth\u00e4lt alle f\u00fcr den Bewegungsapparat und insbesondere beim Sport n\u00fctzlichen Produkte.<\/p>\n<p>[\/et_pb_text][\/et_pb_column][et_pb_column type=&#8221;1_3&#8243; _builder_version=&#8221;4.16&#8243; _module_preset=&#8221;default&#8221; global_colors_info=&#8221;{}&#8221;][et_pb_image src=&#8221;https:\/\/www.magnolioworld.com\/green-ch\/wp-content\/uploads\/20&#215;20.png&#8221; alt=&#8221;Bewegungsapparat unterst\u00fctzen mit \u00e4therischen \u00d6len&#8221; title_text=&#8221;Bewegungsapparat unterst\u00fctzen mit \u00e4therischen \u00d6len&#8221; force_fullwidth=&#8221;on&#8221; _builder_version=&#8221;4.16&#8243; background_image=&#8221;https:\/\/www.magnolioworld.com\/green-ch\/wp-content\/uploads\/Jogger-Rentner_4843175_original.jpg&#8221; height=&#8221;200px&#8221; border_width_all=&#8221;10px&#8221; border_color_all=&#8221;#ffffff&#8221; box_shadow_style=&#8221;preset1&#8243; box_shadow_blur=&#8221;10px&#8221; box_shadow_color=&#8221;#9b9b9b&#8221; locked=&#8221;off&#8221; global_colors_info=&#8221;{}&#8221;][\/et_pb_image][\/et_pb_column][\/et_pb_row][et_pb_row _builder_version=&#8221;4.16&#8243; _module_preset=&#8221;default&#8221; background_color=&#8221;#e8e8e8&#8243; custom_margin=&#8221;|auto|24px|auto||&#8221; custom_margin_tablet=&#8221;&#8221; custom_margin_phone=&#8221;|auto|26px|auto|false|false&#8221; custom_margin_last_edited=&#8221;on|phone&#8221; custom_padding=&#8221;20px||20px||false|false&#8221; locked=&#8221;off&#8221; global_colors_info=&#8221;{}&#8221;][et_pb_column type=&#8221;4_4&#8243; _builder_version=&#8221;4.16&#8243; _module_preset=&#8221;default&#8221; global_colors_info=&#8221;{}&#8221;][et_pb_text _builder_version=&#8221;4.16&#8243; _module_preset=&#8221;default&#8221; text_font_size=&#8221;24px&#8221; text_orientation=&#8221;center&#8221; custom_margin=&#8221;||7px|||&#8221; global_colors_info=&#8221;{}&#8221;]<\/p>\n<p>\u00dcbersicht<\/p>\n<p>[\/et_pb_text][et_pb_text _builder_version=&#8221;4.16&#8243; _module_preset=&#8221;default&#8221; text_orientation=&#8221;center&#8221; custom_margin=&#8221;||10px||false|false&#8221; global_colors_info=&#8221;{}&#8221;]<\/p>\n<p><a href=\"#bewegung-einschraenkung\">Bewegungseinschr\u00e4nkung<\/a> || <a href=\"#bewegung-neuerschwung\">Neuer Schwung<\/a> || <a href=\"#bewegung-sport\">Sport<\/a> || <a href=\"#bewegung-wachstum\">Wachstumsbeschwerden<\/a><\/p>\n<p>[\/et_pb_text][et_pb_text _builder_version=&#8221;4.16&#8243; _module_preset=&#8221;default&#8221; text_orientation=&#8221;center&#8221; global_colors_info=&#8221;{}&#8221;]<\/p>\n<p>Tipp: Nutze den Pfeil unten rechts, um wieder nach oben zu gelangen.<\/p>\n<p>[\/et_pb_text][\/et_pb_column][\/et_pb_row][et_pb_row module_id=&#8221;bewegung-einschraenkung&#8221; _builder_version=&#8221;4.16&#8243; _module_preset=&#8221;default&#8221; custom_margin=&#8221;40px|auto||auto|false|false&#8221; custom_padding=&#8221;0px||0px||false|false&#8221; global_colors_info=&#8221;{}&#8221;][et_pb_column type=&#8221;4_4&#8243; _builder_version=&#8221;4.16&#8243; _module_preset=&#8221;default&#8221; global_colors_info=&#8221;{}&#8221;][et_pb_text _builder_version=&#8221;4.16&#8243; _module_preset=&#8221;default&#8221; custom_margin=&#8221;||7px|||&#8221; global_colors_info=&#8221;{}&#8221;]<\/p>\n<h2>Bewegungseinschr\u00e4nkungen im Alltag<\/h2>\n<p>[\/et_pb_text][et_pb_text _builder_version=&#8221;4.16&#8243; _module_preset=&#8221;default&#8221; global_colors_info=&#8221;{}&#8221;]<\/p>\n<p>Wenn sich mal wieder beim langen Sitzen am Schreibtisch der R\u00fccken, die Schulter oder der Nacken bemerkbar macht, liefert die \u00e4therische \u00d6le Mischung Deep Blue schnelle Entspannung und Linderung.<\/p>\n<p>Aber auch, wenn zu schwer getragen oder der Bewegungsapparat \u00fcberlastet wurde, ist die \u00d6le-Mischung doTERRA Deep Blue ideal, um eine rasche Linderungen zu erreichen.<\/p>\n<p>So kann die bes\u00e4nftigende doTERRA-Deep Blue Mischung grunds\u00e4tzlich immer dann verwendet werden, wenn es zu k\u00f6rperlichen Anstrengungen gekommen ist. Sie ist die perfekte Kombination aus \u00e4therischen \u00d6len, die in die Haut einmassiert wird und dann einen angenehmen k\u00fchlenden Effekt hat. Deep Blue wirkt beruhigend und lindert das Gef\u00fchl von \u00dcberanspannung. Verantwortlich daf\u00fcr sind das Wintergr\u00fcn-\u00d6l (Wintergreen-\u00d6l), Kampfer\u00f6l (Campher-\u00d6l), Pfefferminze\u00f6l (Peppermint-\u00d6l), Blauer Regenfarn\u00f6l (Blue Rainfarn-\u00d6l), Blaues Kamillen\u00f6l (Blue Chamomille-\u00d6l), Strohblumen\u00f6l (Helichrysum-\u00d6l) und Osmanthus.<\/p>\n<p>Zur Tiefenentspannung des Bewegungsapparates kann auch die Massagemischung doTERRA Aromatouch auf die betroffenen K\u00f6perregionen einmassiert werden.<\/p>\n<p>AromaTouch ist eine Mischung, die die \u00e4therischen \u00d6le Zypressen\u00f6l, Pfefferminze\u00f6l (Peppermint-\u00d6l), Majoran\u00f6l (Marjoram\u00f6l), Basilikum\u00f6l (Basil\u00f6l), Grapefrucht-\u00d6l (Grapefruit\u00f6l) und Lavendel\u00f6l (Lavender\u00f6l) enth\u00e4lt. Bei verschiedenen Massagetechniken bringt sie gro\u00dfe Vorteile hinsichtlich einer entspannenden und wohltuenden Wirkung. Sie schenkt Ihrem K\u00f6rper ein tiefes Wohlbehagen, das sich auch entspannend auf die Seele auswirkt.<\/p>\n<p>Eine wunderbare Erg\u00e4nzung stellt das Winterg\u00fcn\u00f6l (Wintergreen-\u00d6l) dar. Es ist reich an Methylsalicylat, \u00e4hnlich dem der Birke und hat dadurch eine stark lindernde Wirkung auf den betroffenen Stellen.<\/p>\n<p>TIPP: Reibe 1-2 Tropfen DeepBlue vermischt mit fraktioniertem Kokos\u00f6l auf den Nacken und die Schultern ein. Oder massiere deine Beine nach einem langen Tag mit der Aromatouch-Mischung.<br \/>Benutze f\u00fcrs B\u00fcro und unterwegs den gebrauchsfertigen Deep Blue Touch zum Auftragen auf die betroffenen Stellen<\/p>\n<p>Benutze zus\u00e4tzlich Wintergreen auf die besonders unangenehmen Stellen.<\/p>\n<p>G\u00f6nne dir ein Home-Spa, indem du abends ein paar Tropfen Aromatouch und Wintergreen zusammen mit Badesalz, Hafer- oder Mandelmilch ins Badewasser gibst.<\/p>\n<p>[\/et_pb_text][et_pb_shop type=&#8221;product_category&#8221; include_categories=&#8221;1961&#8243; columns_number=&#8221;4&#8243; orderby=&#8221;menu_order&#8221; _builder_version=&#8221;4.16&#8243; title_font_size=&#8221;22px&#8221; price_font_size=&#8221;14px&#8221; min_height=&#8221;504px&#8221; custom_margin=&#8221;||||false|false&#8221; custom_padding=&#8221;25px||0px||false|false&#8221; title_font_size_last_edited=&#8221;off|desktop&#8221; pac_drh_column_numbers_phone=&#8221;pac_drh_ph_col_two&#8221; locked=&#8221;off&#8221; global_colors_info=&#8221;{}&#8221;][\/et_pb_shop][\/et_pb_column][\/et_pb_row][et_pb_row module_id=&#8221;bewegung-neuerschwung&#8221; _builder_version=&#8221;4.16&#8243; _module_preset=&#8221;default&#8221; custom_padding=&#8221;0px||0px||false|false&#8221; global_colors_info=&#8221;{}&#8221;][et_pb_column type=&#8221;4_4&#8243; _builder_version=&#8221;4.16&#8243; _module_preset=&#8221;default&#8221; global_colors_info=&#8221;{}&#8221;][et_pb_text _builder_version=&#8221;4.16&#8243; _module_preset=&#8221;default&#8221; custom_margin=&#8221;||7px|||&#8221; global_colors_info=&#8221;{}&#8221;]<\/p>\n<h2>Neuer Schwung bei andauernden Beschwerden \u2013 Anti-Aging<\/h2>\n<p>[\/et_pb_text][et_pb_text _builder_version=&#8221;4.16&#8243; _module_preset=&#8221;default&#8221; global_colors_info=&#8221;{}&#8221;]<\/p>\n<p>Viele haben durch \u00dcberlastung ihres Bewegungsapparates oder aufgrund von Abnutzungserscheinungen im Alter dauerhafte Beschwerden der Muskeln und Gelenke, die die Bewegung stark einschr\u00e4nken. Dadurch wird die Freude am Bewegen genommen und sportlichen Aktivit\u00e4ten oft sehr eingeschr\u00e4nkt, was mit einer erheblichen Beeintr\u00e4chtigung der Lebensqualit\u00e4t einhergeht.<\/p>\n<p>Hier kann zus\u00e4tzlich zu der lokalen Behandlung mit den doTERRA-\u00d6lmischungen Deep Blue, Aromatouch und dem Wintergr\u00fcn-\u00d6l (Wintergreen\u00f6l) der Deep Blue Polyphenol Complex eine gro\u00dfe Erleichterung verschaffen und neue Lebensqualit\u00e4t zur\u00fcckbringen.<\/p>\n<p>Deep Blue Polyphenol Complex\u2122 enth\u00e4lt Polyphenolextrakte aus Weihrauch, Kurkuma, Gr\u00fcntee, Ingwer, Granatapfel und Traubenkernen und wurde entwickelt, um beanspruchte Muskeln und andere gelegentliche Beschwerden zu lindern. Um auch langfristig von seiner positiven Wirkung zu profitieren, kann es aber auch t\u00e4glich eingenommen werden. Deep Blue Polyphenol Complex\u2122 enth\u00e4lt eine einzigartige Mischung aus Extrakten indischen Weihrauchs (Boswellia serrata), Kurkuma und Ingwer. Indischer Weihrauch wird seit jeher aufgrund seiner lindernden Eigenschaften genutzt und ist ein bekanntes Anwendungsmittel der ayurvedischen Heilkunde. Das Nahrungserg\u00e4nzungsmittel bietet einen einzigartigen, standardisierten Boswellia serrata-Extrakt (kein \u00e4therisches \u00d6l). Klinische Studien haben gezeigt, dass dieser eine gesunde Mobilit\u00e4t und Funktion f\u00f6rdert, aber auch zur wohltuenden Linderung im gesamten K\u00f6rper beitragen kann. Wie Boswellia ist auch Kurkuma ein traditionelles ayurvedisches Arzneimittel sowie ein Bestandteil einer beliebten indischen Curry-Mischung. Die wohltuende Wirkung von Kurkuma bei beanspruchten Muskeln und Gelenken wird von Experten aus aller Welt wissenschaftlich anerkannt. Auch die Ingwerwurzel wird seit Jahrhunderten im gesamten asiatischen Raum als traditionelles Arzneimittel und beliebtes Gew\u00fcrz verwendet. Ingwer z\u00e4hlt zu den ersten Gew\u00fcrzen, das in die Neue Welt gebracht wurde und ist seit langem f\u00fcr seine nat\u00fcrlichen lindernden Eigenschaften bekannt. Polyphenole sind nat\u00fcrliche, kraftvolle, wasserl\u00f6sliche Antioxidanten. Der Deep Blue Polyphenol Complex\u2122 enth\u00e4lt eine einzigartige Mischung aus Extrakten verschiedener Getr\u00e4nke, die weltweit als die ges\u00fcndesten gelten: Gr\u00fcntee, Rotwein, Trauben- und Granatapfelsaft. Rotwein (Resveratol) und Gr\u00fcntee (Catechine) gelten seit Jahrhunderten als jeweils wichtiger Bestandteil der mediterranen bzw. asiatischen Ern\u00e4hrung. In der heutigen Zeit sind sie spannende Untersuchungsobjekte der Anti-Aging und Wellness-Forschung.<\/p>\n<p>Resveratrol gilt als einer der wichtigsten Bestandteile der gesunden, mediterranen Ern\u00e4hrung und ist verantwortlich f\u00fcr das \u201efranz\u00f6sische Paradox\u201c: Es erkl\u00e4rt, warum Franzosen ein weitaus ges\u00fcnderes Herz haben, als ihr Lebensstil und ihre Ern\u00e4hrung vermuten lassen w\u00fcrden.<\/p>\n<p>Die gro\u00dfe Vielfalt der gesundheitsf\u00f6rdernden Eigenschaften die Gr\u00fcntee enth\u00e4lt, sind seit Jahrhunderten bekannt. Es gelang Wissenschaftlern jedoch erst k\u00fcrzlich, die darin enthaltenen Catechine als die Molek\u00fcle zu identifizieren, die haupts\u00e4chlich f\u00fcr diese Wirkung verantwortlich sind, allen voran EGCG (Epigallocatechin-Galluss\u00e4ure). Der Gr\u00fcnteeextrakt, der in diesem Produkt enthalten ist, konzentriert die positiven Eigenschaften des Gr\u00fcntees und liefert die ben\u00f6tigte Menge Catechine. Traubenkerne sind f\u00fcr ihren au\u00dfergew\u00f6hnlich hohen Gehalt an sch\u00fctzenden Polyphenolen bekannt, allen voran OPC (oligomere Procyanidine), bei denen es sich um kraftvolle Antioxidanten handelt. Granatapfel ist ein weiterer, wichtiger Bestandteil dieses Produktes. Oft wird er als \u201eheilige Frucht\u201c bezeichnet. Punicalagin wurde als eines der wichtigsten Molek\u00fcle identifiziert, das f\u00fcr die gesundheitsf\u00f6rdernde Wirkung des Granatapfels verantwortlich ist. Wie viel davon in Granatapfelsaft bzw. in anderen Produkten auf Granatapfelbasis enthalten ist, wird jedoch nur selten auf der Verpackung deklariert. Deep Blue Polyphenol Complex\u2122 enth\u00e4lt einen einzigartigen Granatapfelextrakt, der standardisiert wurde, um die ben\u00f6tigte Menge an Punicalagin zu liefern, die dazu beitr\u00e4gt, die gesundheitsf\u00f6rdernde Wirkung dieser kraftvollen Frucht f\u00fcr sich in Anspruch zu nehmen. Die Polyphenole neutralisieren eine weite Bandbreite an sch\u00e4dlichen freien Radikalen und unterst\u00fctzen so unterschiedliche Gewebe, Organe und Systeme im K\u00f6rper. Es liefert eine einzigartige nat\u00fcrliche Form der Linderung von k\u00f6rperlicher Pein. Die besondere Rezeptur erm\u00f6glicht, diese au\u00dfergew\u00f6hnlich kraftvollen, nat\u00fcrlichen Molek\u00fcle einzunehmen, ohne dabei Alkohol, Koffein, Zucker, Kalorien oder andere potentiell sch\u00e4dliche Stimulanzien zu sich zu nehmen.<\/p>\n<p>G\u00f6nne Dir diesen wohltuenden Komplex zur Vorbeugung und Linderung von Problemen Deiner Muskeln und Gelenke, sowie bei aktuellen Unp\u00e4sslichkeiten und geniesse dein Leben in wunderbarer Leichtigkeit.<\/p>\n<p>TIPP: Deep Blue Polyphenol Complex\u2122 t\u00e4glich nach Packungsanweisung nehmen. Zus\u00e4tzlich die Deep Blue \u00d6lemischung oder die Deep Blue Rub Creme nach besonderer Beanspruchung auftragen bzw. sich eine entspannende Massage mit der Aromatouch-\u00d6lemischung und Wintergr\u00fcn\u00f6l g\u00f6nnen.<\/p>\n<p>[\/et_pb_text][et_pb_shop type=&#8221;product_category&#8221; include_categories=&#8221;1962&#8243; columns_number=&#8221;4&#8243; orderby=&#8221;menu_order&#8221; _builder_version=&#8221;4.16&#8243; title_font_size=&#8221;22px&#8221; price_font_size=&#8221;14px&#8221; min_height=&#8221;504px&#8221; custom_margin=&#8221;||||false|false&#8221; custom_padding=&#8221;25px||0px||false|false&#8221; title_font_size_last_edited=&#8221;off|desktop&#8221; pac_drh_column_numbers_phone=&#8221;pac_drh_ph_col_two&#8221; locked=&#8221;off&#8221; global_colors_info=&#8221;{}&#8221;][\/et_pb_shop][\/et_pb_column][\/et_pb_row][et_pb_row module_id=&#8221;bewegung-sport&#8221; _builder_version=&#8221;4.16&#8243; _module_preset=&#8221;default&#8221; custom_margin_tablet=&#8221;&#8221; custom_margin_phone=&#8221;&#8221; custom_margin_last_edited=&#8221;on|phone&#8221; custom_padding=&#8221;0px||0px||false|false&#8221; global_colors_info=&#8221;{}&#8221;][et_pb_column type=&#8221;4_4&#8243; _builder_version=&#8221;4.16&#8243; _module_preset=&#8221;default&#8221; global_colors_info=&#8221;{}&#8221;][et_pb_text _builder_version=&#8221;4.16&#8243; _module_preset=&#8221;default&#8221; custom_margin=&#8221;||7px|||&#8221; header_font_size_phone=&#8221;42px&#8221; header_font_size_last_edited=&#8221;off|phone&#8221; header_2_font_size_tablet=&#8221;&#8221; header_2_font_size_phone=&#8221;34px&#8221; header_2_font_size_last_edited=&#8221;on|phone&#8221; global_colors_info=&#8221;{}&#8221;]<\/p>\n<h2>Der Sport l\u00e4uft wie geschmiert<\/h2>\n<p>[\/et_pb_text][et_pb_text _builder_version=&#8221;4.16&#8243; _module_preset=&#8221;default&#8221; global_colors_info=&#8221;{}&#8221;]<\/p>\n<p>Gerade beim Sport ist der Bewegungsapparat stark gefordert. So kann es schnell zu \u00dcberlastungen und den daraus entstehenden Problemen der Muskeln und Gelenke kommen.<\/p>\n<p>Hierbei kann die lindernde \u00d6lemischung doTERRA deep Blue wunderbare Entspannung und Linderung bringen.<br \/>Neben der Deep Blue \u00d6lemischung ist auch die Creme Deep Blue Rub wunderbar geeignet, \u00fcberforderte Muskeln und Gelenke wieder zu entlasten und zu entspannen.<\/p>\n<p>Sie basiert auf der \u00e4therischen \u00d6le-Mischung Deep Blue und schenk sofortige K\u00fchlung und Entspannung an den beanspruchten K\u00f6rperbereichen.<\/p>\n<p>TIPP: Trage mit Kokos\u00f6l verd\u00fcnntes Deep Blue \u00d6l vor dem Sport auf die besonders empfindlichen und beanspruchten K\u00f6rperregionen auf. Dieses entspannt gleich zu Beginn die Muskulatur und kann so helfen, \u00dcberbeanspruchungen vorzubeugen.<\/p>\n<p>Verwende Deep Blue Rub nach dem Sport den Regionen, die besonders geschmiert werden m\u00fcssen.<br \/>Massiere zus\u00e4tzlich Aromatouch auf die betroffenen Stellen ein und mache zur optimalen Entspannung ein Relax-Spa mit ein paar Tropfen Aromatouch und Badesalz, Hafer- oder Mandelmilch ins Badewasser.<\/p>\n<p>[\/et_pb_text][et_pb_shop type=&#8221;product_category&#8221; include_categories=&#8221;1963&#8243; columns_number=&#8221;4&#8243; orderby=&#8221;menu_order&#8221; _builder_version=&#8221;4.16&#8243; title_font_size=&#8221;22px&#8221; price_font_size=&#8221;14px&#8221; min_height=&#8221;504px&#8221; custom_margin=&#8221;||||false|false&#8221; custom_padding=&#8221;25px||0px||false|false&#8221; title_font_size_last_edited=&#8221;off|desktop&#8221; pac_drh_column_numbers_phone=&#8221;pac_drh_ph_col_two&#8221; locked=&#8221;off&#8221; global_colors_info=&#8221;{}&#8221;][\/et_pb_shop][\/et_pb_column][\/et_pb_row][et_pb_row module_id=&#8221;bewegung-wachstum&#8221; _builder_version=&#8221;4.16&#8243; _module_preset=&#8221;default&#8221; custom_padding=&#8221;0px||0px||false|false&#8221; global_colors_info=&#8221;{}&#8221;][et_pb_column type=&#8221;4_4&#8243; _builder_version=&#8221;4.16&#8243; _module_preset=&#8221;default&#8221; global_colors_info=&#8221;{}&#8221;][et_pb_text _builder_version=&#8221;4.16&#8243; _module_preset=&#8221;default&#8221; custom_margin=&#8221;||7px|||&#8221; global_colors_info=&#8221;{}&#8221;]<\/p>\n<h2>Wachstumsbeschwerden bei Kindern oder Bewegungseinschr\u00e4nkungen<\/h2>\n<p>[\/et_pb_text][et_pb_text _builder_version=&#8221;4.16&#8243; _module_preset=&#8221;default&#8221; global_colors_info=&#8221;{}&#8221;]<\/p>\n<p>Speziell f\u00fcr Kinder wurde das sanftere Rescuer entwickelt. Es unterst\u00fctzt Kinder bei Wachstumsbeschwerden und Wehwehchen am Bewegungsapparat. Als gebrauchsfertiger Touch kann es jederzeit unterwegs auf die betroffenen Regionen aufgetragen werden. Aber auch sensible Erwachsene bevorzugen diese Mischung gegen\u00fcber dem intensiver riechenden Deep Blue.<\/p>\n<p>So sorgt die lindernde Mischung doTERRA-Rescuer bei deinen Kindern nach einem anstrengenden Tag f\u00fcr Beruhigung und Linderung der Muskeln. Die Widerstandskraft wird gef\u00f6rdert und es entsteht eine wohltuende Entspannung bei Wachstumsbeschwerden. Dort zeigt die Mischung der \u00e4therischen \u00d6le aus Kopaiva\u00f6l (Copaiba-\u00d6l), Lavendel\u00f6l (Lavender-\u00d6l), Gr\u00fcneminze\u00f6l (Green Mint-\u00d6l) und Zanthoxylum die beste Wirkung.<\/p>\n<p>TIPP: Trage doTERRA Rescuer aus der Kids Collection nach dem Sport oder einem anstrengenden Tag auf Beine, H\u00e4nde und Schultern deiner Kinder auf.<\/p>\n<p>[\/et_pb_text][et_pb_shop type=&#8221;product_category&#8221; include_categories=&#8221;1964&#8243; columns_number=&#8221;4&#8243; orderby=&#8221;menu_order&#8221; _builder_version=&#8221;4.16&#8243; title_font_size=&#8221;22px&#8221; price_font_size=&#8221;14px&#8221; min_height=&#8221;504px&#8221; custom_margin=&#8221;||||false|false&#8221; custom_padding=&#8221;25px||0px||false|false&#8221; title_font_size_last_edited=&#8221;off|desktop&#8221; pac_drh_column_numbers_phone=&#8221;pac_drh_ph_col_two&#8221; locked=&#8221;off&#8221; global_colors_info=&#8221;{}&#8221;][\/et_pb_shop][\/et_pb_column][\/et_pb_row][\/et_pb_section]<\/p>\n","protected":false},"excerpt":{"rendered":"<p>Bewegungsapparat unterst\u00fctzen mit \u00e4therischen \u00d6lenWer m\u00f6chte sich nicht leicht und ohne Einschr\u00e4nkung der Beweglichkeit fortbewegen? Bei unserem Bewegungsapparat ist es z.B. wie beim Fahrrad: Gut geschmiert und ge\u00f6lt, f\u00e4hrt es am Leichtesten. So k\u00f6nnen wir tats\u00e4chlich mit \u00e4therischen \u00d6len unsere Gelenkte, Muskeln, Sehnen und B\u00e4nder dabei unterst\u00fctzen, gut geschmiert mit Leichtigkeit zu funktionieren. SPARTIPP:Das kosteng\u00fcnstige [&hellip;]<\/p>\n","protected":false},"author":1,"featured_media":0,"parent":0,"menu_order":0,"comment_status":"closed","ping_status":"closed","template":"","meta":{"_et_pb_use_builder":"on","_et_pb_old_content":"","_et_gb_content_width":"","footnotes":""},"categories":[2070],"_links":{"self":[{"href":"https:\/\/www.magnolioworld.com\/green-ch\/wp-json\/wp\/v2\/pages\/3233"}],"collection":[{"href":"https:\/\/www.magnolioworld.com\/green-ch\/wp-json\/wp\/v2\/pages"}],"about":[{"href":"https:\/\/www.magnolioworld.com\/green-ch\/wp-json\/wp\/v2\/types\/page"}],"author":[{"embeddable":true,"href":"https:\/\/www.magnolioworld.com\/green-ch\/wp-json\/wp\/v2\/users\/1"}],"replies":[{"embeddable":true,"href":"https:\/\/www.magnolioworld.com\/green-ch\/wp-json\/wp\/v2\/comments?post=3233"}],"version-history":[{"count":1,"href":"https:\/\/www.magnolioworld.com\/green-ch\/wp-json\/wp\/v2\/pages\/3233\/revisions"}],"predecessor-version":[{"id":13559,"href":"https:\/\/www.magnolioworld.com\/green-ch\/wp-json\/wp\/v2\/pages\/3233\/revisions\/13559"}],"wp:attachment":[{"href":"https:\/\/www.magnolioworld.com\/green-ch\/wp-json\/wp\/v2\/media?parent=3233"}],"wp:term":[{"taxonomy":"category","embeddable":true,"href":"https:\/\/www.magnolioworld.com\/green-ch\/wp-json\/wp\/v2\/categories?post=3233"}],"curies":[{"name":"wp","href":"https:\/\/api.w.org\/{rel}","templated":true}]}}