{"id":3228,"date":"2021-10-17T20:28:25","date_gmt":"2021-10-17T18:28:25","guid":{"rendered":"https:\/\/ch.magnolio.shop\/?page_id=3228"},"modified":"2024-03-07T18:57:39","modified_gmt":"2024-03-07T17:57:39","slug":"beruhigung-entspannung","status":"publish","type":"page","link":"https:\/\/www.magnolioworld.com\/green-ch\/beruhigung-entspannung\/","title":{"rendered":"Men\u00fc | Anwendung | Beruhigung und Entspannung"},"content":{"rendered":"<p>[et_pb_section fb_built=&#8221;1&#8243; _builder_version=&#8221;4.16&#8243; _module_preset=&#8221;default&#8221; custom_margin=&#8221;||||false|false&#8221; custom_margin_tablet=&#8221;&#8221; custom_margin_phone=&#8221;||||false|false&#8221; custom_margin_last_edited=&#8221;on|phone&#8221; custom_padding=&#8221;30px||30px||false|false&#8221; global_colors_info=&#8221;{}&#8221;][et_pb_row column_structure=&#8221;2_3,1_3&#8243; _builder_version=&#8221;4.16&#8243; _module_preset=&#8221;default&#8221; custom_margin=&#8221;24px|auto||auto||&#8221; custom_margin_tablet=&#8221;&#8221; custom_margin_phone=&#8221;12px|auto||auto|false|false&#8221; custom_margin_last_edited=&#8221;on|phone&#8221; custom_padding=&#8221;0px||35px||false|false&#8221; global_colors_info=&#8221;{}&#8221;][et_pb_column type=&#8221;2_3&#8243; _builder_version=&#8221;4.16&#8243; _module_preset=&#8221;default&#8221; global_colors_info=&#8221;{}&#8221;][et_pb_text _builder_version=&#8221;4.16&#8243; _module_preset=&#8221;default&#8221; custom_margin=&#8221;||7px|||&#8221; header_font_size_tablet=&#8221;&#8221; header_font_size_phone=&#8221;34px&#8221; header_font_size_last_edited=&#8221;on|phone&#8221; global_colors_info=&#8221;{}&#8221;]<\/p>\n<h1>Beruhigung &amp; Entspannung mit \u00e4therischen \u00d6len<\/h1>\n<p>[\/et_pb_text][et_pb_text _builder_version=&#8221;4.16&#8243; _module_preset=&#8221;default&#8221; global_colors_info=&#8221;{}&#8221;]<\/p>\n<p>Wer sehnt sich nicht nach Beruhigung in stressigen Zeiten des Tages und Entspannung am Abend? Beides sind in der heutigen herausfordernden Zeit ganz elementare Themen f\u00fcr die seelische und k\u00f6rperliche Gesundheit, sowie das Wohlbefinden.<\/p>\n<p>[\/et_pb_text][\/et_pb_column][et_pb_column type=&#8221;1_3&#8243; _builder_version=&#8221;4.16&#8243; _module_preset=&#8221;default&#8221; global_colors_info=&#8221;{}&#8221;][et_pb_image src=&#8221;https:\/\/www.magnolioworld.com\/green-ch\/wp-content\/uploads\/20&#215;20.png&#8221; alt=&#8221;Beruhigung &#038; Entspannung mit \u00e4therischen \u00d6len&#8221; title_text=&#8221;Beruhigung &#038; Entspannung mit \u00e4therischen \u00d6len&#8221; force_fullwidth=&#8221;on&#8221; _builder_version=&#8221;4.16&#8243; background_image=&#8221;https:\/\/www.magnolioworld.com\/green-ch\/wp-content\/uploads\/Yoga-Frau_44628171_original.jpg&#8221; height=&#8221;200px&#8221; border_width_all=&#8221;10px&#8221; border_color_all=&#8221;#ffffff&#8221; box_shadow_style=&#8221;preset1&#8243; box_shadow_blur=&#8221;10px&#8221; box_shadow_color=&#8221;#9b9b9b&#8221; locked=&#8221;off&#8221; global_colors_info=&#8221;{}&#8221;][\/et_pb_image][\/et_pb_column][\/et_pb_row][et_pb_row _builder_version=&#8221;4.16&#8243; _module_preset=&#8221;default&#8221; background_color=&#8221;#e8e8e8&#8243; custom_margin=&#8221;|auto|24px|auto||&#8221; custom_margin_tablet=&#8221;&#8221; custom_margin_phone=&#8221;|auto|26px|auto|false|false&#8221; custom_margin_last_edited=&#8221;on|phone&#8221; custom_padding=&#8221;20px||20px||false|false&#8221; locked=&#8221;off&#8221; global_colors_info=&#8221;{}&#8221;][et_pb_column type=&#8221;4_4&#8243; _builder_version=&#8221;4.16&#8243; _module_preset=&#8221;default&#8221; global_colors_info=&#8221;{}&#8221;][et_pb_text _builder_version=&#8221;4.16&#8243; _module_preset=&#8221;default&#8221; text_font_size=&#8221;24px&#8221; text_orientation=&#8221;center&#8221; custom_margin=&#8221;||7px|||&#8221; global_colors_info=&#8221;{}&#8221;]<\/p>\n<p>\u00dcbersicht<\/p>\n<p>[\/et_pb_text][et_pb_text _builder_version=&#8221;4.16&#8243; _module_preset=&#8221;default&#8221; text_orientation=&#8221;center&#8221; custom_margin=&#8221;||10px||false|false&#8221; global_colors_info=&#8221;{}&#8221;]<\/p>\n<p><a href=\"#beruhigung-abschalten\">Abschalten am Abend<\/a> || <a href=\"#beruhigung-entspannung\">Entspannung f\u00fcr Kinder<\/a> || <a href=\"#beruhigung-ruhe\">Ruhe und Balance<\/a><\/p>\n<p>[\/et_pb_text][et_pb_text _builder_version=&#8221;4.16&#8243; _module_preset=&#8221;default&#8221; text_orientation=&#8221;center&#8221; global_colors_info=&#8221;{}&#8221;]<\/p>\n<p>Tipp: Nutze den Pfeil unten rechts, um wieder nach oben zu gelangen.<\/p>\n<p>[\/et_pb_text][\/et_pb_column][\/et_pb_row][et_pb_row module_id=&#8221;beruhigung-abschalten&#8221; _builder_version=&#8221;4.16&#8243; _module_preset=&#8221;default&#8221; custom_margin=&#8221;40px||||false|false&#8221; custom_margin_tablet=&#8221;&#8221; custom_margin_phone=&#8221;&#8221; custom_margin_last_edited=&#8221;on|phone&#8221; custom_padding=&#8221;0px||0px||false|false&#8221; global_colors_info=&#8221;{}&#8221;][et_pb_column type=&#8221;4_4&#8243; _builder_version=&#8221;4.16&#8243; _module_preset=&#8221;default&#8221; global_colors_info=&#8221;{}&#8221;][et_pb_text _builder_version=&#8221;4.16&#8243; _module_preset=&#8221;default&#8221; custom_margin=&#8221;||7px|||&#8221; header_font_size_phone=&#8221;42px&#8221; header_font_size_last_edited=&#8221;off|phone&#8221; header_2_font_size_tablet=&#8221;&#8221; header_2_font_size_phone=&#8221;34px&#8221; header_2_font_size_last_edited=&#8221;on|phone&#8221; global_colors_info=&#8221;{}&#8221;]<\/p>\n<h2>Abschalten und Entspannen am Abend<\/h2>\n<p>[\/et_pb_text][et_pb_text _builder_version=&#8221;4.16&#8243; _module_preset=&#8221;default&#8221; global_colors_info=&#8221;{}&#8221;]<\/p>\n<p>H\u00e4ufig f\u00e4llt es nach einem langen und ereignisreichen Tag schwer sich zu entspannen und abzuschalten, wenn das Gedankenkarussel noch kreist. Hier sind die \u00e4therischen \u00d6le Lavendel\u00f6l, Zedern\u00f6l und Haitianisches S\u00fc\u00dfgras\u00f6l (Vetiver-\u00d6l) ideal geeignet, die notwendige Ruhe zu finden und loslassen zu k\u00f6nnen.<\/p>\n<p>Aber auch die erholsame Mischung Serenity hilft abzuschalten und in einen ruhigen und erholsamen Schlaf zu gleiten \u2013 eine wunderbare Einschlafhilfe.<\/p>\n<p>So hat diese \u00e4therische \u00d6lmischung ein beruhigendes und entspannendes Aroma, die dir die Anspannung nimmt und zur wohlverdienter Ruhe kommen l\u00e4sst. Insbesondere die \u00e4therischen \u00d6le Ho-Holz-\u00d6l und Haitianisches S\u00fc\u00dfgras\u00f6l (Vetiver-\u00d6l) verleiht Serenity ein erdendes Aroma, das den Geist bes\u00e4nftigt und die Sinne beruhigt\u00a0 Au\u00dferdem sorgen die ausgleichenden \u00e4therischen \u00d6le wie Zedernholz\u00f6l, Lavender-\u00d6l, Ylang Ylang-\u00d6l, Majoran\u00f6l, R\u00f6misches Kamillen\u00f6l, Hawaiianisches Sandelholz\u00f6l, Haitianisches S\u00fc\u00dfgras\u00f6l (Vetiver-\u00d6l) sowie Vanilleschoten f\u00fcr eine optimale Entspannung.<\/p>\n<p><u>TIPP:<\/u> Gib f\u00fcr dein SPA-Erlebnis zuhause einfach 1-2 Tropfen Zederholz\u00f6l und Haitianisches S\u00fc\u00dfgras-\u00d6l (Vetiver\u00f6l) zusammen mit Hafer- oder Mandelmilch in die Badewanne. F\u00fcr einen erholsamen Schlaf kannst du doTERRA Serenity vor dem zu Bett gehen auf die Fu\u00dfsohlen aufgetragen und einmassieren. Lavendel\u00f6l kannst du in den Diffusor geben oder auf das Kopfkissen tr\u00e4ufeln.<\/p>\n<p>[\/et_pb_text][et_pb_shop type=&#8221;product_category&#8221; include_categories=&#8221;1958&#8243; columns_number=&#8221;4&#8243; _builder_version=&#8221;4.16&#8243; title_font_size=&#8221;22px&#8221; price_font_size=&#8221;14px&#8221; min_height=&#8221;504px&#8221; custom_margin=&#8221;||||false|false&#8221; custom_padding=&#8221;25px||0px||false|false&#8221; title_font_size_last_edited=&#8221;off|desktop&#8221; pac_drh_column_numbers_phone=&#8221;pac_drh_ph_col_two&#8221; locked=&#8221;off&#8221; global_colors_info=&#8221;{}&#8221;][\/et_pb_shop][\/et_pb_column][\/et_pb_row][et_pb_row module_id=&#8221;beruhigung-entspannung&#8221; _builder_version=&#8221;4.16&#8243; _module_preset=&#8221;default&#8221; custom_padding=&#8221;0px||0px||false|false&#8221; global_colors_info=&#8221;{}&#8221;][et_pb_column type=&#8221;4_4&#8243; _builder_version=&#8221;4.16&#8243; _module_preset=&#8221;default&#8221; global_colors_info=&#8221;{}&#8221;][et_pb_text _builder_version=&#8221;4.16&#8243; _module_preset=&#8221;default&#8221; custom_margin=&#8221;||7px|||&#8221; global_colors_info=&#8221;{}&#8221;]<\/p>\n<h2>Entspannung und Wohlbefinden f\u00fcr Kinder<\/h2>\n<p>[\/et_pb_text][et_pb_text _builder_version=&#8221;4.16&#8243; _module_preset=&#8221;default&#8221; global_colors_info=&#8221;{}&#8221;]<\/p>\n<p>Speziell f\u00fcr Kinder wurden die \u00d6lmischungen doTERRA Brave und Calmer aus der doTERRA Kids Collection entwickelt. Beide bestehen aus sanften kindgerecht blumigen \u00d6len und k\u00f6nnen als Touch auch wunderbar gebrauchsfertig f\u00fcr unterwegs und in der Schule verwendet werden.<\/p>\n<p>Kinder bekommen Ruhe, Zuversicht und Selbstvertrauen durch die ermutigende Mischung Brave. Dadurch werden negative Emotionen mithilfe von positiven Aromen \u00fcberschrieben, die sie st\u00e4rken und die innere Ruhe bringen. Brave besteht aus den \u00e4therische \u00d6len Wilde-Orangen-\u00d6l, Amyris\u00f6l, Osmanthus\u00f6l, Zimtrinden\u00f6l und ist perfekt abgestimmt mit Kokos\u00f6l. Es hat ein helles und warmes Aroma. Amyris\u00f6l sorgt f\u00fcr ein ruhiges Umfeld, so dass unsere Kinder alle Herausforderungen des Lebens in Angriff nehmen k\u00f6nnen. Es steigert ihren Mut und ihren Optimismus.<\/p>\n<p>Wenn Kinder das Gef\u00fchl haben, K\u00f6rper und Geist wieder aufladen zu m\u00fcssen, dann ist die erholende Mischung Calmer die beste Wahl. Sie enth\u00e4lt die f\u00fcr die Beruhigung bekannten \u00e4therischen \u00d6le Lavendel, Cananga, Buddha-Holz und R\u00f6mischer Kamille. Zusammen mit dem fraktioniertem Kokos\u00f6l sind sie zu einer einzigartigen Entspannungsmischung kombiniert worden. Ihre Kinder werden Calmer nie wieder missen m\u00f6gen.<\/p>\n<p>Um nach der Schule eine entspannte Umgebung schaffen, kann auch das wohltuend ausgleichende \u00e4therische \u00d6l Wild Orangen-\u00d6l verwendet werden. Kinder lieben es.<\/p>\n<p>TIPP:<br \/>Brave und Calmer k\u00f6nnen bei Bedarf auf Nacken, Handgelenke und Fu\u00dfsohlen aufgetragen werden, um die entspannende Wirkung zu genie\u00dfen.<\/p>\n<p>Wilde Orange in den Diffusor geben \u2013 sofort f\u00fchlen sich ihre Kinder sanft in einen Orangenhain eingebettet.<\/p>\n<p>[\/et_pb_text][et_pb_shop type=&#8221;product_category&#8221; include_categories=&#8221;1959&#8243; columns_number=&#8221;4&#8243; orderby=&#8221;menu_order&#8221; _builder_version=&#8221;4.16&#8243; title_font_size=&#8221;22px&#8221; price_font_size=&#8221;14px&#8221; min_height=&#8221;504px&#8221; custom_margin=&#8221;||||false|false&#8221; custom_padding=&#8221;25px||0px||false|false&#8221; title_font_size_last_edited=&#8221;off|desktop&#8221; pac_drh_column_numbers_phone=&#8221;pac_drh_ph_col_two&#8221; locked=&#8221;off&#8221; global_colors_info=&#8221;{}&#8221;][\/et_pb_shop][\/et_pb_column][\/et_pb_row][et_pb_row module_id=&#8221;beruhigung-ruhe&#8221; _builder_version=&#8221;4.16&#8243; _module_preset=&#8221;default&#8221; custom_margin=&#8221;0px|auto||auto|false|false&#8221; custom_padding=&#8221;0px||0px||false|false&#8221; global_colors_info=&#8221;{}&#8221;][et_pb_column type=&#8221;4_4&#8243; _builder_version=&#8221;4.16&#8243; _module_preset=&#8221;default&#8221; global_colors_info=&#8221;{}&#8221;][et_pb_text _builder_version=&#8221;4.16&#8243; _module_preset=&#8221;default&#8221; custom_margin=&#8221;||7px|||&#8221; global_colors_info=&#8221;{}&#8221;]<\/p>\n<h2>Ruhe und Balance f\u00fcr den Tag<\/h2>\n<p>[\/et_pb_text][et_pb_text _builder_version=&#8221;4.16&#8243; _module_preset=&#8221;default&#8221; global_colors_info=&#8221;{}&#8221;]<\/p>\n<p>Manchmal wei\u00df man schon morgens, dass ein anstrengender Tag bevorsteht. Dann ist es ideal, mit der ausgleichenden \u00d6le-Mischung doTERRA Balance in den Tag zu starten und sie auch bei Bedarf immer dabei zu haben.<\/p>\n<p>So besteht der verf\u00fchrerische Duft der \u00e4therischen \u00d6lmischung Balance aus Fichten\u00f6l, Ho-Wood-\u00d6l, Weihrauch\u00f6l, Blauer Regenfarn-\u00d6l, R\u00f6mische Kamille-\u00d6l und fraktioniertem Kokos\u00f6l. Diese \u00e4therischen \u00d6le vermitteln dir Ruhe und Entspannung. Fichten\u00f6l wurde von den Indianern gerne aus spirituellen, aber auch aus gesundheitlich f\u00f6rdernden Gr\u00fcnden verwendet, welches K\u00f6rper und Geist in Einklang bringen. Gegen Angstgef\u00fchle helfen das Ho-Holz, der Blaue Rainfarn und die Blaue Kamille. Eine erdende und ausgleichende Wirkung auf unsere Gef\u00fchle vermittelt Weihrauch.<\/p>\n<p>Nur wer im inneren K\u00f6rper Frieden mit sich gefunden hat, kann auch Au\u00dfen ein erf\u00fclltes Leben f\u00fchren. Als Unterst\u00fctzung daf\u00fcr ist die \u00e4therische \u00d6lmischung Peace wundervoll geeignet.<\/p>\n<p>Da weder Du noch die Welt um Dich herum perfekt ist, hilft dir die Mischung, damit du deinen Frieden zu finden. So f\u00e4llt es dir mit der \u00e4therischen \u00d6lmischung doTERRA Peace leichter zu entschleunigen, wieder tief durchatmen zu k\u00f6nnen, mehr Gelassenheit und Entspannung zu finden. Diese \u00e4therische \u00d6lmischung unterst\u00fctzt dich mit Haitianisches S\u00fc\u00dfgras\u00f6l (Vetiver-\u00d6l), Lavendel\u00f6l, Ylang Ylang-\u00d6l, Weihrauch\u00f6l, Muskatellersalbei\u00f6l, Majoran\u00f6l, Zistrose\u00f6l (Labdanum\u00f6l), Spearmint-\u00d6l. So beginnt deine innere Fassung und der feste Glauben an eine positive Zukunft mit ein paar Tropfen der beruhigenden Mischung Peace.<\/p>\n<p>Und nat\u00fcrlich gibt es den Entspannungs-Klassiker: \u00c4therisches Lavendel\u00f6l. Es hilft dir auf sanfte Art Entspannung zu finden.<\/p>\n<p>TIPP: Gib Balance zum Start in den Tag als Aromatic Shower in die Duschtasse und trage es verd\u00fcnnt mit fraktioniertem Kokos\u00f6l auf die Fu\u00dfsohlen auf. Verwende Lavendel und Peace als Touch f\u00fcr zwischendurch und gebe ein paar Tropfen Lavendel und Balance tags\u00fcber in einen Diffusor.<\/p>\n<p>[\/et_pb_text][et_pb_shop type=&#8221;product_category&#8221; include_categories=&#8221;1960&#8243; columns_number=&#8221;4&#8243; orderby=&#8221;menu_order&#8221; _builder_version=&#8221;4.16&#8243; title_font_size=&#8221;22px&#8221; price_font_size=&#8221;14px&#8221; min_height=&#8221;504px&#8221; custom_margin=&#8221;||||false|false&#8221; custom_padding=&#8221;25px||0px||false|false&#8221; title_font_size_last_edited=&#8221;off|desktop&#8221; pac_drh_column_numbers_phone=&#8221;pac_drh_ph_col_two&#8221; locked=&#8221;off&#8221; global_colors_info=&#8221;{}&#8221;][\/et_pb_shop][\/et_pb_column][\/et_pb_row][\/et_pb_section]<\/p>\n","protected":false},"excerpt":{"rendered":"<p>Beruhigung &amp; Entspannung mit \u00e4therischen \u00d6lenWer sehnt sich nicht nach Beruhigung in stressigen Zeiten des Tages und Entspannung am Abend? Beides sind in der heutigen herausfordernden Zeit ganz elementare Themen f\u00fcr die seelische und k\u00f6rperliche Gesundheit, sowie das Wohlbefinden.\u00dcbersichtAbschalten am Abend || Entspannung f\u00fcr Kinder || Ruhe und BalanceTipp: Nutze den Pfeil unten rechts, um [&hellip;]<\/p>\n","protected":false},"author":1,"featured_media":0,"parent":0,"menu_order":0,"comment_status":"closed","ping_status":"closed","template":"","meta":{"_et_pb_use_builder":"on","_et_pb_old_content":"","_et_gb_content_width":"","footnotes":""},"categories":[2070],"_links":{"self":[{"href":"https:\/\/www.magnolioworld.com\/green-ch\/wp-json\/wp\/v2\/pages\/3228"}],"collection":[{"href":"https:\/\/www.magnolioworld.com\/green-ch\/wp-json\/wp\/v2\/pages"}],"about":[{"href":"https:\/\/www.magnolioworld.com\/green-ch\/wp-json\/wp\/v2\/types\/page"}],"author":[{"embeddable":true,"href":"https:\/\/www.magnolioworld.com\/green-ch\/wp-json\/wp\/v2\/users\/1"}],"replies":[{"embeddable":true,"href":"https:\/\/www.magnolioworld.com\/green-ch\/wp-json\/wp\/v2\/comments?post=3228"}],"version-history":[{"count":1,"href":"https:\/\/www.magnolioworld.com\/green-ch\/wp-json\/wp\/v2\/pages\/3228\/revisions"}],"predecessor-version":[{"id":13557,"href":"https:\/\/www.magnolioworld.com\/green-ch\/wp-json\/wp\/v2\/pages\/3228\/revisions\/13557"}],"wp:attachment":[{"href":"https:\/\/www.magnolioworld.com\/green-ch\/wp-json\/wp\/v2\/media?parent=3228"}],"wp:term":[{"taxonomy":"category","embeddable":true,"href":"https:\/\/www.magnolioworld.com\/green-ch\/wp-json\/wp\/v2\/categories?post=3228"}],"curies":[{"name":"wp","href":"https:\/\/api.w.org\/{rel}","templated":true}]}}