{"id":3224,"date":"2021-10-17T20:24:58","date_gmt":"2021-10-17T18:24:58","guid":{"rendered":"https:\/\/ch.magnolio.shop\/?page_id=3224"},"modified":"2025-01-27T17:44:49","modified_gmt":"2025-01-27T16:44:49","slug":"atemwege","status":"publish","type":"page","link":"https:\/\/www.magnolioworld.com\/green-ch\/atemwege\/","title":{"rendered":"Men\u00fc | Anwendung | Atemwege"},"content":{"rendered":"<p>[et_pb_section fb_built=&#8221;1&#8243; _builder_version=&#8221;4.16&#8243; _module_preset=&#8221;default&#8221; custom_margin=&#8221;||||false|false&#8221; custom_margin_tablet=&#8221;&#8221; custom_margin_phone=&#8221;||||false|false&#8221; custom_margin_last_edited=&#8221;on|phone&#8221; custom_padding=&#8221;30px||30px||false|false&#8221; global_colors_info=&#8221;{}&#8221;][et_pb_row column_structure=&#8221;2_3,1_3&#8243; _builder_version=&#8221;4.16&#8243; _module_preset=&#8221;default&#8221; custom_margin=&#8221;24px|auto||auto||&#8221; custom_margin_tablet=&#8221;&#8221; custom_margin_phone=&#8221;12px|auto||auto|false|false&#8221; custom_margin_last_edited=&#8221;on|phone&#8221; custom_padding=&#8221;0px||35px||false|false&#8221; global_colors_info=&#8221;{}&#8221;][et_pb_column type=&#8221;2_3&#8243; _builder_version=&#8221;4.16&#8243; _module_preset=&#8221;default&#8221; global_colors_info=&#8221;{}&#8221;][et_pb_text _builder_version=&#8221;4.16&#8243; _module_preset=&#8221;default&#8221; custom_margin=&#8221;||7px|||&#8221; header_font_size_tablet=&#8221;&#8221; header_font_size_phone=&#8221;34px&#8221; header_font_size_last_edited=&#8221;on|phone&#8221; global_colors_info=&#8221;{}&#8221;]<\/p>\n<h1>Atemwege befreien mit \u00e4therischen \u00d6len<\/h1>\n<p>[\/et_pb_text][et_pb_text _builder_version=&#8221;4.16&#8243; _module_preset=&#8221;default&#8221; global_colors_info=&#8221;{}&#8221;]<\/p>\n<p>Ein freier Atem befreit und st\u00e4rkt die Energie und f\u00f6rdert das Wohlbefinden. Ein freier Atem hilft zur innerlichen Befreiung und l\u00e4sst uns beschwingt und leichter durch den Tag gehen.<\/p>\n<p>In der Realit\u00e4t gibt es viele Gr\u00fcnde, warum wir nicht losgel\u00f6st durchatmen k\u00f6nnen. Das k\u00f6nnen zum Einen saisonale Befindlichkeiten sein, die uns die sch\u00f6nen und warmen Monate vermiesen. Aktuell f\u00fchrt bei vielen Menschen das Tragen der Maske zu einer Einschr\u00e4nkung der Atmung. Nicht zu vernachl\u00e4ssigen ist auch der emotionale Aspekt, wenn es einem den Atem verschl\u00e4gt oder Angst die Kehle zuschn\u00fcrt. Da k\u00f6nnen die \u00e4therischen \u00d6le von doTERRA wunderbar geeignet.<\/p>\n<p>[\/et_pb_text][\/et_pb_column][et_pb_column type=&#8221;1_3&#8243; _builder_version=&#8221;4.16&#8243; _module_preset=&#8221;default&#8221; global_colors_info=&#8221;{}&#8221;][et_pb_image src=&#8221;https:\/\/www.magnolioworld.com\/green-ch\/wp-content\/uploads\/20&#215;20.png&#8221; alt=&#8221;Atemwege befreien mit \u00e4therischen \u00d6len&#8221; title_text=&#8221;Atemwege befreien mit \u00e4therischen \u00d6len&#8221; force_fullwidth=&#8221;on&#8221; _builder_version=&#8221;4.16&#8243; background_image=&#8221;https:\/\/www.magnolioworld.com\/green-ch\/wp-content\/uploads\/Depositphotos_53291161_xl-2015.jpg&#8221; height=&#8221;200px&#8221; border_width_all=&#8221;10px&#8221; border_color_all=&#8221;#ffffff&#8221; box_shadow_style=&#8221;preset1&#8243; box_shadow_blur=&#8221;10px&#8221; box_shadow_color=&#8221;#9b9b9b&#8221; locked=&#8221;off&#8221; global_colors_info=&#8221;{}&#8221;][\/et_pb_image][\/et_pb_column][\/et_pb_row][et_pb_row _builder_version=&#8221;4.16&#8243; _module_preset=&#8221;default&#8221; background_color=&#8221;#e8e8e8&#8243; custom_margin=&#8221;|auto|24px|auto||&#8221; custom_margin_tablet=&#8221;&#8221; custom_margin_phone=&#8221;|auto|26px|auto|false|false&#8221; custom_margin_last_edited=&#8221;on|phone&#8221; custom_padding=&#8221;20px||20px||false|false&#8221; locked=&#8221;off&#8221; global_colors_info=&#8221;{}&#8221;][et_pb_column type=&#8221;4_4&#8243; _builder_version=&#8221;4.16&#8243; _module_preset=&#8221;default&#8221; global_colors_info=&#8221;{}&#8221;][et_pb_text _builder_version=&#8221;4.16&#8243; _module_preset=&#8221;default&#8221; text_font_size=&#8221;24px&#8221; text_orientation=&#8221;center&#8221; custom_margin=&#8221;||7px|||&#8221; global_colors_info=&#8221;{}&#8221;]<\/p>\n<p>\u00dcbersicht<\/p>\n<p>[\/et_pb_text][et_pb_text _builder_version=&#8221;4.16&#8243; _module_preset=&#8221;default&#8221; text_orientation=&#8221;center&#8221; custom_margin=&#8221;||10px||false|false&#8221; global_colors_info=&#8221;{}&#8221;]<\/p>\n<p><a href=\"#atem-befreiter\">Befreiter Atem<\/a> || <a href=\"#atem-einschraenkung\">Einschr\u00e4nkung<\/a> || <a href=\"#atem-leistung\">Leistungsf\u00e4higkeit<\/a> || <a href=\"#atem-saisonal\">Saisonal<\/a><\/p>\n<p>[\/et_pb_text][et_pb_text _builder_version=&#8221;4.16&#8243; _module_preset=&#8221;default&#8221; text_orientation=&#8221;center&#8221; global_colors_info=&#8221;{}&#8221;]<\/p>\n<p>Tipp: Nutze den Pfeil unten rechts, um wieder nach oben zu gelangen.<\/p>\n<p>[\/et_pb_text][\/et_pb_column][\/et_pb_row][et_pb_row module_id=&#8221;atem-befreiter&#8221; _builder_version=&#8221;4.16&#8243; _module_preset=&#8221;default&#8221; custom_margin=&#8221;40px||||false|false&#8221; custom_padding=&#8221;0px||0px||false|false&#8221; global_colors_info=&#8221;{}&#8221;][et_pb_column type=&#8221;4_4&#8243; _builder_version=&#8221;4.16&#8243; _module_preset=&#8221;default&#8221; global_colors_info=&#8221;{}&#8221;][et_pb_text _builder_version=&#8221;4.16&#8243; _module_preset=&#8221;default&#8221; custom_margin=&#8221;||7px|||&#8221; global_colors_info=&#8221;{}&#8221;]<\/p>\n<h2>Befreiter Atem \u2013 Befreites Leben<\/h2>\n<p>[\/et_pb_text][et_pb_text _builder_version=&#8221;4.16&#8243; _module_preset=&#8221;default&#8221; global_colors_info=&#8221;{}&#8221;]<\/p>\n<p>Die emotionale Situation wirkt sich auch sehr stark auf die Atemwege aus. Wie oft bewirken \u00c4ngste und Unsicherheiten, dass sich der Atem zuschn\u00fcrt, die Atmung flach wird oder sogar die Luft wegbleibt.<\/p>\n<p>Durch Ihre Wirkung direkt ins limbische System (dem Emotionszentrum) k\u00f6nnen die \u00d6le uns in wunderbarer Weise dabei helfen, emotional und damit auch k\u00f6rperlich wieder befreiter durchzuatmen. Besonders hilfreich ist hierbei die \u00e4therische \u00d6lemischung Air und das \u00e4therische Thymian\u00f6l, was insbesondere Prozesse des Loslassens unterst\u00fctzen kann.<\/p>\n<p>TIPP: 1-2 Tropfen Air und Thymian in den Diffusor oder morgens schon als Aromatic-Shower in die Duschtasse geben bzw. sich zusammen mit Badesalz, Mandel- oder Hafermilch eine befreiende Spa-Anwendung g\u00f6nnen.<\/p>\n<p>[\/et_pb_text][et_pb_shop type=&#8221;product_category&#8221; include_categories=&#8221;1954&#8243; columns_number=&#8221;4&#8243; orderby=&#8221;menu_order&#8221; _builder_version=&#8221;4.16&#8243; title_font_size=&#8221;22px&#8221; price_font_size=&#8221;14px&#8221; min_height=&#8221;504px&#8221; custom_margin=&#8221;||||false|false&#8221; custom_padding=&#8221;25px||0px||false|false&#8221; title_font_size_last_edited=&#8221;off|desktop&#8221; pac_drh_column_numbers_phone=&#8221;pac_drh_ph_col_two&#8221; locked=&#8221;off&#8221; global_colors_info=&#8221;{}&#8221;][\/et_pb_shop][\/et_pb_column][\/et_pb_row][et_pb_row module_id=&#8221;atem-einschraenkung&#8221; _builder_version=&#8221;4.16&#8243; _module_preset=&#8221;default&#8221; custom_padding=&#8221;0px||0px||false|false&#8221; global_colors_info=&#8221;{}&#8221;][et_pb_column type=&#8221;4_4&#8243; _builder_version=&#8221;4.16&#8243; _module_preset=&#8221;default&#8221; global_colors_info=&#8221;{}&#8221;][et_pb_text _builder_version=&#8221;4.16&#8243; _module_preset=&#8221;default&#8221; custom_margin=&#8221;||7px|||&#8221; global_colors_info=&#8221;{}&#8221;]<\/p>\n<h2>Einschr\u00e4nkung der Atemwege \u2013 Befreit durch jede Jahreszeit<\/h2>\n<p>[\/et_pb_text][et_pb_text _builder_version=&#8221;4.16&#8243; _module_preset=&#8221;default&#8221; global_colors_info=&#8221;{}&#8221;]<\/p>\n<p>In jeder Jahreszeit kann man durch Unwohlsein in der freien Atmung eingeschr\u00e4nkt werden. Sehr h\u00e4ufig passiert dies in den kalten Monaten des Jahres. Da k\u00f6nnen die \u00e4therischen \u00d6le Eucalyptus-\u00d6l, Thymian\u00f6l, Zitronen\u00f6l und Pfefferminz\u00f6l sehr unterst\u00fctzend sein.<\/p>\n<p>So wirkt Zitronen\u00f6l stark l\u00f6send und Pfefferminz\u00f6l f\u00f6rdert die Ausscheidung. Eucalytus-\u00d6l und Thymian\u00f6l wiken schleiml\u00f6send und unterst\u00fctzen das Loslassen. Zus\u00e4tzlich zu den genannten Einzel\u00f6len k\u00f6nnen auch die \u00e4therischen \u00d6lemischungen doterra Air und Purify wunderbar das freie Atmen unterst\u00fctzen.<\/p>\n<p>Die \u00e4therischen \u00d6le in doTERRA-Air sind Kardamon\u00f6l, Lorbeerblatt\u00f6l, Pfefferminz\u00f6l, Eukalyptus\u00f6l, Teebaum\u00f6l, Zitronen\u00f6l und Ravensara\u00f6l. doTERRA Air ist das \u00d6l des Luft holens.<\/p>\n<p>Die \u00e4therische \u00d6lmischung Purify vereint Zitronen\u00f6l, Limetten\u00f6l und Kiefern\u00f6l. Verfeinert wird diese Komposition noch mit Citronella-\u00d6l, Teebaum\u00f6l und Koriander\u00f6l, so dass ein reinigendes und befreiendes Aroma entsteht.<\/p>\n<p>TIPP: Zur Beruhigung und vorbeugenden Pflege der Atemwege kann die \u00e4therische \u00d6lmischung doTERRA-Air als Duftmischung inhaliert oder auf Brust, R\u00fccken und Fu\u00dfsohlen aufgetragen werden. F\u00fcr unterwegs kann der gebrauchfertige Rollon doTERRA Air-Touch zum inhalieren und Auftragen auf den Pulspunkten und im Nacken verwendet werden.<\/p>\n<p>Alle befreienden \u00d6le k\u00f6nnen wunderbar im Diffusor f\u00fcr eine kl\u00e4rende und reinigende Atemluft verwendet werden.<\/p>\n<p><strong>Zusatz-Tipp: Frei durchatmen unter der Gesichtsmaske<\/strong><br \/>Tragen sie auf die Maske 1-2 Tropfen der \u00e4therischen \u00d6le-Mischung Air auf. Du wirst leichter und befreiter durchatmen k\u00f6nnen.<\/p>\n<p>[\/et_pb_text][et_pb_shop type=&#8221;product_category&#8221; include_categories=&#8221;1955&#8243; columns_number=&#8221;4&#8243; orderby=&#8221;menu_order&#8221; _builder_version=&#8221;4.16&#8243; title_font_size=&#8221;22px&#8221; price_font_size=&#8221;14px&#8221; min_height=&#8221;504px&#8221; custom_margin=&#8221;||||false|false&#8221; custom_padding=&#8221;25px||0px||false|false&#8221; title_font_size_last_edited=&#8221;off|desktop&#8221; pac_drh_column_numbers_phone=&#8221;pac_drh_ph_col_two&#8221; locked=&#8221;off&#8221; global_colors_info=&#8221;{}&#8221;][\/et_pb_shop][\/et_pb_column][\/et_pb_row][et_pb_row module_id=&#8221;atem-leistung&#8221; _builder_version=&#8221;4.16&#8243; _module_preset=&#8221;default&#8221; custom_margin_tablet=&#8221;&#8221; custom_margin_phone=&#8221;&#8221; custom_margin_last_edited=&#8221;on|phone&#8221; custom_padding=&#8221;0px||0px||false|false&#8221; global_colors_info=&#8221;{}&#8221;][et_pb_column type=&#8221;4_4&#8243; _builder_version=&#8221;4.16&#8243; _module_preset=&#8221;default&#8221; global_colors_info=&#8221;{}&#8221;][et_pb_text _builder_version=&#8221;4.16&#8243; _module_preset=&#8221;default&#8221; custom_margin=&#8221;||7px|||&#8221; header_font_size_phone=&#8221;42px&#8221; header_font_size_last_edited=&#8221;off|phone&#8221; header_2_font_size_tablet=&#8221;&#8221; header_2_font_size_phone=&#8221;34px&#8221; header_2_font_size_last_edited=&#8221;on|phone&#8221; global_colors_info=&#8221;{}&#8221;]<\/p>\n<h2>Leistungsf\u00e4higer durch freies Atmen beim Sport<\/h2>\n<p>[\/et_pb_text][et_pb_text _builder_version=&#8221;4.16&#8243; _module_preset=&#8221;default&#8221; global_colors_info=&#8221;{}&#8221;]<\/p>\n<p>Gerade die atemwegsbefreiende und unterst\u00fctzende Mischung doTERRA Air, hilft beim Sport tief durchatmen zu k\u00f6nnen und damit auch leistungsf\u00e4higer zu sein.<\/p>\n<p>TIPP: Ich habe beim Sport doTERRA Air als Touch immer dabei. Ich inhaliere es bei Bedarf und reibe damit die Pulspunkte und den Nacken ein.<\/p>\n<p>[\/et_pb_text][et_pb_shop type=&#8221;product_category&#8221; include_categories=&#8221;1956&#8243; columns_number=&#8221;4&#8243; orderby=&#8221;menu_order&#8221; _builder_version=&#8221;4.16&#8243; title_font_size=&#8221;22px&#8221; price_font_size=&#8221;14px&#8221; min_height=&#8221;504px&#8221; custom_margin=&#8221;||||false|false&#8221; custom_padding=&#8221;25px||0px||false|false&#8221; title_font_size_last_edited=&#8221;off|desktop&#8221; pac_drh_column_numbers_phone=&#8221;pac_drh_ph_col_two&#8221; locked=&#8221;off&#8221; global_colors_info=&#8221;{}&#8221;][\/et_pb_shop][\/et_pb_column][\/et_pb_row][et_pb_row module_id=&#8221;atem-saisonal&#8221; _builder_version=&#8221;4.16&#8243; _module_preset=&#8221;default&#8221; custom_margin=&#8221;0px|auto||auto|false|false&#8221; custom_padding=&#8221;0px||0px||false|false&#8221; global_colors_info=&#8221;{}&#8221;][et_pb_column type=&#8221;4_4&#8243; _builder_version=&#8221;4.16&#8243; _module_preset=&#8221;default&#8221; global_colors_info=&#8221;{}&#8221;][et_pb_text _builder_version=&#8221;4.16&#8243; _module_preset=&#8221;default&#8221; custom_margin=&#8221;||7px|||&#8221; global_colors_info=&#8221;{}&#8221;]<\/p>\n<h2>Saisonale Befindlichkeiten \u2013 die sch\u00f6ne Jahreszeit endlich genie\u00dfen<\/h2>\n<p>[\/et_pb_text][et_pb_text _builder_version=&#8221;4.16&#8243; _module_preset=&#8221;default&#8221; global_colors_info=&#8221;{}&#8221;]<\/p>\n<p>Viele werden es kennen, wenn die w\u00e4rmere Jahreszeit und der Fr\u00fchling endlich Einzug halten, k\u00f6nnen viele nicht mehr nach drau\u00dfen gehen. Sie sind angewiesen vorbeugende Medikamente zu nehmen. Die Nase l\u00e4uft, die Augen jucken, h\u00e4ufig einhergehend von Niesattacken begleitet.<\/p>\n<p>Ich selbst hatte das jahrelang und nichts half mir wirklich. Bis ich die M\u00f6glichkeiten der Unterst\u00fctzung durch die \u00e4therischen \u00d6le entdeckte und mich inzwischen ohne Probleme mitten in eine bl\u00fchende Blumenwiese setzen kann. Ein Traum ist wahr geworden.<\/p>\n<p>Zur Unterst\u00fctzung gegen saisonale Befindlichkeiten sind insbesondere die \u00e4therischen \u00d6le Zitronen\u00f6l, Lavendel\u00f6l und Pfefferminz\u00f6l geeignet.<\/p>\n<p>Das \u00e4therische Lemon\u00f6l hat durch seinen hohen Anteil an Monoterpenen eine sehr reinigende und l\u00f6sende Wirkung. Das Lavendel\u00f6l wirkt stark beruhigend und ausgleichend, w\u00e4hrend das Peppermint\u00f6l die Ausscheidung beg\u00fcnstigt.<\/p>\n<p>TIPP: Einfach je 2 Tropfen Lavendel\u00f6l, Zitronen\u00f6l und Pfefferminz\u00f6l in die Handfl\u00e4chen geben und dort mehrmals tief einatmen. Auch das Einreiben des Nackens ist hilfreich. F\u00fcr unterwegs k\u00f6nnen auch die doTERRA Triease Softgels verwendet werden, in denen die 3 \u00d6le schon in praktischen Gelkapseln verbrauchsfertig zur Verf\u00fcgung stehen. Auch die vorbeugende Nutzung im Diffusor kann helfen, die Luft zuhause oder im B\u00fcro rein zu halten<\/p>\n<p>[\/et_pb_text][et_pb_shop type=&#8221;product_category&#8221; include_categories=&#8221;1957&#8243; columns_number=&#8221;4&#8243; orderby=&#8221;menu_order&#8221; _builder_version=&#8221;4.16&#8243; title_font_size=&#8221;22px&#8221; price_font_size=&#8221;14px&#8221; min_height=&#8221;504px&#8221; custom_margin=&#8221;||||false|false&#8221; custom_padding=&#8221;25px||0px||false|false&#8221; title_font_size_last_edited=&#8221;off|desktop&#8221; pac_drh_column_numbers_phone=&#8221;pac_drh_ph_col_two&#8221; locked=&#8221;off&#8221; global_colors_info=&#8221;{}&#8221;][\/et_pb_shop][\/et_pb_column][\/et_pb_row][\/et_pb_section]<\/p>\n","protected":false},"excerpt":{"rendered":"<p>Atemwege befreien mit \u00e4therischen \u00d6lenEin freier Atem befreit und st\u00e4rkt die Energie und f\u00f6rdert das Wohlbefinden. Ein freier Atem hilft zur innerlichen Befreiung und l\u00e4sst uns beschwingt und leichter durch den Tag gehen. In der Realit\u00e4t gibt es viele Gr\u00fcnde, warum wir nicht losgel\u00f6st durchatmen k\u00f6nnen. Das k\u00f6nnen zum Einen saisonale Befindlichkeiten sein, die uns [&hellip;]<\/p>\n","protected":false},"author":1,"featured_media":0,"parent":0,"menu_order":0,"comment_status":"closed","ping_status":"closed","template":"","meta":{"_et_pb_use_builder":"on","_et_pb_old_content":"","_et_gb_content_width":"","footnotes":""},"categories":[2070],"_links":{"self":[{"href":"https:\/\/www.magnolioworld.com\/green-ch\/wp-json\/wp\/v2\/pages\/3224"}],"collection":[{"href":"https:\/\/www.magnolioworld.com\/green-ch\/wp-json\/wp\/v2\/pages"}],"about":[{"href":"https:\/\/www.magnolioworld.com\/green-ch\/wp-json\/wp\/v2\/types\/page"}],"author":[{"embeddable":true,"href":"https:\/\/www.magnolioworld.com\/green-ch\/wp-json\/wp\/v2\/users\/1"}],"replies":[{"embeddable":true,"href":"https:\/\/www.magnolioworld.com\/green-ch\/wp-json\/wp\/v2\/comments?post=3224"}],"version-history":[{"count":1,"href":"https:\/\/www.magnolioworld.com\/green-ch\/wp-json\/wp\/v2\/pages\/3224\/revisions"}],"predecessor-version":[{"id":15826,"href":"https:\/\/www.magnolioworld.com\/green-ch\/wp-json\/wp\/v2\/pages\/3224\/revisions\/15826"}],"wp:attachment":[{"href":"https:\/\/www.magnolioworld.com\/green-ch\/wp-json\/wp\/v2\/media?parent=3224"}],"wp:term":[{"taxonomy":"category","embeddable":true,"href":"https:\/\/www.magnolioworld.com\/green-ch\/wp-json\/wp\/v2\/categories?post=3224"}],"curies":[{"name":"wp","href":"https:\/\/api.w.org\/{rel}","templated":true}]}}