{"id":3220,"date":"2021-10-17T20:21:13","date_gmt":"2021-10-17T18:21:13","guid":{"rendered":"https:\/\/ch.magnolio.shop\/?page_id=3220"},"modified":"2024-03-07T18:57:28","modified_gmt":"2024-03-07T17:57:28","slug":"allgemeines-wohlbefinden","status":"publish","type":"page","link":"https:\/\/www.magnolioworld.com\/green-ch\/allgemeines-wohlbefinden\/","title":{"rendered":"Men\u00fc | Anwendung | Allgemeines Wohlbefinden"},"content":{"rendered":"<p>[et_pb_section fb_built=&#8221;1&#8243; _builder_version=&#8221;4.16&#8243; _module_preset=&#8221;default&#8221; custom_margin=&#8221;||||false|false&#8221; custom_margin_tablet=&#8221;&#8221; custom_margin_phone=&#8221;||||false|false&#8221; custom_margin_last_edited=&#8221;on|phone&#8221; custom_padding=&#8221;30px||30px||false|false&#8221; global_colors_info=&#8221;{}&#8221;][et_pb_row column_structure=&#8221;2_3,1_3&#8243; _builder_version=&#8221;4.16&#8243; _module_preset=&#8221;default&#8221; custom_margin=&#8221;24px|auto||auto||&#8221; custom_margin_tablet=&#8221;&#8221; custom_margin_phone=&#8221;12px|auto||auto|false|false&#8221; custom_margin_last_edited=&#8221;on|phone&#8221; custom_padding=&#8221;0px||35px||false|false&#8221; global_colors_info=&#8221;{}&#8221;][et_pb_column type=&#8221;2_3&#8243; _builder_version=&#8221;4.16&#8243; _module_preset=&#8221;default&#8221; global_colors_info=&#8221;{}&#8221;][et_pb_text _builder_version=&#8221;4.16&#8243; _module_preset=&#8221;default&#8221; custom_margin=&#8221;||7px|||&#8221; header_font_size_tablet=&#8221;&#8221; header_font_size_phone=&#8221;34px&#8221; header_font_size_last_edited=&#8221;on|phone&#8221; global_colors_info=&#8221;{}&#8221;]<\/p>\n<h1>Allgemeines Wohlbefinden steigern mit \u00e4therischen \u00d6len<\/h1>\n<p>[\/et_pb_text][et_pb_text _builder_version=&#8221;4.16&#8243; _module_preset=&#8221;default&#8221; global_colors_info=&#8221;{}&#8221;]<\/p>\n<p>\u00c4therische \u00d6le k\u00f6nnen dich wunderbar dabei unterst\u00fctzen, dein k\u00f6rperliches und seelisches Wohlbefinden zu st\u00e4rken. Starte mit Energie, Kraft und Leichtigkeit in den Tag. G\u00f6nne dir Entspannung und Belebung w\u00e4hrend des Tages. Verwandel dein Zuhause zu einer Wellnessoase und einem wertvollen Spa-Aufenthalt, wann immer es dir gef\u00e4llt.<\/p>\n<p>[\/et_pb_text][\/et_pb_column][et_pb_column type=&#8221;1_3&#8243; _builder_version=&#8221;4.16&#8243; _module_preset=&#8221;default&#8221; global_colors_info=&#8221;{}&#8221;][et_pb_image src=&#8221;https:\/\/www.magnolioworld.com\/green-ch\/wp-content\/uploads\/20&#215;20.png&#8221; alt=&#8221;Wohlbefinden mit \u00e4therischen \u00d6len&#8221; title_text=&#8221;Wohlbefinden mit \u00e4therischen \u00d6len&#8221; force_fullwidth=&#8221;on&#8221; _builder_version=&#8221;4.16&#8243; background_image=&#8221;https:\/\/www.magnolioworld.com\/green-ch\/wp-content\/uploads\/Frau-Baby_29783937_original.jpg&#8221; height=&#8221;200px&#8221; border_width_all=&#8221;10px&#8221; border_color_all=&#8221;#ffffff&#8221; box_shadow_style=&#8221;preset1&#8243; box_shadow_blur=&#8221;10px&#8221; box_shadow_color=&#8221;#9b9b9b&#8221; locked=&#8221;off&#8221; global_colors_info=&#8221;{}&#8221;][\/et_pb_image][\/et_pb_column][\/et_pb_row][et_pb_row _builder_version=&#8221;4.16&#8243; _module_preset=&#8221;default&#8221; background_color=&#8221;#e8e8e8&#8243; custom_margin=&#8221;|auto|24px|auto||&#8221; custom_margin_tablet=&#8221;&#8221; custom_margin_phone=&#8221;|auto|26px|auto|false|false&#8221; custom_margin_last_edited=&#8221;on|phone&#8221; custom_padding=&#8221;20px||20px||false|false&#8221; locked=&#8221;off&#8221; global_colors_info=&#8221;{}&#8221;][et_pb_column type=&#8221;4_4&#8243; _builder_version=&#8221;4.16&#8243; _module_preset=&#8221;default&#8221; global_colors_info=&#8221;{}&#8221;][et_pb_text _builder_version=&#8221;4.16&#8243; _module_preset=&#8221;default&#8221; text_font_size=&#8221;24px&#8221; text_orientation=&#8221;center&#8221; custom_margin=&#8221;||7px|||&#8221; global_colors_info=&#8221;{}&#8221;]<\/p>\n<p>\u00dcbersicht<\/p>\n<p>[\/et_pb_text][et_pb_text _builder_version=&#8221;4.16&#8243; _module_preset=&#8221;default&#8221; text_orientation=&#8221;center&#8221; custom_margin=&#8221;||10px||false|false&#8221; global_colors_info=&#8221;{}&#8221;]<\/p>\n<p><a href=\"#wohlbefinden-ausgleich\">Ausgleich<\/a> || <a href=\"#wohlbefinden-energetisierend\">Energetisierend<\/a> || <a href=\"#wohlbefinden-energiebooster\">Energiebooster<\/a> || <a href=\"#wohlbefinden-naehrstoff\">N\u00e4hrstoffversorgung<\/a> || <a href=\"#wohlbefinden-stimmungsaufhellung\">Stimmungsaufhellung<\/a> || <a href=\"#wohlbefinden-zuhause\">Wohlbefinden<\/a> || <a href=\"#wohlbefinden-zellreg\">Zellregeneration<\/a><\/p>\n<p>[\/et_pb_text][et_pb_text _builder_version=&#8221;4.16&#8243; _module_preset=&#8221;default&#8221; text_orientation=&#8221;center&#8221; global_colors_info=&#8221;{}&#8221;]<\/p>\n<p>Tipp: Nutze den Pfeil unten rechts, um wieder nach oben zu gelangen.<\/p>\n<p>[\/et_pb_text][\/et_pb_column][\/et_pb_row][et_pb_row module_id=&#8221;wohlbefinden-ausgleich&#8221; _builder_version=&#8221;4.16&#8243; _module_preset=&#8221;default&#8221; custom_margin=&#8221;40px||||false|false&#8221; custom_padding=&#8221;0px||0px||false|false&#8221; global_colors_info=&#8221;{}&#8221;][et_pb_column type=&#8221;4_4&#8243; _builder_version=&#8221;4.16&#8243; _module_preset=&#8221;default&#8221; global_colors_info=&#8221;{}&#8221;][et_pb_text _builder_version=&#8221;4.16&#8243; _module_preset=&#8221;default&#8221; custom_margin=&#8221;||7px|||&#8221; global_colors_info=&#8221;{}&#8221;]<\/p>\n<h2>Ausgleich und Balance \u2013 Fest verwurzelt durch den Tag<\/h2>\n<p>[\/et_pb_text][et_pb_text _builder_version=&#8221;4.16&#8243; _module_preset=&#8221;default&#8221; global_colors_info=&#8221;{}&#8221;]<\/p>\n<p>Wenn du Stabilit\u00e4t und Halt im Alltag brauchst, ist die ausgleichende Mischung Balance f\u00fcr dich der ideale Begleiter durch den Tag. Lavendel\u00f6l wirkt ebenso balancierend und beruhigend f\u00fcr K\u00f6rper und Geist und hilft herunterzufahren oder abzuschalten. Gerade nach einem langen anstrengenden Tag. Auch die doTERRA Yoga\u00f6lmischung Anchor kann dich fest auf dem Boden verwurzeln und verankern.<\/p>\n<p>Wenn dich tausend Gedanken abends nicht abschalten und einschlafen lassen, kann dir die doTERRA \u00d6lmischung Serenity bei der Entspannung unterst\u00fctzen.<\/p>\n<p>Tipp: F\u00fcr einen ausgeglichenen Start in den Tag helfen 1-2 Tropfen Balance unter die Fu\u00dfsohlen.<\/p>\n<p>Oder mische 3-6 Tropfen dieser entspannenden \u00d6le mit Badesalz und 1-2 Essl\u00f6ffel Mandel- oder Hafermilch. Somit hast du eine Wellnessoase zuhause.<\/p>\n<p>[\/et_pb_text][et_pb_shop type=&#8221;product_category&#8221; include_categories=&#8221;1948&#8243; columns_number=&#8221;4&#8243; orderby=&#8221;menu_order&#8221; _builder_version=&#8221;4.16&#8243; title_font_size=&#8221;22px&#8221; price_font_size=&#8221;14px&#8221; min_height=&#8221;504px&#8221; custom_margin=&#8221;||||false|false&#8221; custom_padding=&#8221;25px||0px||false|false&#8221; title_font_size_last_edited=&#8221;off|desktop&#8221; pac_drh_column_numbers_phone=&#8221;pac_drh_ph_col_two&#8221; locked=&#8221;off&#8221; global_colors_info=&#8221;{}&#8221;][\/et_pb_shop][\/et_pb_column][\/et_pb_row][et_pb_row module_id=&#8221;wohlbefinden-energetisierend&#8221; _builder_version=&#8221;4.16&#8243; _module_preset=&#8221;default&#8221; custom_margin_tablet=&#8221;&#8221; custom_margin_phone=&#8221;&#8221; custom_margin_last_edited=&#8221;on|phone&#8221; custom_padding=&#8221;0px||0px||false|false&#8221; global_colors_info=&#8221;{}&#8221;][et_pb_column type=&#8221;4_4&#8243; _builder_version=&#8221;4.16&#8243; _module_preset=&#8221;default&#8221; global_colors_info=&#8221;{}&#8221;][et_pb_text _builder_version=&#8221;4.16&#8243; _module_preset=&#8221;default&#8221; custom_margin=&#8221;||7px|||&#8221; header_font_size_phone=&#8221;42px&#8221; header_font_size_last_edited=&#8221;off|phone&#8221; header_2_font_size_tablet=&#8221;&#8221; header_2_font_size_phone=&#8221;34px&#8221; header_2_font_size_last_edited=&#8221;on|phone&#8221; global_colors_info=&#8221;{}&#8221;]<\/p>\n<h2>Energetisierend und vitalisierend \u2013 der M\u00fcdigkeit keine Chance<u><\/u><\/h2>\n<p>[\/et_pb_text][et_pb_text _builder_version=&#8221;4.16&#8243; _module_preset=&#8221;default&#8221; global_colors_info=&#8221;{}&#8221;]<\/p>\n<p>Minze\u00f6le wirken erfrischend und revitaliserend, helfen bei der Kl\u00e4rung des Geistes, sowie der Steigerung der Aufmerksamkeit. Hier sind insbesondere Pfefferminz\u00f6l und Spearmint-\u00d6l besonders geeignet. Die \u00d6lmischung Motivate bringt ebenfalls einen Energie und Motivationsschub \u2013 gerade in den Durchh\u00e4ngephasen des Tages.<\/p>\n<p>TIPP: Bei M\u00fcdigkeit 1-2 Tropfen der \u00d6le in den Diffusor geben oder Pfefferminz\u00f6l an die Schl\u00e4fen und in den Nacken einreiben. Wunderbar auch bei langen Autofahrten.<\/p>\n<p>Ideal f\u00fcr unterwegs sind auch die gebrauchsfertigen Rollons von Pfefferminze und Motivate.<\/p>\n<p>Stark erfrischend und vitalisierend wirken auch die Pfefferminz K\u00fcgelchen (Pfefferminz Beadlets). Gebe 1-2 dieser kleinen K\u00fcgelchen einfach auf die Zunge und zerdr\u00fccke sie im Gaumen. Sofort hast du einen frischen Atem und einen wachen Geist.<\/p>\n<p>[\/et_pb_text][et_pb_shop type=&#8221;product_category&#8221; include_categories=&#8221;1950&#8243; columns_number=&#8221;4&#8243; orderby=&#8221;menu_order&#8221; _builder_version=&#8221;4.16&#8243; title_font_size=&#8221;22px&#8221; price_font_size=&#8221;14px&#8221; min_height=&#8221;504px&#8221; custom_margin=&#8221;||||false|false&#8221; custom_padding=&#8221;25px||0px||false|false&#8221; title_font_size_last_edited=&#8221;off|desktop&#8221; pac_drh_column_numbers_phone=&#8221;pac_drh_ph_col_two&#8221; locked=&#8221;off&#8221; global_colors_info=&#8221;{}&#8221;][\/et_pb_shop][\/et_pb_column][\/et_pb_row][et_pb_row module_id=&#8221;wohlbefinden-energiebooster&#8221; _builder_version=&#8221;4.16&#8243; _module_preset=&#8221;default&#8221; custom_padding=&#8221;0px||0px||false|false&#8221; global_colors_info=&#8221;{}&#8221;][et_pb_column type=&#8221;4_4&#8243; _builder_version=&#8221;4.16&#8243; _module_preset=&#8221;default&#8221; global_colors_info=&#8221;{}&#8221;][et_pb_text _builder_version=&#8221;4.16&#8243; _module_preset=&#8221;default&#8221; custom_margin=&#8221;||7px|||&#8221; global_colors_info=&#8221;{}&#8221;]<\/p>\n<h2>Energiebooster<\/h2>\n<p>[\/et_pb_text][et_pb_text _builder_version=&#8221;4.16&#8243; _module_preset=&#8221;default&#8221; global_colors_info=&#8221;{}&#8221;]<\/p>\n<p>Wenn du trotzdem in ein Loch f\u00e4llst und du einen gr\u00f6\u00dferen Energiekick ben\u00f6tigst, dann ist der Energiebooster Mito2Max genau das Richtige. Er gibt ganz ohne Koffein und nur mit nat\u00fcrlichen Zutaten deinem K\u00f6rper wieder einen sp\u00fcrbaren Engergieschub. Ideal nach einer kurzen Nacht, einem Mittagsloch oder einem langen Tag.<\/p>\n<p>Einfach 1 Kapsel einnehmen und kurze Zeit sp\u00e4ter ist die neue Energie sp\u00fcrbar.<\/p>\n<p>[\/et_pb_text][et_pb_shop type=&#8221;product_category&#8221; include_categories=&#8221;1949&#8243; columns_number=&#8221;4&#8243; orderby=&#8221;menu_order&#8221; _builder_version=&#8221;4.16&#8243; title_font_size=&#8221;22px&#8221; price_font_size=&#8221;14px&#8221; min_height=&#8221;504px&#8221; custom_margin=&#8221;||||false|false&#8221; custom_padding=&#8221;25px||0px||false|false&#8221; title_font_size_last_edited=&#8221;off|desktop&#8221; pac_drh_column_numbers_phone=&#8221;pac_drh_ph_col_two&#8221; locked=&#8221;off&#8221; global_colors_info=&#8221;{}&#8221;][\/et_pb_shop][\/et_pb_column][\/et_pb_row][et_pb_row disabled_on=&#8221;off|off|off&#8221; module_id=&#8221;wohlbefinden-naehrstoff&#8221; _builder_version=&#8221;4.16&#8243; _module_preset=&#8221;default&#8221; custom_padding=&#8221;0px||0px|||&#8221; global_colors_info=&#8221;{}&#8221;][et_pb_column type=&#8221;4_4&#8243; _builder_version=&#8221;4.16&#8243; _module_preset=&#8221;default&#8221; global_colors_info=&#8221;{}&#8221;][et_pb_text _builder_version=&#8221;4.16&#8243; _module_preset=&#8221;default&#8221; custom_margin=&#8221;||7px|||&#8221; global_colors_info=&#8221;{}&#8221;]<\/p>\n<h2>Optimale N\u00e4hrstoffversorgung<\/h2>\n<p>[\/et_pb_text][et_pb_text _builder_version=&#8221;4.16&#8243; _module_preset=&#8221;default&#8221; global_colors_info=&#8221;{}&#8221;]<\/p>\n<p>Unabdingbar f\u00fcr einen gesunden K\u00f6rper ist eine ausgewogene Ern\u00e4hrung und die Versorgung des K\u00f6rpers mit lebenswichtigen N\u00e4hrstoffen. Da unsere Lebensmittel dazu immer weniger beitragen, ist es notwendig den K\u00f6rper mit Mineralien, Vitaminen und Vitalstoffen zu versorgen.<\/p>\n<p>Dazu gibt es von doTERRA das Lifelong Vitality Pack. Dort sind alle drei Komponenten f\u00fcr die Zellgesundheit, der N\u00e4hrstoffkomplex (mit Mineralien und Vitaminen) und der \u00e4therische Omega-Komplex enthalten. Sie sind auf idealerweise aufeinander abgestimmt. Eine \u00dcberdosierung wird dadurch vermieden.<\/p>\n<p>Selbstverst\u00e4ndlich gibt es vom Omega-Komplex auch eine vegane Variante.<\/p>\n<p>Da alle Produkte aus nat\u00fcrlichen Substanzen bestehen, sind sie im Gegensatz zu synthetischen Nahrungserg\u00e4nzungen optimal f\u00fcr den K\u00f6rper verf\u00fcgbar.<\/p>\n<p>Tipp: Nehme die Produkte des Lifelong-Vitality Packs t\u00e4glich zur Unterst\u00fctzung deiner Gesundheit und deines Wohlbefindens ein.<\/p>\n<p>Die Produkte im Einzelnen:<\/p>\n<p><span style=\"text-decoration: underline;\">xEO Mega\u2122 &#8211; \u00c4therische \u00d6le und Omega-Komplex<\/span><br \/>Dieses Nahrungserg\u00e4nzungsmittel kombiniert \u00e4therische \u00d6le mit nat\u00fcrlichen Meeres\u00f6len und pflanzlichen Omega-3 \u00d6len. Au\u00dfer dem Carotinoiden enthalten, die die gesunde Funktion vieler wichtiger Organe des K\u00f6rpers f\u00f6rdern. Nehme 2 Softgels zum Fr\u00fchst\u00fcck und 2 Softgels zum Abendessen ein.<\/p>\n<p>F\u00fcr Kinder: Speziell auf die steigenden Anforderungen in Schule und Freizeit wurde der Omega-Komplex IQ Mega entwickelt.<\/p>\n<p><span style=\"text-decoration: underline;\">Microplex VMz\u2122 &#8211; N\u00e4hrstoffkomplex<\/span><br \/>Dieses Produkt enth\u00e4lt viele bioverf\u00fcgbare Vitamine und Mineralien. Nehme 2 Kapseln zum Fr\u00fchst\u00fcck und 2 Kapseln zum Abendessen ein.<\/p>\n<p>F\u00fcr Kindern stehen f\u00fcr optimale Vitaminversorgung die doTERRA AZZ Kautabletten mit Wassermelonen-Geschmack zur Verf\u00fcgung.<br \/><strong><br \/><\/strong><span style=\"text-decoration: underline;\">Alpha CRS\u2122+ &#8211; Zellvitalit\u00e4t<\/span><br \/>Dieser zellul\u00e4re Vitalit\u00e4tskomplex ist mit nat\u00fcrlichen pflanzlichen Extrakten angereichert, um die gesunde Zellfunktion gezielt zu unterst\u00fctzen. Nehme 2 Kapseln zum Fr\u00fchst\u00fcck und 2 Kapseln zum Abendessen ein.<\/p>\n<p>[\/et_pb_text][et_pb_shop type=&#8221;product_category&#8221; include_categories=&#8221;2002&#8243; columns_number=&#8221;4&#8243; orderby=&#8221;menu_order&#8221; _builder_version=&#8221;4.16&#8243; title_font_size=&#8221;22px&#8221; price_font_size=&#8221;14px&#8221; min_height=&#8221;504px&#8221; custom_margin=&#8221;||||false|false&#8221; custom_padding=&#8221;25px||0px||false|false&#8221; title_font_size_last_edited=&#8221;off|desktop&#8221; pac_drh_column_numbers_tablet=&#8221;pac_drh_tab_col_three&#8221; pac_drh_column_numbers_phone=&#8221;pac_drh_ph_col_three&#8221; locked=&#8221;off&#8221; global_colors_info=&#8221;{}&#8221;][\/et_pb_shop][\/et_pb_column][\/et_pb_row][et_pb_row module_id=&#8221;wohlbefinden-stimmungsaufhellung&#8221; _builder_version=&#8221;4.16&#8243; _module_preset=&#8221;default&#8221; custom_margin=&#8221;0px|auto||auto|false|false&#8221; custom_padding=&#8221;0px||0px||false|false&#8221; global_colors_info=&#8221;{}&#8221;][et_pb_column type=&#8221;4_4&#8243; _builder_version=&#8221;4.16&#8243; _module_preset=&#8221;default&#8221; global_colors_info=&#8221;{}&#8221;][et_pb_text _builder_version=&#8221;4.16&#8243; _module_preset=&#8221;default&#8221; custom_margin=&#8221;||7px|||&#8221; global_colors_info=&#8221;{}&#8221;]<\/p>\n<h2>Stimmungsaufhellung \u2013 Hol die gute Laune zur\u00fcck<\/h2>\n<p>[\/et_pb_text][et_pb_text _builder_version=&#8221;4.16&#8243; _module_preset=&#8221;default&#8221; global_colors_info=&#8221;{}&#8221;]<\/p>\n<p>Zitrus\u00f6le sind wunderbar daf\u00fcr geeignet die Stimmung zu heben und vitalisierend zu wirken. Ideal sind hierbei die \u00d6le Zitronen\u00f6l, Limetten\u00f6l, Wildorangen\u00f6l und Mandarinen\u00f6l. Aber auch die erfrischende Duftmischung Citrus Bliss und die belebende Mischung Cheer lassen die Welt gleich positiver aussehen.<\/p>\n<p>TIPP: Gebe einfach 1-2 Tropfen deiner Lieblings\u00f6le in den Diffusor oder benutze diese zum morgendlichen Start f\u00fcr einen erfrischenden Aromakick unter der Dusche.<\/p>\n<p>[\/et_pb_text][et_pb_shop type=&#8221;product_category&#8221; include_categories=&#8221;1951&#8243; columns_number=&#8221;4&#8243; orderby=&#8221;menu_order&#8221; _builder_version=&#8221;4.16&#8243; title_font_size=&#8221;22px&#8221; price_font_size=&#8221;14px&#8221; min_height=&#8221;504px&#8221; custom_margin=&#8221;||||false|false&#8221; custom_padding=&#8221;25px||0px||false|false&#8221; title_font_size_last_edited=&#8221;off|desktop&#8221; pac_drh_column_numbers_phone=&#8221;pac_drh_ph_col_two&#8221; locked=&#8221;off&#8221; global_colors_info=&#8221;{}&#8221;][\/et_pb_shop][\/et_pb_column][\/et_pb_row][et_pb_row module_id=&#8221;wohlbefinden-zuhause&#8221; _builder_version=&#8221;4.16&#8243; _module_preset=&#8221;default&#8221; custom_margin_tablet=&#8221;&#8221; custom_margin_phone=&#8221;&#8221; custom_margin_last_edited=&#8221;on|phone&#8221; custom_padding=&#8221;0px||0px||false|false&#8221; global_colors_info=&#8221;{}&#8221;][et_pb_column type=&#8221;4_4&#8243; _builder_version=&#8221;4.16&#8243; _module_preset=&#8221;default&#8221; global_colors_info=&#8221;{}&#8221;][et_pb_text _builder_version=&#8221;4.16&#8243; _module_preset=&#8221;default&#8221; custom_margin=&#8221;||7px|||&#8221; header_font_size_phone=&#8221;42px&#8221; header_font_size_last_edited=&#8221;off|phone&#8221; header_2_font_size_tablet=&#8221;&#8221; header_2_font_size_phone=&#8221;34px&#8221; header_2_font_size_last_edited=&#8221;on|phone&#8221; global_colors_info=&#8221;{}&#8221;]<\/p>\n<h2>Wohlbefinden in Deinem Zuhause<\/h2>\n<p>[\/et_pb_text][et_pb_text _builder_version=&#8221;4.16&#8243; _module_preset=&#8221;default&#8221; global_colors_info=&#8221;{}&#8221;]<\/p>\n<p>Benutze zur K\u00f6rper- und Zahnpflege sowie zur Reinigung in deinem Haushalt (und W\u00e4sche) nur die Kraft der Natur mit den OnGuard\u2013Produkten.<\/p>\n<p>Diese Produkte basieren auf der sch\u00fctzenden \u00d6lmischung OnGuard, die aus den nat\u00fcrlichen \u00e4therischen \u00d6len wie Wildeorangen\u00f6l, Gew\u00fcrznelken\u00f6l (Clove-\u00d6l), Zimtrinden\u00f6l (Cassia-\u00d6l), Eukalyptus\u00f6l (Eucalyptus-\u00d6l) und Rosmarin\u00f6l (Rosemary-\u00d6l) besteht. Sie ist ein idealer Schutz vor einer Vielzahl von Krankheitserregern und damit eine Unterst\u00fctzung unseres Immunsystems.<\/p>\n<p>Zus\u00e4tzlich kann dir die reinigende Kraft und der frische Geruch von Zitronen\u00f6l ein nat\u00fcrlicher Helfer im Haushalt sein.<\/p>\n<p>TIPP: Gebe ein paar Tropfen Zitronen\u00f6l in das Sp\u00fclwasser und das Geschirr wird gl\u00e4nzend und die K\u00fcche riecht wie in einem Zitronenhain. Du kannst Zitronen\u00f6l auch in der Sp\u00fclmaschine verwenden und so unangenehmen Ger\u00fcchen vorbeugen.<\/p>\n<p>[\/et_pb_text][et_pb_shop type=&#8221;product_category&#8221; include_categories=&#8221;1952&#8243; columns_number=&#8221;4&#8243; orderby=&#8221;menu_order&#8221; _builder_version=&#8221;4.16&#8243; title_font_size=&#8221;22px&#8221; price_font_size=&#8221;14px&#8221; min_height=&#8221;504px&#8221; custom_margin=&#8221;||||false|false&#8221; custom_padding=&#8221;25px||0px||false|false&#8221; title_font_size_last_edited=&#8221;off|desktop&#8221; pac_drh_column_numbers_phone=&#8221;pac_drh_ph_col_two&#8221; locked=&#8221;off&#8221; global_colors_info=&#8221;{}&#8221;][\/et_pb_shop][\/et_pb_column][\/et_pb_row][et_pb_row module_id=&#8221;wohlbefinden-zellreg&#8221; _builder_version=&#8221;4.16&#8243; _module_preset=&#8221;default&#8221; custom_margin_tablet=&#8221;&#8221; custom_margin_phone=&#8221;&#8221; custom_margin_last_edited=&#8221;on|phone&#8221; custom_padding=&#8221;0px||0px||false|false&#8221; global_colors_info=&#8221;{}&#8221;][et_pb_column type=&#8221;4_4&#8243; _builder_version=&#8221;4.16&#8243; _module_preset=&#8221;default&#8221; global_colors_info=&#8221;{}&#8221;][et_pb_text _builder_version=&#8221;4.16&#8243; _module_preset=&#8221;default&#8221; custom_margin=&#8221;||7px|||&#8221; header_font_size_phone=&#8221;42px&#8221; header_font_size_last_edited=&#8221;off|phone&#8221; header_2_font_size_tablet=&#8221;&#8221; header_2_font_size_phone=&#8221;34px&#8221; header_2_font_size_last_edited=&#8221;on|phone&#8221; global_colors_info=&#8221;{}&#8221;]<\/p>\n<h2>Zellregeneration \u2013 Anti-Aging<u><\/u><\/h2>\n<p>[\/et_pb_text][et_pb_text _builder_version=&#8221;4.16&#8243; _module_preset=&#8221;default&#8221; global_colors_info=&#8221;{}&#8221;]<\/p>\n<p>Jeden Tag sterben in unserem K\u00f6rper Zellen ab. Deshalb ist es wichtig, die Zellerneuerung und Zellenergie t\u00e4glich zu unterst\u00fctzen und den K\u00f6rper vor den Folgen des oxidativen Stresses zu sch\u00fctzen und den Alterserscheinungen vorzubeugen.<\/p>\n<p>Ideal hierf\u00fcr ist der Einsatz von Weihrauch\u00f6l (Frankincense-\u00d6l) \u2013 F\u00fcr einen gesunden K\u00f6rper und einen erfrischten Geist.<\/p>\n<p>Aber auch die doTERRA \u00d6lmischung DDR Prime wirkt stark revitalisierend und zellerneuernd. Sie ist eine gesch\u00fctzte Mischung aus den \u00e4therischen \u00d6len Weihrauch\u00f6l (Frankincense-\u00d6l), Wildorange-\u00d6l, Thymian\u00f6l (Thyme-\u00d6l), Gew\u00fcrznelken\u00f6l (Clove-\u00d6l), Sommer-Bohnenkraut-\u00d6l (Summer-Savory-\u00d6l), Niaouli-\u00d6l und Zitronengras\u00f6l (Lemongrass-\u00d6l).<\/p>\n<p>Diese unterst\u00fctzen die K\u00f6rperzellen, sorgen so f\u00fcr ein gesundes Wohlbefinden und haben einen starken Anti-Aging-Effekt.<br \/>Wahlweise k\u00f6nnen auch DDR Prime Softgels verwendet werden.<\/p>\n<p>TIPP: 1 Tropfen Weihrauch\u00f6l t\u00e4glich auf die Zunge geben und gegen den Gaumen dr\u00fccken. DDR Prime t\u00e4glich auf die Wirbels\u00e4ule auftragen.<\/p>\n<p>[\/et_pb_text][et_pb_shop type=&#8221;product_category&#8221; include_categories=&#8221;1953&#8243; columns_number=&#8221;4&#8243; orderby=&#8221;menu_order&#8221; _builder_version=&#8221;4.16&#8243; title_font_size=&#8221;22px&#8221; price_font_size=&#8221;14px&#8221; min_height=&#8221;504px&#8221; custom_margin=&#8221;||||false|false&#8221; custom_padding=&#8221;25px||0px||false|false&#8221; title_font_size_last_edited=&#8221;off|desktop&#8221; pac_drh_column_numbers_phone=&#8221;pac_drh_ph_col_two&#8221; locked=&#8221;off&#8221; global_colors_info=&#8221;{}&#8221;][\/et_pb_shop][\/et_pb_column][\/et_pb_row][\/et_pb_section]<\/p>\n","protected":false},"excerpt":{"rendered":"<p>Allgemeines Wohlbefinden steigern mit \u00e4therischen \u00d6len\u00c4therische \u00d6le k\u00f6nnen dich wunderbar dabei unterst\u00fctzen, dein k\u00f6rperliches und seelisches Wohlbefinden zu st\u00e4rken. Starte mit Energie, Kraft und Leichtigkeit in den Tag. G\u00f6nne dir Entspannung und Belebung w\u00e4hrend des Tages. Verwandel dein Zuhause zu einer Wellnessoase und einem wertvollen Spa-Aufenthalt, wann immer es dir gef\u00e4llt.\u00dcbersichtAusgleich || Energetisierend || Energiebooster [&hellip;]<\/p>\n","protected":false},"author":1,"featured_media":0,"parent":0,"menu_order":0,"comment_status":"closed","ping_status":"closed","template":"","meta":{"_et_pb_use_builder":"on","_et_pb_old_content":"","_et_gb_content_width":"","footnotes":""},"categories":[2070],"_links":{"self":[{"href":"https:\/\/www.magnolioworld.com\/green-ch\/wp-json\/wp\/v2\/pages\/3220"}],"collection":[{"href":"https:\/\/www.magnolioworld.com\/green-ch\/wp-json\/wp\/v2\/pages"}],"about":[{"href":"https:\/\/www.magnolioworld.com\/green-ch\/wp-json\/wp\/v2\/types\/page"}],"author":[{"embeddable":true,"href":"https:\/\/www.magnolioworld.com\/green-ch\/wp-json\/wp\/v2\/users\/1"}],"replies":[{"embeddable":true,"href":"https:\/\/www.magnolioworld.com\/green-ch\/wp-json\/wp\/v2\/comments?post=3220"}],"version-history":[{"count":1,"href":"https:\/\/www.magnolioworld.com\/green-ch\/wp-json\/wp\/v2\/pages\/3220\/revisions"}],"predecessor-version":[{"id":13553,"href":"https:\/\/www.magnolioworld.com\/green-ch\/wp-json\/wp\/v2\/pages\/3220\/revisions\/13553"}],"wp:attachment":[{"href":"https:\/\/www.magnolioworld.com\/green-ch\/wp-json\/wp\/v2\/media?parent=3220"}],"wp:term":[{"taxonomy":"category","embeddable":true,"href":"https:\/\/www.magnolioworld.com\/green-ch\/wp-json\/wp\/v2\/categories?post=3220"}],"curies":[{"name":"wp","href":"https:\/\/api.w.org\/{rel}","templated":true}]}}