{"id":30,"date":"2020-04-10T11:55:20","date_gmt":"2020-04-10T09:55:20","guid":{"rendered":"https:\/\/www.magnolio.shop\/?page_id=30"},"modified":"2024-02-01T00:03:10","modified_gmt":"2024-01-31T23:03:10","slug":"qualitaet-von-aetherischen-oelen","status":"publish","type":"page","link":"https:\/\/www.magnolioworld.com\/green-ch\/qualitaet-von-aetherischen-oelen\/","title":{"rendered":"Men\u00fc | Sonstige | Qualit\u00e4t von \u00e4therischen \u00d6len"},"content":{"rendered":"<p>[et_pb_section fb_built=&#8221;1&#8243; _builder_version=&#8221;4.16&#8243; custom_padding=&#8221;30px||33px|||&#8221; global_colors_info=&#8221;{}&#8221;][et_pb_row admin_label=&#8221;Titelbild&#8221; _builder_version=&#8221;4.16&#8243; background_image=&#8221;https:\/\/www.magnolioworld.com\/green-ch\/wp-content\/uploads\/Hintergrund-doTerra-Oele.jpg&#8221; height=&#8221;220px&#8221; custom_margin=&#8221;||0px||false|false&#8221; custom_padding=&#8221;||0px||false|false&#8221; border_width_all=&#8221;10px&#8221; border_color_all=&#8221;#ffffff&#8221; box_shadow_style=&#8221;preset1&#8243; box_shadow_blur=&#8221;10px&#8221; box_shadow_color=&#8221;#9b9b9b&#8221; locked=&#8221;off&#8221; global_colors_info=&#8221;{}&#8221;][et_pb_column type=&#8221;4_4&#8243; _builder_version=&#8221;4.16&#8243; global_colors_info=&#8221;{}&#8221;][\/et_pb_column][\/et_pb_row][et_pb_row column_structure=&#8221;2_3,1_3&#8243; _builder_version=&#8221;4.17.4&#8243; _module_preset=&#8221;default&#8221; custom_padding=&#8221;26px||23px|||&#8221; global_colors_info=&#8221;{}&#8221;][et_pb_column type=&#8221;2_3&#8243; _builder_version=&#8221;4.17.4&#8243; _module_preset=&#8221;default&#8221; global_colors_info=&#8221;{}&#8221;][et_pb_text _builder_version=&#8221;4.17.4&#8243; header_line_height=&#8221;1.2em&#8221; global_colors_info=&#8221;{}&#8221;]<\/p>\n<h1>H\u00f6chste Qualit\u00e4t, Transparenz und Vertrauen<\/h1>\n<p>Wusstest du, dass zwischen der Qualit\u00e4t \u00e4therischer \u00d6le Welten liegen? Mittlerweile bieten sogar Superm\u00e4rkte \u00e4therische \u00d6le an, die den Geldbeutel schonen, aber die Gesundheit gef\u00e4hrden k\u00f6nnen. Sogar die Apotheke bieten dir \u00e4therische \u00d6le an, auf denen gro\u00dfe Warnhinweise dringend vor der Einnahme der \u00d6le warnen. Wie kann das sein? Und wieso ist es so schwer an sichere und kraftvolle \u00d6le zu kommen?<\/p>\n<p>Zum einen gibt es leider keinen Qualit\u00e4tsstandard, an dem sich die Unternehmen halten m\u00fcssen. So passiert es h\u00e4ufig, dass den \u00d6len Tr\u00e4ger\u00f6le hinzugef\u00fcgt werden, um die Produktionsmenge zu erh\u00f6hen oder den Profit zu erh\u00f6hen. Noch kritischer wird es, wenn die \u00d6le verunreinigt sind oder z.B. dem Zimtrinden-\u00d6l das g\u00fcnstigere Kassia-\u00d6l hinzugef\u00fcgt wird, nur weil es eine \u00e4hnliche chemische Struktur hat und deutlich g\u00fcnstiger ist. doTERRA nimmt nat\u00fcrlich von allen Methoden der F\u00e4lschung und T\u00e4uschung Abstand.<\/p>\n<p>[\/et_pb_text][\/et_pb_column][et_pb_column type=&#8221;1_3&#8243; _builder_version=&#8221;4.17.4&#8243; _module_preset=&#8221;default&#8221; global_colors_info=&#8221;{}&#8221;][et_pb_image src=&#8221;https:\/\/www.magnolioworld.com\/green-ch\/wp-content\/uploads\/Maja-Sommer-05_Baum_1000px.png&#8221; alt=&#8221;doTERRA Magnolio Maja Zitronenbaum&#8221; title_text=&#8221;doTERRA Magnolio Maja Zitronenbaum&#8221; _builder_version=&#8221;4.17.4&#8243; _module_preset=&#8221;default&#8221; hover_enabled=&#8221;0&#8243; global_colors_info=&#8221;{}&#8221; height_last_edited=&#8221;on|phone&#8221; height_phone=&#8221;300px&#8221; module_alignment=&#8221;left&#8221; align=&#8221;center&#8221; sticky_enabled=&#8221;0&#8243;][\/et_pb_image][\/et_pb_column][\/et_pb_row][et_pb_row _builder_version=&#8221;4.16&#8243; custom_padding=&#8221;34px||28px|||&#8221; global_colors_info=&#8221;{}&#8221;][et_pb_column type=&#8221;4_4&#8243; _builder_version=&#8221;4.16&#8243; global_colors_info=&#8221;{}&#8221;][et_pb_text _builder_version=&#8221;4.17.4&#8243; global_colors_info=&#8221;{}&#8221;]<\/p>\n<h4 style=\"text-align: center;\">\u201e80% der \u00e4therischen \u00d6le werden auf irgendeine Weise verf\u00e4lscht.\u201c<br \/>Aromatic Plant Research Center<\/h4>\n<p>Zum anderen ist die Gewinnung \u00e4therischer \u00d6le ist ein hochkomplexer Prozess, der ohne modernste Wissenschaft nicht m\u00f6glich ist. Es m\u00fcssen sehr viele Rahmenbedingungen passen, um das bestm\u00f6gliche \u00d6l herstellen zu k\u00f6nnen. doTERRA hat sich verpflichtet die h\u00f6chstm\u00f6gliche Qualit\u00e4t zu bieten, die k\u00e4uflich erh\u00e4ltlich ist. So wird viel Zeit und Anstrengung in die Gewinnung von \u00d6len h\u00f6chster Qualit\u00e4t und Transparenz investiert. Es ist Zeit, dass die Menschen \u00e4therischen \u00d6len Vertrauen k\u00f6nnen.<\/p>\n<h2>Umfangreiche und kompromisslose Qualit\u00e4tstest<\/h2>\n<p>Damit du und deine Familie die reinsten, kraftvollsten und hochwirksamsten \u00d6le der Erde erh\u00e4ltst, durchl\u00e4uft jede Charge \u00d6l eine Batterie von rigorosen Test. Und das beste ist, du kannst die Tests von einem unabh\u00e4ngigen, verifizierten Drittlabor abrufen:<\/p>\n<p>[\/et_pb_text][et_pb_button button_url=&#8221;https:\/\/sourcetoyou.com\/de\/quality-reports&#8221; url_new_window=&#8221;on&#8221; button_text=&#8221;Pr\u00fcfe hier die Testberichte f\u00fcr dein \u00d6l&#8221; button_alignment=&#8221;center&#8221; _builder_version=&#8221;4.16&#8243; global_colors_info=&#8221;{}&#8221;][\/et_pb_button][\/et_pb_column][\/et_pb_row][et_pb_row column_structure=&#8221;3_5,2_5&#8243; _builder_version=&#8221;4.16&#8243; custom_padding=&#8221;31px||34px|||&#8221; global_colors_info=&#8221;{}&#8221;][et_pb_column type=&#8221;3_5&#8243; _builder_version=&#8221;4.16&#8243; global_colors_info=&#8221;{}&#8221;][et_pb_text _builder_version=&#8221;4.16&#8243; global_colors_info=&#8221;{}&#8221;]<\/p>\n<h3>Das Co-Impact-Sourcing: deutlich \u00fcber Fair Trade<\/h3>\n<p>F\u00fcr die h\u00f6chstm\u00f6gliche Qualit\u00e4t war es notwendig, auch die Art der Beschaffung komplett zu ver\u00e4ndern und so gr\u00fcndete das Unternehmen das Co-Impact-Sourcing. DoTERRA begann, Exklusivvertr\u00e4ge direkt mit den Bauern zu schlie\u00dfen. Diese Vertr\u00e4ge garantierte den Bauern und Familien ein monatliches, \u00fcberdurchschnittliches Gehalt (auch bei Missernten) und die Bauern verpflichteten sich im Gegenzug die Pflanzen erst abzubauen, wenn der optimale Zeitpunkt gekommen war. Das war revolution\u00e4r!<\/p>\n<p>[\/et_pb_text][\/et_pb_column][et_pb_column type=&#8221;2_5&#8243; _builder_version=&#8221;4.16&#8243; global_colors_info=&#8221;{}&#8221;][et_pb_image src=&#8221;https:\/\/www.magnolioworld.com\/green-ch\/wp-content\/uploads\/Maja-Sommer-05_Bauer_1000px.png&#8221; alt=&#8221;Maja Bauer Co-impact-sourcing doTERRA&#8221; title_text=&#8221;Maja Bauer Co-impact-sourcing doTERRA&#8221; align=&#8221;center&#8221; _builder_version=&#8221;4.17.4&#8243; _module_preset=&#8221;default&#8221; height=&#8221;402px&#8221; hover_enabled=&#8221;0&#8243; global_colors_info=&#8221;{}&#8221; height_last_edited=&#8221;on|phone&#8221; height_phone=&#8221;300px&#8221; sticky_enabled=&#8221;0&#8243; height_tablet=&#8221;402px&#8221;][\/et_pb_image][\/et_pb_column][\/et_pb_row][et_pb_row _builder_version=&#8221;4.16&#8243; custom_padding=&#8221;23px||25px|||&#8221; global_colors_info=&#8221;{}&#8221;][et_pb_column type=&#8221;4_4&#8243; _builder_version=&#8221;4.16&#8243; global_colors_info=&#8221;{}&#8221;][et_pb_text _builder_version=&#8221;4.16&#8243; global_colors_info=&#8221;{}&#8221;]<\/p>\n<p>Heutzutage Leben weit \u00fcber 20.000 Familien vom Co-Impact-Sourcing (\u00fcberwiegend in den Dritte-Welt-L\u00e4ndern). Es erm\u00f6glicht den Menschen in ihr Land zur\u00fcckzukehren, um dort f\u00fcr ihre Familie sorgen zu k\u00f6nnen. Au\u00dferdem werden mit dem Co-Impact-Sourcing und der Healing-Hands-Foundation Wasserleitungen verlegt, Schulen oder Krankenh\u00e4user gebaut oder bei Naturkatastrophen Soforthilfen geliefert. Das folgende Video fasst noch mal sehr sch\u00f6n zusammen, wie beeindruckend das Co-Impact-Sourcing-Konzept ist. Einfach zur\u00fccklehnen und staunen:<\/p>\n<p>[\/et_pb_text][\/et_pb_column][\/et_pb_row][et_pb_row column_structure=&#8221;1_5,3_5,1_5&#8243; _builder_version=&#8221;4.16&#8243; custom_padding=&#8221;11px||14px|||&#8221; global_colors_info=&#8221;{}&#8221;][et_pb_column type=&#8221;1_5&#8243; _builder_version=&#8221;4.16&#8243; global_colors_info=&#8221;{}&#8221;][\/et_pb_column][et_pb_column type=&#8221;3_5&#8243; _builder_version=&#8221;4.16&#8243; global_colors_info=&#8221;{}&#8221;][et_pb_code admin_label=&#8221;Code &#8211; Youtube Video&#8221; _builder_version=&#8221;4.16&#8243; text_orientation=&#8221;center&#8221; border_width_all=&#8221;10px&#8221; border_color_all=&#8221;#ffffff&#8221; box_shadow_style=&#8221;preset1&#8243; box_shadow_blur=&#8221;10px&#8221; box_shadow_color=&#8221;#9b9b9b&#8221; global_colors_info=&#8221;{}&#8221;] <\/p>\n<div class=\"brlbs-cmpnt-container brlbs-cmpnt-content-blocker\" data-borlabs-cookie-content-blocker-id=\"default\" data-borlabs-cookie-content=\"PGlmcmFtZSB3aWR0aD0iMTAwJSIgaGVpZ2h0PSI0MDAiIHNyYz0iaHR0cHM6Ly93d3cueW91dHViZS1ub2Nvb2tpZS5jb20vZW1iZWQvUTcwRUZBZGRaZEkiIGZyYW1lYm9yZGVyPSIwIiBhbGxvdz0iYWNjZWxlcm9tZXRlcjsgYXV0b3BsYXk7IGVuY3J5cHRlZC1tZWRpYTsgZ3lyb3Njb3BlOyBwaWN0dXJlLWluLXBpY3R1cmUiIGFsbG93ZnVsbHNjcmVlbj48L2lmcmFtZT4=\" >\n<div class=\"brlbs-cmpnt-cb-preset-a\">\n<p class=\"brlbs-cmpnt-cb-description\">Sie sehen gerade einen Platzhalterinhalt von <strong>Standard<\/strong>. Um auf den eigentlichen Inhalt zuzugreifen, klicken Sie auf den Button unten. Bitte beachten Sie, dass dabei Daten an Drittanbieter weitergegeben werden.<\/p>\n<div class=\"brlbs-cmpnt-cb-buttons\"> <a class=\"brlbs-cmpnt-cb-btn\" href=\"#\" data-borlabs-cookie-unblock role=\"button\">Inhalt entsperren<\/a> <a class=\"brlbs-cmpnt-cb-btn\" href=\"#\" data-borlabs-cookie-accept-service role=\"button\" style=\"display: none\">Erforderlichen Service akzeptieren und Inhalte entsperren<\/a> <\/div>\n<p> <a class=\"brlbs-cmpnt-cb-provider-toggle\" href=\"#\" data-borlabs-cookie-show-provider-information role=\"button\">Weitere Informationen<\/a> <\/div>\n<\/div>\n<p>[\/et_pb_code][\/et_pb_column][et_pb_column type=&#8221;1_5&#8243; _builder_version=&#8221;4.16&#8243; global_colors_info=&#8221;{}&#8221;][\/et_pb_column][\/et_pb_row][\/et_pb_section]<\/p>\n","protected":false},"excerpt":{"rendered":"<p>H\u00f6chste Qualit\u00e4t, Transparenz und Vertrauen Wusstest du, dass zwischen der Qualit\u00e4t \u00e4therischer \u00d6le Welten liegen? Mittlerweile bieten sogar Superm\u00e4rkte \u00e4therische \u00d6le an, die den Geldbeutel schonen, aber die Gesundheit gef\u00e4hrden k\u00f6nnen. Sogar die Apotheke bieten dir \u00e4therische \u00d6le an, auf denen gro\u00dfe Warnhinweise dringend vor der Einnahme der \u00d6le warnen. Wie kann das sein? Und [&hellip;]<\/p>\n","protected":false},"author":1,"featured_media":0,"parent":0,"menu_order":0,"comment_status":"closed","ping_status":"closed","template":"","meta":{"_et_pb_use_builder":"on","_et_pb_old_content":"","_et_gb_content_width":"","footnotes":""},"categories":[2080],"_links":{"self":[{"href":"https:\/\/www.magnolioworld.com\/green-ch\/wp-json\/wp\/v2\/pages\/30"}],"collection":[{"href":"https:\/\/www.magnolioworld.com\/green-ch\/wp-json\/wp\/v2\/pages"}],"about":[{"href":"https:\/\/www.magnolioworld.com\/green-ch\/wp-json\/wp\/v2\/types\/page"}],"author":[{"embeddable":true,"href":"https:\/\/www.magnolioworld.com\/green-ch\/wp-json\/wp\/v2\/users\/1"}],"replies":[{"embeddable":true,"href":"https:\/\/www.magnolioworld.com\/green-ch\/wp-json\/wp\/v2\/comments?post=30"}],"version-history":[{"count":1,"href":"https:\/\/www.magnolioworld.com\/green-ch\/wp-json\/wp\/v2\/pages\/30\/revisions"}],"predecessor-version":[{"id":13148,"href":"https:\/\/www.magnolioworld.com\/green-ch\/wp-json\/wp\/v2\/pages\/30\/revisions\/13148"}],"wp:attachment":[{"href":"https:\/\/www.magnolioworld.com\/green-ch\/wp-json\/wp\/v2\/media?parent=30"}],"wp:term":[{"taxonomy":"category","embeddable":true,"href":"https:\/\/www.magnolioworld.com\/green-ch\/wp-json\/wp\/v2\/categories?post=30"}],"curies":[{"name":"wp","href":"https:\/\/api.w.org\/{rel}","templated":true}]}}