{"id":18,"date":"2020-04-10T11:22:54","date_gmt":"2020-04-10T09:22:54","guid":{"rendered":"https:\/\/www.magnolio.shop\/versandarten\/"},"modified":"2024-03-13T15:02:06","modified_gmt":"2024-03-13T14:02:06","slug":"versandarten","status":"publish","type":"page","link":"https:\/\/www.magnolioworld.com\/green-ch\/versandarten\/","title":{"rendered":"Men\u00fc | System | Versandarten"},"content":{"rendered":"<p>[et_pb_section fb_built=&#8221;1&#8243; _builder_version=&#8221;4.16&#8243; global_colors_info=&#8221;{}&#8221;][et_pb_row _builder_version=&#8221;4.16&#8243; global_colors_info=&#8221;{}&#8221;][et_pb_column type=&#8221;4_4&#8243; _builder_version=&#8221;4.16&#8243; global_colors_info=&#8221;{}&#8221;][et_pb_text _builder_version=&#8221;4.24.0&#8243; hover_enabled=&#8221;0&#8243; global_colors_info=&#8221;{}&#8221; sticky_enabled=&#8221;0&#8243;]<\/p>\n<h1>Preise, Versandkosten und Lieferinformationen<\/h1>\n<p>Die auf den Produktseiten genannten Preise enthalten die gesetzliche Mehrwertsteuer und sonstige Preisbestandteile.<\/p>\n<p><strong>Kostenloser Versand ab 100 \u20ac Einkauf.<\/strong><\/p>\n<p>Unter 100 \u20ac ergibt sich eine Geb\u00fchr von 16,16 \u20ac<\/p>\n<p>Die Versandkosten werden Ihnen im Warenkorbsystem und auf der Bestellseite nochmals deutlich mitgeteilt.<\/p>\n<p>F\u00fcr digitale Inhalte (E-Books, Software, etc.) fallen keine Versandkosten an.<\/p>\n<p>Die Versandkostenpauschale enth\u00e4lt die gesetzliche Mehrwertsteuer. Da die Mehrwertsteuer auf die Versandkostenpauschale abh\u00e4ngig von den erworbenen Waren berechnet wird, kann sie sich mindern, wenn Waren zu niedrigeren Umsatzsteuers\u00e4tzen erworben werden (z.B. bei Erwerb von B\u00fcchern). Das bedeutet, dass die Versandkostenpauschale erst im Rahmen des Bestellprozesses endg\u00fcltig berechnet werden kann. Sie kann dabei jedoch nicht h\u00f6her, sondern nur zu Ihren Gunsten niedriger werden.<\/p>\n<p>Der Versand erfolgt nur in die Schweiz. Weitere L\u00e4nder findest du in der L\u00e4nderauswahl oder auf <a href=\"https:\/\/www.magnolioworld.com\">www.magnolioworld.com<\/a><\/p>\n<p>[\/et_pb_text][\/et_pb_column][\/et_pb_row][\/et_pb_section]<\/p>\n","protected":false},"excerpt":{"rendered":"<p>Preise, Versandkosten und Lieferinformationen Die auf den Produktseiten genannten Preise enthalten die gesetzliche Mehrwertsteuer und sonstige Preisbestandteile. Kostenloser Versand ab 100 \u20ac Einkauf. Unter 100 \u20ac ergibt sich eine Geb\u00fchr von 16,16 \u20ac Die Versandkosten werden Ihnen im Warenkorbsystem und auf der Bestellseite nochmals deutlich mitgeteilt. F\u00fcr digitale Inhalte (E-Books, Software, etc.) fallen keine Versandkosten [&hellip;]<\/p>\n","protected":false},"author":1,"featured_media":0,"parent":0,"menu_order":0,"comment_status":"closed","ping_status":"closed","template":"","meta":{"_et_pb_use_builder":"on","_et_pb_old_content":"","_et_gb_content_width":"","footnotes":""},"categories":[2122],"_links":{"self":[{"href":"https:\/\/www.magnolioworld.com\/green-ch\/wp-json\/wp\/v2\/pages\/18"}],"collection":[{"href":"https:\/\/www.magnolioworld.com\/green-ch\/wp-json\/wp\/v2\/pages"}],"about":[{"href":"https:\/\/www.magnolioworld.com\/green-ch\/wp-json\/wp\/v2\/types\/page"}],"author":[{"embeddable":true,"href":"https:\/\/www.magnolioworld.com\/green-ch\/wp-json\/wp\/v2\/users\/1"}],"replies":[{"embeddable":true,"href":"https:\/\/www.magnolioworld.com\/green-ch\/wp-json\/wp\/v2\/comments?post=18"}],"version-history":[{"count":1,"href":"https:\/\/www.magnolioworld.com\/green-ch\/wp-json\/wp\/v2\/pages\/18\/revisions"}],"predecessor-version":[{"id":13682,"href":"https:\/\/www.magnolioworld.com\/green-ch\/wp-json\/wp\/v2\/pages\/18\/revisions\/13682"}],"wp:attachment":[{"href":"https:\/\/www.magnolioworld.com\/green-ch\/wp-json\/wp\/v2\/media?parent=18"}],"wp:term":[{"taxonomy":"category","embeddable":true,"href":"https:\/\/www.magnolioworld.com\/green-ch\/wp-json\/wp\/v2\/categories?post=18"}],"curies":[{"name":"wp","href":"https:\/\/api.w.org\/{rel}","templated":true}]}}