{"id":10274,"date":"2023-08-10T15:53:10","date_gmt":"2023-08-10T13:53:10","guid":{"rendered":"https:\/\/www.magnolioworld.com\/green-ch\/?page_id=10274"},"modified":"2024-03-09T04:45:42","modified_gmt":"2024-03-09T03:45:42","slug":"bonuspunkte","status":"publish","type":"page","link":"https:\/\/www.magnolioworld.com\/green-ch\/bonuspunkte\/","title":{"rendered":"Men\u00fc | Bonuspunkte"},"content":{"rendered":"<p>[et_pb_section fb_built=&#8221;1&#8243; _builder_version=&#8221;4.16&#8243; _module_preset=&#8221;default&#8221; custom_margin=&#8221;||0px||false|false&#8221; custom_padding=&#8221;30px||0px||false|false&#8221; locked=&#8221;off&#8221; global_colors_info=&#8221;{}&#8221;][et_pb_row module_id=&#8221;bonuspunkte&#8221; _builder_version=&#8221;4.19.4&#8243; _module_preset=&#8221;7185cd9d-ba08-407a-bf45-beb27ccfd988&#8243; custom_padding=&#8221;29px||0px|||&#8221; global_colors_info=&#8221;{}&#8221;][et_pb_column type=&#8221;4_4&#8243; _builder_version=&#8221;4.19.4&#8243; _module_preset=&#8221;default&#8221; global_colors_info=&#8221;{}&#8221;][et_pb_text _builder_version=&#8221;4.19.4&#8243; _module_preset=&#8221;8b103b96-ac66-490f-a48a-d7517a3cbd61&#8243; header_text_align=&#8221;center&#8221; header_text_color=&#8221;#838ad8&#8243; header_2_text_align=&#8221;center&#8221; header_2_text_color=&#8221;#838AD8&#8243; header_3_text_align=&#8221;center&#8221; header_3_text_color=&#8221;#838AD8&#8243; custom_margin=&#8221;||0px||false|false&#8221; custom_padding=&#8221;||0px|||&#8221; header_font_size_tablet=&#8221;&#8221; header_font_size_phone=&#8221;34px&#8221; header_font_size_last_edited=&#8221;on|phone&#8221; global_colors_info=&#8221;{}&#8221;]<\/p>\n<h1>Mit Bonuspunkten macht das Sparen noch mehr Spa\u00df<\/h1>\n<p>[\/et_pb_text][et_pb_text _builder_version=&#8221;4.22.2&#8243; _module_preset=&#8221;8b103b96-ac66-490f-a48a-d7517a3cbd61&#8243; text_orientation=&#8221;center&#8221; locked=&#8221;off&#8221; global_colors_info=&#8221;{}&#8221;]<\/p>\n<p>Wir haben mit unserem Punktesystem eine lukrative und einfache M\u00f6glichkeit geschaffen, jede Bestellung mit Bonuspunkten zu belohnen.<\/p>\n<p>[\/et_pb_text][et_pb_image src=&#8221;https:\/\/www.magnolioworld.com\/green-ch\/wp-content\/uploads\/Bonuspunkte-sammeln3.jpg&#8221; title_text=&#8221;Bonuspunkte sammeln3&#8243; force_fullwidth=&#8221;on&#8221; _builder_version=&#8221;4.19.4&#8243; _module_preset=&#8221;default&#8221; background_image=&#8221;https:\/\/www.magnolioworld.com\/green-ch\/wp-content\/uploads\/Cleanse-and-Restore.png&#8221; border_width_all=&#8221;10px&#8221; border_color_all=&#8221;#ffffff&#8221; box_shadow_style=&#8221;preset1&#8243; box_shadow_blur=&#8221;10px&#8221; box_shadow_color=&#8221;#9b9b9b&#8221; global_colors_info=&#8221;{}&#8221;][\/et_pb_image][\/et_pb_column][\/et_pb_row][et_pb_row _builder_version=&#8221;4.19.4&#8243; _module_preset=&#8221;7185cd9d-ba08-407a-bf45-beb27ccfd988&#8243; custom_padding=&#8221;29px||27px|||&#8221; global_colors_info=&#8221;{}&#8221;][et_pb_column type=&#8221;4_4&#8243; _builder_version=&#8221;4.19.4&#8243; _module_preset=&#8221;default&#8221; global_colors_info=&#8221;{}&#8221;][et_pb_text _builder_version=&#8221;4.19.4&#8243; _module_preset=&#8221;8b103b96-ac66-490f-a48a-d7517a3cbd61&#8243; text_text_color=&#8221;#777777&#8243; text_font_size=&#8221;22px&#8221; header_text_color=&#8221;#c6a51d&#8221; custom_margin=&#8221;||15px||false|false&#8221; custom_padding=&#8221;||||false|false&#8221; global_colors_info=&#8221;{}&#8221;]<\/p>\n<p>Punkte sammeln<\/p>\n<p>[\/et_pb_text][et_pb_text _builder_version=&#8221;4.22.2&#8243; _module_preset=&#8221;8b103b96-ac66-490f-a48a-d7517a3cbd61&#8243; custom_margin=&#8221;||9px|||&#8221; locked=&#8221;off&#8221; global_colors_info=&#8221;{}&#8221;]<\/p>\n<table style=\"height: 50px; width: 100%; border-collapse: collapse; background-color: #fff;\" border=\"0\">\n<tbody>\n<tr style=\"height: 10px;\">\n<td style=\"width: 20%; height: 10px;\"><span style=\"font-weight: bold; color: #838ad8;\">1 Punkt<\/span><\/td>\n<td style=\"width: 80%; height: 10px;\">pro 1\u20ac Produktwert<\/td>\n<\/tr>\n<\/tbody>\n<\/table>\n<p>[\/et_pb_text][et_pb_text _builder_version=&#8221;4.19.4&#8243; _module_preset=&#8221;8b103b96-ac66-490f-a48a-d7517a3cbd61&#8243; text_text_color=&#8221;#777777&#8243; text_font_size=&#8221;22px&#8221; header_text_color=&#8221;#c6a51d&#8221; custom_margin=&#8221;||15px||false|false&#8221; custom_padding=&#8221;||||false|false&#8221; global_colors_info=&#8221;{}&#8221;]<\/p>\n<p>Punkte einl\u00f6sen<\/p>\n<p>[\/et_pb_text][et_pb_text _builder_version=&#8221;4.19.4&#8243; _module_preset=&#8221;8b103b96-ac66-490f-a48a-d7517a3cbd61&#8243; custom_margin=&#8221;||9px|||&#8221; locked=&#8221;off&#8221; global_colors_info=&#8221;{}&#8221;]<\/p>\n<table style=\"height: 82px; width: 100%; border-collapse: collapse; background-color: #ffffff;\" border=\"0\">\n<tbody>\n<tr style=\"height: 24px;\">\n<td style=\"width: 20%; height: 24px;\"><span style=\"font-weight: bold; color: #838ad8;\">50 Punkte<br \/><\/span><\/td>\n<td style=\"width: 80%; height: 24px;\">= 0,50 \u20ac<\/td>\n<\/tr>\n<tr style=\"height: 10px;\">\n<td style=\"width: 20%; height: 10px;\"><span style=\"font-weight: bold; color: #838ad8;\">100 Punkte<\/span><\/td>\n<td style=\"width: 80%; height: 10px;\">= 1,00 \u20ac<\/td>\n<\/tr>\n<tr style=\"height: 24px;\">\n<td style=\"width: 20%; height: 24px;\"><span style=\"font-weight: bold; color: #838ad8;\">162 Punkte<br \/><\/span><\/td>\n<td style=\"width: 80%; height: 24px;\">= 1,62 \u20ac<\/td>\n<\/tr>\n<tr style=\"height: 24px;\">\n<td style=\"width: 20%; height: 24px;\"><span style=\"font-weight: bold; color: #838ad8;\">1000 Punkte<br \/><\/span><\/td>\n<td style=\"width: 80%; height: 24px;\">= 10,00 \u20ac<\/td>\n<\/tr>\n<\/tbody>\n<\/table>\n<p>[\/et_pb_text][\/et_pb_column][\/et_pb_row][et_pb_row disabled_on=&#8221;on|on|on&#8221; module_id=&#8221;bonuspunkte&#8221; _builder_version=&#8221;4.19.4&#8243; _module_preset=&#8221;7185cd9d-ba08-407a-bf45-beb27ccfd988&#8243; custom_padding=&#8221;29px||0px|||&#8221; disabled=&#8221;on&#8221; global_colors_info=&#8221;{}&#8221;][et_pb_column type=&#8221;4_4&#8243; _builder_version=&#8221;4.19.4&#8243; _module_preset=&#8221;default&#8221; global_colors_info=&#8221;{}&#8221;][et_pb_text _builder_version=&#8221;4.19.4&#8243; _module_preset=&#8221;8b103b96-ac66-490f-a48a-d7517a3cbd61&#8243; header_2_text_align=&#8221;center&#8221; header_2_text_color=&#8221;#838AD8&#8243; header_3_text_align=&#8221;center&#8221; header_3_text_color=&#8221;#838AD8&#8243; custom_margin=&#8221;||0px||false|false&#8221; custom_padding=&#8221;||0px|||&#8221; header_font_size_tablet=&#8221;&#8221; header_font_size_phone=&#8221;34px&#8221; header_font_size_last_edited=&#8221;on|phone&#8221; global_colors_info=&#8221;{}&#8221;]<\/p>\n<h3>Beispiele<\/h3>\n<p>[\/et_pb_text][et_pb_text _builder_version=&#8221;4.19.4&#8243; _module_preset=&#8221;8b103b96-ac66-490f-a48a-d7517a3cbd61&#8243; text_orientation=&#8221;center&#8221; locked=&#8221;off&#8221; global_colors_info=&#8221;{}&#8221;]<\/p>\n<p>Im folgenden Beispiel rechnen wir mit den Kleinen Allesk\u00f6nnern. Dies ist ein Sparpaket inkl. Goldkunde.<\/p>\n<p>[\/et_pb_text][\/et_pb_column][\/et_pb_row][et_pb_row column_structure=&#8221;1_2,1_2&#8243; disabled_on=&#8221;on|on|on&#8221; _builder_version=&#8221;4.19.4&#8243; _module_preset=&#8221;7185cd9d-ba08-407a-bf45-beb27ccfd988&#8243; custom_padding=&#8221;38px||37px||false|false&#8221; disabled=&#8221;on&#8221; global_colors_info=&#8221;{}&#8221;][et_pb_column type=&#8221;1_2&#8243; _builder_version=&#8221;4.17.3&#8243; _module_preset=&#8221;default&#8221; global_colors_info=&#8221;{}&#8221;][et_pb_text _builder_version=&#8221;4.19.4&#8243; _module_preset=&#8221;8b103b96-ac66-490f-a48a-d7517a3cbd61&#8243; text_text_color=&#8221;#777777&#8243; text_font_size=&#8221;27px&#8221; header_text_color=&#8221;#c6a51d&#8221; custom_margin=&#8221;||15px||false|false&#8221; custom_padding=&#8221;||||false|false&#8221; global_colors_info=&#8221;{}&#8221;]<\/p>\n<p>1. Bestellung Neukunde<\/p>\n<p>[\/et_pb_text][et_pb_text _builder_version=&#8221;4.19.4&#8243; _module_preset=&#8221;8b103b96-ac66-490f-a48a-d7517a3cbd61&#8243; locked=&#8221;off&#8221; global_colors_info=&#8221;{}&#8221;]<span style=\"font-weight: bold; color: #838ad8;\">+ 564 Punkte<\/span> (3 x Bonuspunkte)<br \/>\n<span style=\"font-weight: bold; color: #838ad8;\">+ 1000 Punkte<\/span> (Alle Bestellungen \u00fcber 100 \u20ac)<br \/>\n<span style=\"font-weight: bold; color: #838ad8;\">= 1362 Punkte<\/span><\/p>\n<p>Als Neukunde sparst du sofort <strong>36,16 \u20ac<\/strong> (16,16 \u20ac Versand + 25,20 \u20ac Sparpaket). Zus\u00e4tzlich bekommst du f\u00fcr die n\u00e4chste Bestellung Bonuspunkte im Wert von <strong>13,62 \u20ac<\/strong>.<\/p>\n<p>Durch dieses Sparpaket bist du au\u00dferdem <span class=\"txt-bold\" style=\"color: #c6a51d;\">Goldkunde<\/span> und sparst zus\u00e4tzlich 25% auf alle Produkte (au\u00dfer Sparpakete).[\/et_pb_text][\/et_pb_column][et_pb_column type=&#8221;1_2&#8243; _builder_version=&#8221;4.17.3&#8243; _module_preset=&#8221;default&#8221; global_colors_info=&#8221;{}&#8221;][et_pb_text _builder_version=&#8221;4.19.4&#8243; _module_preset=&#8221;8b103b96-ac66-490f-a48a-d7517a3cbd61&#8243; text_text_color=&#8221;#777777&#8243; text_font_size=&#8221;27px&#8221; header_text_color=&#8221;#c6a51d&#8221; custom_margin=&#8221;||15px||false|false&#8221; custom_padding=&#8221;||||false|false&#8221; global_colors_info=&#8221;{}&#8221;]<\/p>\n<p>2. Bestellung<\/p>\n<p>[\/et_pb_text][et_pb_text _builder_version=&#8221;4.19.4&#8243; _module_preset=&#8221;8b103b96-ac66-490f-a48a-d7517a3cbd61&#8243; locked=&#8221;off&#8221; global_colors_info=&#8221;{}&#8221;]<span style=\"font-weight: bold; color: #838ad8;\">+ 564 Punkte<\/span> (3 x Bonuspunkte)<br \/>\n<span style=\"font-weight: bold; color: #838ad8;\">+ 1000 Punkte<\/span> (Alle Bestellungen \u00fcber 100 \u20ac)<br \/>\n<span style=\"font-weight: bold; color: #838ad8;\">= 1362 Punkte<\/span><\/p>\n<p>Als Neukunde sparst du sofort <strong>36,16 \u20ac<\/strong> (16,16 \u20ac Versand + 25,20 \u20ac Sparpaket). Zus\u00e4tzlich bekommst du f\u00fcr die n\u00e4chste Bestellung Bonuspunkte im Wert von <strong>13,62 \u20ac<\/strong>.<\/p>\n<p>Durch dieses Sparpaket bist du au\u00dferdem <span class=\"txt-bold\" style=\"color: #c6a51d;\">Goldkunde<\/span> und sparst zus\u00e4tzlich 25% auf alle Produkte (au\u00dfer Sparpakete).[\/et_pb_text][et_pb_text _builder_version=&#8221;4.19.4&#8243; _module_preset=&#8221;8b103b96-ac66-490f-a48a-d7517a3cbd61&#8243; text_text_color=&#8221;#91B93C&#8221; text_font_size=&#8221;23px&#8221; text_line_height=&#8221;1.2em&#8221; header_text_color=&#8221;#c6a51d&#8221; custom_margin=&#8221;||15px||false|false&#8221; custom_padding=&#8221;||||false|false&#8221; global_colors_info=&#8221;{}&#8221;]<\/p>\n<p>Diverse Produkte<br \/>Bestellwert: 184,72\u20ac<\/p>\n<p>[\/et_pb_text][et_pb_text _builder_version=&#8221;4.19.4&#8243; _module_preset=&#8221;8b103b96-ac66-490f-a48a-d7517a3cbd61&#8243; text_text_color=&#8221;#8bad37&#8243; text_font_size=&#8221;23px&#8221; text_line_height=&#8221;1.2em&#8221; header_text_color=&#8221;#c6a51d&#8221; custom_margin=&#8221;||15px||false|false&#8221; custom_padding=&#8221;||||false|false&#8221; global_colors_info=&#8221;{}&#8221;]<span  style=\"color: #c6a51d;\">+ 1200 Bonuspunkte<\/span>[\/et_pb_text][et_pb_text _builder_version=&#8221;4.17.4&#8243; _module_preset=&#8221;8b103b96-ac66-490f-a48a-d7517a3cbd61&#8243; locked=&#8221;off&#8221; global_colors_info=&#8221;{}&#8221;]<\/p>\n<p>Die Emotionalen \u00d6le in den praktischen Roll-On Flaschen sind immer Einsatzbereit bei pl\u00f6tzlichen eintretenden Problemen.<\/p>\n<p>[\/et_pb_text][\/et_pb_column][\/et_pb_row][\/et_pb_section]<\/p>\n","protected":false},"excerpt":{"rendered":"<p>Mit Bonuspunkten macht das Sparen noch mehr Spa\u00dfWir haben mit unserem Punktesystem eine lukrative und einfache M\u00f6glichkeit geschaffen, jede Bestellung mit Bonuspunkten zu belohnen.Punkte sammeln 1 Punkt pro 1\u20ac Produktwert Punkte einl\u00f6sen 50 Punkte = 0,50 \u20ac 100 Punkte = 1,00 \u20ac 162 Punkte = 1,62 \u20ac 1000 Punkte = 10,00 \u20ac BeispieleIm folgenden Beispiel [&hellip;]<\/p>\n","protected":false},"author":1,"featured_media":0,"parent":0,"menu_order":0,"comment_status":"closed","ping_status":"closed","template":"","meta":{"_et_pb_use_builder":"on","_et_pb_old_content":"","_et_gb_content_width":"","footnotes":""},"categories":[2119],"_links":{"self":[{"href":"https:\/\/www.magnolioworld.com\/green-ch\/wp-json\/wp\/v2\/pages\/10274"}],"collection":[{"href":"https:\/\/www.magnolioworld.com\/green-ch\/wp-json\/wp\/v2\/pages"}],"about":[{"href":"https:\/\/www.magnolioworld.com\/green-ch\/wp-json\/wp\/v2\/types\/page"}],"author":[{"embeddable":true,"href":"https:\/\/www.magnolioworld.com\/green-ch\/wp-json\/wp\/v2\/users\/1"}],"replies":[{"embeddable":true,"href":"https:\/\/www.magnolioworld.com\/green-ch\/wp-json\/wp\/v2\/comments?post=10274"}],"version-history":[{"count":1,"href":"https:\/\/www.magnolioworld.com\/green-ch\/wp-json\/wp\/v2\/pages\/10274\/revisions"}],"predecessor-version":[{"id":13645,"href":"https:\/\/www.magnolioworld.com\/green-ch\/wp-json\/wp\/v2\/pages\/10274\/revisions\/13645"}],"wp:attachment":[{"href":"https:\/\/www.magnolioworld.com\/green-ch\/wp-json\/wp\/v2\/media?parent=10274"}],"wp:term":[{"taxonomy":"category","embeddable":true,"href":"https:\/\/www.magnolioworld.com\/green-ch\/wp-json\/wp\/v2\/categories?post=10274"}],"curies":[{"name":"wp","href":"https:\/\/api.w.org\/{rel}","templated":true}]}}